{"id":1049,"date":"2023-10-26T10:07:15","date_gmt":"2023-10-26T10:07:15","guid":{"rendered":"https:\/\/pim-blog.de\/home\/?page_id=1049"},"modified":"2024-01-19T09:25:46","modified_gmt":"2024-01-19T09:25:46","slug":"problemstellung-pim-kann-es-die-loesung-sein","status":"publish","type":"page","link":"https:\/\/pim-blog.de\/home\/inhalt\/3-2-1-ein-pim-projekt\/problemstellung-pim-kann-es-die-loesung-sein\/","title":{"rendered":"Problemstellung &#8211; PIM, kann es die L\u00f6sung sein?"},"content":{"rendered":"\t\t<div data-elementor-type=\"wp-page\" data-elementor-id=\"1049\" class=\"elementor elementor-1049\">\n\t\t\t\t\t\t<section class=\"elementor-section elementor-top-section elementor-element elementor-element-85fe05e elementor-section-boxed elementor-section-height-default elementor-section-height-default wpr-particle-no wpr-jarallax-no wpr-parallax-no wpr-sticky-section-no wpr-column-slider-no wpr-equal-height-no\" data-id=\"85fe05e\" data-element_type=\"section\" data-e-type=\"section\">\n\t\t\t\t\t\t<div class=\"elementor-container elementor-column-gap-default\">\n\t\t\t\t\t<div class=\"elementor-column elementor-col-100 elementor-top-column elementor-element elementor-element-c412431\" data-id=\"c412431\" data-element_type=\"column\" data-e-type=\"column\">\n\t\t\t<div class=\"elementor-widget-wrap elementor-element-populated\">\n\t\t\t\t\t\t<div class=\"elementor-element elementor-element-dac14ea elementor-widget elementor-widget-text-editor\" data-id=\"dac14ea\" data-element_type=\"widget\" data-e-type=\"widget\" data-widget_type=\"text-editor.default\">\n\t\t\t\t<div class=\"elementor-widget-container\">\n\t\t\t\t\t\t\t\t\t<p>Lasst uns zu Beginn erstmal herausfinden, warum wir ein PIM-System brauchen&#8230;sollten.<\/p>\n<p><span style=\"text-decoration: underline;\">Ausgangssituation:<\/span><\/p>\n<p>Fangen wir auf der sprichw\u00f6rtlichen &#8222;Gr\u00fcnen Wiese&#8220; an. Wir wollen ein Business starten und dazu einen kleinen Online-Shop er\u00f6ffnen. Da wir Autos und Tuning lieben, sollen Produkte aus den Kategorien Werkstatteinrichtung, Werkzeuge und Tuning-anbauteilen vertrieben werden. Damit ist die Grundidee geboren.<\/p>\n<p>Auf die ganze rechtliche Thematik gehe ich an dieser Stelle nicht ein, da wir uns mit Produkten, Varianten und Produktdaten wie Beschreibungen, Keywords, Attributen, Bildern und Videos besch\u00e4ftigen m\u00f6chten.<\/p>\n<p>Schlau gemacht haben wir uns bereits auch. Da wir keine Lagerfl\u00e4che haben und auch nichts m\u00fchsam verpacken wollen, haben wir Dropshipping-H\u00e4ndler gefunden, die auch mit kleinen Start-Ups zusammenarbeiten m\u00f6chten. Die Produkte sind somit zug\u00e4nglich.<\/p>\n<p>Jetzt brauchen wir noch einen Online-Shop und in der heutigen Zeit findet man schneller einen bezahlbaren Baukasten-Shop im Internet, als die \u00d6ffnungszeiten vom Zahnarzt um die Ecke. Kurz gesucht, gefunden und gebucht&#8230;es kann los gehen.<\/p>\n<p><span style=\"text-decoration: underline;\">Vorbereitungen:<\/span><\/p>\n<p>Ein gesondertes <a href=\"https:\/\/pim-blog.de\/home\/enzyklopaedie\/erp\/\">ERP-System<\/a> wollen wir nicht, alle Funktionalit\u00e4ten werden vom Shop-System abgedeckt und der Rest erfolgt per E-Mail.<\/p>\n<p>Der n\u00e4chste Schritt lautet also <strong>Artikel anlegen<\/strong>.<\/p>\n<p>Die Kernelemente eines Artikels lassen sich in Stammdaten und Marketingdaten unterteilen.<\/p>\n<p>Unter Stammdaten verstehen wir Elemente wie den Lieferanten, idealerweise identifizierbar \u00fcber eine eineindeutige ID, eine Bezeichnung, EAN oder GTIN, Marke, eventuelle Gefahrgut-Kennzeichnungen und nat\u00fcrlich Preise und ggf. Rabatte.<\/p>\n<p>Marketingdaten sind dementsprechend alle Informationen, die wir im Frontend dem Kunden zeigen oder f\u00fcr Suchen oder Filterungen benutzen k\u00f6nnen. Darunter fallen also modifizierte Internet-Bezeichnungen, technische Attribute, Produktbeschreibungen, Suchbegriffe, Keywords, Bulletpoints und die gesamte Asset-Palette von Produktbildern, Icons, Piktogrammen, Bedienungsanleitungen, technische Datenbl\u00e4tter, Sicherheitsdatenbl\u00e4tter, Montageanleitungen und Anwendungsvideos.<\/p>\n<p>Damit im Frontend auch etwas angezeigt werden kann, muss eine Shop-Struktur angelegt werden, ggf. sogar lokalisiert, d.h. in verschiedenen \u00dcbersetzungssprachen vorgehalten werden.<\/p>\n<p><span style=\"text-decoration: underline;\">Progress:<\/span><\/p>\n<p>Wir \u00f6ffnen unser E-Mail-Programm und die verschiedenen Lieferanten haben uns Daten zur Verf\u00fcgung gestellt. Und da offenbart sich das erste Problem.<\/p>\n<p>Eine Flut von unterschiedlichen Daten, Datenquellen, Dateiformaten, Standards, Download-Formate&#8230;wie soll man das schnell und fehlerfrei ins Backend und an die Produkte bekommen?<\/p>\n<p>Und welche Daten davon braucht man \u00fcberhaupt?<\/p>\n<p><span style=\"text-decoration: underline;\">Zwischenfazit:<\/span><\/p>\n<p>Eine einfache Daten\u00fcbernahme aus verschiedenen externen Quellen ist nicht ohne Weiteres m\u00f6glich. Der manuelle Aufwand ist immens, angefangen bei der Sichtung der Daten, der Sortierung \u00fcber die Transformation von Einheiten bis zur Vervollst\u00e4ndigung und Optimierung von Daten.<\/p>\n<p>Wir brauchen eine technische L\u00f6sung!<\/p>\t\t\t\t\t\t\t\t<\/div>\n\t\t\t\t<\/div>\n\t\t\t\t\t<\/div>\n\t\t<\/div>\n\t\t\t\t\t<\/div>\n\t\t<\/section>\n\t\t\t\t<section class=\"elementor-section elementor-top-section elementor-element elementor-element-38835f3 elementor-section-boxed elementor-section-height-default elementor-section-height-default wpr-particle-no wpr-jarallax-no wpr-parallax-no wpr-sticky-section-no wpr-column-slider-no wpr-equal-height-no\" data-id=\"38835f3\" data-element_type=\"section\" data-e-type=\"section\">\n\t\t\t\t\t\t<div class=\"elementor-container elementor-column-gap-default\">\n\t\t\t\t\t<div class=\"elementor-column elementor-col-100 elementor-top-column elementor-element elementor-element-ccc38b9\" data-id=\"ccc38b9\" data-element_type=\"column\" data-e-type=\"column\">\n\t\t\t<div class=\"elementor-widget-wrap elementor-element-populated\">\n\t\t\t\t\t\t<div class=\"elementor-element elementor-element-975dedb elementor-widget elementor-widget-text-editor\" data-id=\"975dedb\" data-element_type=\"widget\" data-e-type=\"widget\" data-widget_type=\"text-editor.default\">\n\t\t\t\t<div class=\"elementor-widget-container\">\n\t\t\t\t\t\t\t\t\t<p style=\"text-align: right;\"><a href=\"https:\/\/pim-blog.de\/home\/?page_id=1090\"><strong>Beginnen wir, uns mit den Daten zu besch\u00e4ftigen&#8230;<\/strong><\/a><\/p>\t\t\t\t\t\t\t\t<\/div>\n\t\t\t\t<\/div>\n\t\t\t\t\t<\/div>\n\t\t<\/div>\n\t\t\t\t\t<\/div>\n\t\t<\/section>\n\t\t\t\t<section class=\"elementor-section elementor-top-section elementor-element elementor-element-76c28e7 elementor-section-boxed elementor-section-height-default elementor-section-height-default wpr-particle-no wpr-jarallax-no wpr-parallax-no wpr-sticky-section-no wpr-column-slider-no wpr-equal-height-no\" data-id=\"76c28e7\" data-element_type=\"section\" data-e-type=\"section\">\n\t\t\t\t\t\t<div class=\"elementor-container elementor-column-gap-default\">\n\t\t\t\t\t<div class=\"elementor-column elementor-col-100 elementor-top-column elementor-element elementor-element-d37e40e\" data-id=\"d37e40e\" data-element_type=\"column\" data-e-type=\"column\">\n\t\t\t<div class=\"elementor-widget-wrap elementor-element-populated\">\n\t\t\t\t\t\t<div class=\"elementor-element elementor-element-fb1e7b6 elementor-widget elementor-widget-spacer\" data-id=\"fb1e7b6\" data-element_type=\"widget\" data-e-type=\"widget\" data-widget_type=\"spacer.default\">\n\t\t\t\t<div class=\"elementor-widget-container\">\n\t\t\t\t\t\t\t<div class=\"elementor-spacer\">\n\t\t\t<div class=\"elementor-spacer-inner\"><\/div>\n\t\t<\/div>\n\t\t\t\t\t\t<\/div>\n\t\t\t\t<\/div>\n\t\t\t\t\t<\/div>\n\t\t<\/div>\n\t\t\t\t\t<\/div>\n\t\t<\/section>\n\t\t\t\t<section class=\"elementor-section elementor-top-section elementor-element elementor-element-74e6374 elementor-section-boxed elementor-section-height-default elementor-section-height-default wpr-particle-no wpr-jarallax-no wpr-parallax-no wpr-sticky-section-no wpr-column-slider-no wpr-equal-height-no\" data-id=\"74e6374\" data-element_type=\"section\" data-e-type=\"section\">\n\t\t\t\t\t\t<div class=\"elementor-container elementor-column-gap-default\">\n\t\t\t\t\t<div class=\"elementor-column elementor-col-100 elementor-top-column elementor-element elementor-element-e99c702\" data-id=\"e99c702\" data-element_type=\"column\" data-e-type=\"column\">\n\t\t\t<div class=\"elementor-widget-wrap\">\n\t\t\t\t\t\t\t<\/div>\n\t\t<\/div>\n\t\t\t\t\t<\/div>\n\t\t<\/section>\n\t\t\t\t<section class=\"elementor-section elementor-top-section elementor-element elementor-element-ab601a1 elementor-section-boxed elementor-section-height-default elementor-section-height-default wpr-particle-no wpr-jarallax-no wpr-parallax-no wpr-sticky-section-no wpr-column-slider-no wpr-equal-height-no\" data-id=\"ab601a1\" data-element_type=\"section\" data-e-type=\"section\">\n\t\t\t\t\t\t<div class=\"elementor-container elementor-column-gap-default\">\n\t\t\t\t\t<div class=\"elementor-column elementor-col-100 elementor-top-column elementor-element elementor-element-1c12079\" data-id=\"1c12079\" data-element_type=\"column\" data-e-type=\"column\">\n\t\t\t<div class=\"elementor-widget-wrap elementor-element-populated\">\n\t\t\t\t\t\t<div class=\"elementor-element elementor-element-08bfaa4 elementor-align-center elementor-widget elementor-widget-button\" data-id=\"08bfaa4\" data-element_type=\"widget\" data-e-type=\"widget\" data-widget_type=\"button.default\">\n\t\t\t\t<div class=\"elementor-widget-container\">\n\t\t\t\t\t\t\t\t\t<div class=\"elementor-button-wrapper\">\n\t\t\t\t\t<a class=\"elementor-button elementor-button-link elementor-size-sm\" href=\"https:\/\/pim-blog.de\/home\/inhalt\/3-2-1-ein-pim-projekt\/\">\n\t\t\t\t\t\t<span class=\"elementor-button-content-wrapper\">\n\t\t\t\t\t\t\t\t\t<span class=\"elementor-button-text\">Zur\u00fcck zur \u00dcbersicht<\/span>\n\t\t\t\t\t<\/span>\n\t\t\t\t\t<\/a>\n\t\t\t\t<\/div>\n\t\t\t\t\t\t\t\t<\/div>\n\t\t\t\t<\/div>\n\t\t\t\t\t<\/div>\n\t\t<\/div>\n\t\t\t\t\t<\/div>\n\t\t<\/section>\n\t\t\t\t<\/div>\n\t\t","protected":false},"excerpt":{"rendered":"<p>Lasst uns zu Beginn erstmal herausfinden, warum wir ein PIM-System brauchen&#8230;sollten. Ausgangssituation: Fangen wir auf der sprichw\u00f6rtlichen &#8222;Gr\u00fcnen Wiese&#8220; an. Wir wollen ein Business starten und dazu einen kleinen Online-Shop er\u00f6ffnen. Da wir Autos und Tuning lieben, sollen Produkte aus den Kategorien Werkstatteinrichtung, Werkzeuge und Tuning-anbauteilen vertrieben werden. Damit ist die Grundidee geboren. Auf die ganze rechtliche Thematik gehe ich an dieser Stelle nicht ein, da wir uns mit Produkten, Varianten und Produktdaten wie Beschreibungen, Keywords, Attributen, Bildern und Videos besch\u00e4ftigen m\u00f6chten. Schlau gemacht haben wir uns bereits auch. Da wir keine Lagerfl\u00e4che haben und auch nichts m\u00fchsam verpacken wollen, haben wir Dropshipping-H\u00e4ndler gefunden, die auch mit kleinen Start-Ups zusammenarbeiten m\u00f6chten. Die Produkte sind somit zug\u00e4nglich. Jetzt brauchen wir noch einen Online-Shop und in der heutigen Zeit findet man schneller einen bezahlbaren Baukasten-Shop im Internet, als die \u00d6ffnungszeiten vom Zahnarzt um die Ecke. Kurz gesucht, gefunden und gebucht&#8230;es kann los gehen. Vorbereitungen: Ein gesondertes ERP-System wollen wir nicht, alle Funktionalit\u00e4ten werden vom Shop-System abgedeckt und der Rest erfolgt per E-Mail. Der n\u00e4chste Schritt lautet also Artikel anlegen. Die Kernelemente eines Artikels lassen sich in Stammdaten und Marketingdaten unterteilen. Unter Stammdaten verstehen wir Elemente wie den Lieferanten, idealerweise identifizierbar \u00fcber eine eineindeutige ID, eine Bezeichnung, EAN oder GTIN, Marke, eventuelle Gefahrgut-Kennzeichnungen und nat\u00fcrlich Preise und ggf. Rabatte. Marketingdaten sind dementsprechend alle Informationen, die wir im Frontend dem Kunden zeigen oder f\u00fcr Suchen oder Filterungen benutzen k\u00f6nnen. Darunter fallen also modifizierte Internet-Bezeichnungen, technische Attribute, Produktbeschreibungen, Suchbegriffe, Keywords, Bulletpoints und die gesamte Asset-Palette von Produktbildern, Icons, Piktogrammen, Bedienungsanleitungen, technische Datenbl\u00e4tter, Sicherheitsdatenbl\u00e4tter, Montageanleitungen und Anwendungsvideos. Damit im Frontend auch etwas angezeigt werden kann, muss eine Shop-Struktur angelegt werden, ggf. sogar lokalisiert, d.h. in verschiedenen \u00dcbersetzungssprachen vorgehalten werden. Progress: Wir \u00f6ffnen unser E-Mail-Programm und die verschiedenen Lieferanten haben uns Daten zur Verf\u00fcgung gestellt. Und da offenbart sich das erste Problem. Eine Flut von unterschiedlichen Daten, Datenquellen, Dateiformaten, Standards, Download-Formate&#8230;wie soll man das schnell und fehlerfrei ins Backend und an die Produkte bekommen? Und welche Daten davon braucht man \u00fcberhaupt? Zwischenfazit: Eine einfache Daten\u00fcbernahme aus verschiedenen externen Quellen ist nicht ohne Weiteres m\u00f6glich. Der manuelle Aufwand ist immens, angefangen bei der Sichtung der Daten, der Sortierung \u00fcber die Transformation von Einheiten bis zur Vervollst\u00e4ndigung und Optimierung von Daten. Wir brauchen eine technische L\u00f6sung! Beginnen wir, uns mit den Daten zu besch\u00e4ftigen&#8230; Zur\u00fcck zur \u00dcbersicht<\/p>\n","protected":false},"author":1,"featured_media":0,"parent":192,"menu_order":2,"comment_status":"closed","ping_status":"closed","template":"","meta":{"footnotes":""},"class_list":["post-1049","page","type-page","status-publish","hentry"],"aioseo_notices":[],"_links":{"self":[{"href":"https:\/\/pim-blog.de\/home\/wp-json\/wp\/v2\/pages\/1049","targetHints":{"allow":["GET"]}}],"collection":[{"href":"https:\/\/pim-blog.de\/home\/wp-json\/wp\/v2\/pages"}],"about":[{"href":"https:\/\/pim-blog.de\/home\/wp-json\/wp\/v2\/types\/page"}],"author":[{"embeddable":true,"href":"https:\/\/pim-blog.de\/home\/wp-json\/wp\/v2\/users\/1"}],"replies":[{"embeddable":true,"href":"https:\/\/pim-blog.de\/home\/wp-json\/wp\/v2\/comments?post=1049"}],"version-history":[{"count":61,"href":"https:\/\/pim-blog.de\/home\/wp-json\/wp\/v2\/pages\/1049\/revisions"}],"predecessor-version":[{"id":2305,"href":"https:\/\/pim-blog.de\/home\/wp-json\/wp\/v2\/pages\/1049\/revisions\/2305"}],"up":[{"embeddable":true,"href":"https:\/\/pim-blog.de\/home\/wp-json\/wp\/v2\/pages\/192"}],"wp:attachment":[{"href":"https:\/\/pim-blog.de\/home\/wp-json\/wp\/v2\/media?parent=1049"}],"curies":[{"name":"wp","href":"https:\/\/api.w.org\/{rel}","templated":true}]}}