{"id":1292,"date":"2023-11-10T12:33:13","date_gmt":"2023-11-10T12:33:13","guid":{"rendered":"https:\/\/pim-blog.de\/home\/?page_id=1292"},"modified":"2024-03-07T12:19:43","modified_gmt":"2024-03-07T12:19:43","slug":"pim-module","status":"publish","type":"page","link":"https:\/\/pim-blog.de\/home\/inhalt\/welt-der-pim-systeme\/pim-module\/","title":{"rendered":"PIM-Module"},"content":{"rendered":"\t\t<div data-elementor-type=\"wp-page\" data-elementor-id=\"1292\" class=\"elementor elementor-1292\">\n\t\t\t\t\t\t<section class=\"elementor-section elementor-top-section elementor-element elementor-element-7a0dc03 elementor-section-boxed elementor-section-height-default elementor-section-height-default wpr-particle-no wpr-jarallax-no wpr-parallax-no wpr-sticky-section-no wpr-column-slider-no wpr-equal-height-no\" data-id=\"7a0dc03\" data-element_type=\"section\" data-e-type=\"section\">\n\t\t\t\t\t\t<div class=\"elementor-container elementor-column-gap-default\">\n\t\t\t\t\t<div class=\"elementor-column elementor-col-100 elementor-top-column elementor-element elementor-element-52d1ef4\" data-id=\"52d1ef4\" data-element_type=\"column\" data-e-type=\"column\">\n\t\t\t<div class=\"elementor-widget-wrap elementor-element-populated\">\n\t\t\t\t\t\t<div class=\"elementor-element elementor-element-95c132e elementor-widget elementor-widget-text-editor\" data-id=\"95c132e\" data-element_type=\"widget\" data-e-type=\"widget\" data-widget_type=\"text-editor.default\">\n\t\t\t\t<div class=\"elementor-widget-container\">\n\t\t\t\t\t\t\t\t\t<p>Die Komplexit\u00e4t des Handels und den daraus entstehenden Anspr\u00fcchen an Prozesse, Daten, Verf\u00fcgbarkeiten und an die Qualit\u00e4t dieser Daten, haben wir im bisherigen Verlauf bereits herausgestellt.<\/p><p>Jetzt stellt sich die berechtigte Frage, kann ein System all diesen Anspr\u00fcchen gerecht werden? Haben alle System die gleiche Ausstattung\u00a0 und was braucht man \u00fcberhaupt, um mit PIM starten zu k\u00f6nnen und die eigen Datenqualit\u00e4t zu verbessern?<\/p><p>Diesen Fragen gehen wir nun nach.<\/p><p>Also woraus besteht ein PIM-System nun?<\/p>\t\t\t\t\t\t\t\t<\/div>\n\t\t\t\t<\/div>\n\t\t\t\t\t<\/div>\n\t\t<\/div>\n\t\t\t\t\t<\/div>\n\t\t<\/section>\n\t\t\t\t<section class=\"elementor-section elementor-top-section elementor-element elementor-element-4d029e2 elementor-section-boxed elementor-section-height-default elementor-section-height-default wpr-particle-no wpr-jarallax-no wpr-parallax-no wpr-sticky-section-no wpr-column-slider-no wpr-equal-height-no\" data-id=\"4d029e2\" data-element_type=\"section\" data-e-type=\"section\">\n\t\t\t\t\t\t<div class=\"elementor-container elementor-column-gap-default\">\n\t\t\t\t\t<div class=\"elementor-column elementor-col-100 elementor-top-column elementor-element elementor-element-f5cd936\" data-id=\"f5cd936\" data-element_type=\"column\" data-e-type=\"column\">\n\t\t\t<div class=\"elementor-widget-wrap elementor-element-populated\">\n\t\t\t\t\t\t<div class=\"elementor-element elementor-element-305f357 wpr-feature-list-left wpr-feature-list-square wpr-feature-list-line-yes elementor-widget elementor-widget-wpr-feature-list\" data-id=\"305f357\" data-element_type=\"widget\" data-e-type=\"widget\" data-widget_type=\"wpr-feature-list.default\">\n\t\t\t\t<div class=\"elementor-widget-container\">\n\t\t\t\t\t<div class=\"wpr-feature-list-wrap\"><ul class=\"wpr-feature-list\"><li class=\"wpr-feature-list-item elementor-repeater-item-c97ac75\"><div class=\"wpr-feature-list-icon-wrap\"><span class=\"wpr-feature-list-line\"><\/span><div class=\"wpr-feature-list-icon-inner-wrap\"><\/div><\/div><div class=\"wpr-feature-list-content-wrap\"><h2 class=\"wpr-feature-list-title\"><a class=\"wpr-feature-list-url\" target=\"_blank\" rel=\"nofollow\">Datenmanagement-Modul<\/a><\/h2><p class=\"wpr-feature-list-description\">Zentrales Modul zur Erfassung, Organisation und Pflege aller Produktinformationen. Hier werden grundlegende Daten wie Produktattribute, Kategorien und Beziehungen verwaltet.<\/p><\/div><\/li><li class=\"wpr-feature-list-item elementor-repeater-item-a5f2e34\"><div class=\"wpr-feature-list-icon-wrap\"><span class=\"wpr-feature-list-line\"><\/span><div class=\"wpr-feature-list-icon-inner-wrap\"><\/div><\/div><div class=\"wpr-feature-list-content-wrap\"><h2 class=\"wpr-feature-list-title\"><a class=\"wpr-feature-list-url\" target=\"_blank\" rel=\"nofollow\">Klassifikation und Taxonomie<\/a><\/h2><p class=\"wpr-feature-list-description\">Definiert Hierarchien und Kategorien, um Produkte sinnvoll zu organisieren. Eine klare Klassifikation erleichtert die Navigation f\u00fcr Benutzer und optimiert die Suchfunktion.<\/p><\/div><\/li><li class=\"wpr-feature-list-item elementor-repeater-item-52ca00e\"><div class=\"wpr-feature-list-icon-wrap\"><span class=\"wpr-feature-list-line\"><\/span><div class=\"wpr-feature-list-icon-inner-wrap\"><\/div><\/div><div class=\"wpr-feature-list-content-wrap\"><h2 class=\"wpr-feature-list-title\"><a class=\"wpr-feature-list-url\" target=\"_blank\" rel=\"nofollow\">Digital Asset Management (DAM)<\/a><\/h2><p class=\"wpr-feature-list-description\">Verwaltung von digitalen Assets wie Bildern, Videos und Dokumenten. DAM erm\u00f6glicht die effiziente Organisation, Suche und Nutzung von Medieninhalten im Zusammenhang mit Produkten.<\/p><\/div><\/li><li class=\"wpr-feature-list-item elementor-repeater-item-269469f\"><div class=\"wpr-feature-list-icon-wrap\"><span class=\"wpr-feature-list-line\"><\/span><div class=\"wpr-feature-list-icon-inner-wrap\"><\/div><\/div><div class=\"wpr-feature-list-content-wrap\"><h2 class=\"wpr-feature-list-title\"><a class=\"wpr-feature-list-url\" target=\"_blank\" rel=\"nofollow\">Workflow-Management<\/a><\/h2><p class=\"wpr-feature-list-description\">Steuert und automatisiert den Prozess der Produktinformationspflege. Erm\u00f6glicht die Zuweisung von Aufgaben, \u00dcberwachung von Fortschritten und Sicherstellung, dass \u00c4nderungen den definierten Genehmigungsprozessen folgen.<\/p><\/div><\/li><li class=\"wpr-feature-list-item elementor-repeater-item-fb9bfa7\"><div class=\"wpr-feature-list-icon-wrap\"><span class=\"wpr-feature-list-line\"><\/span><div class=\"wpr-feature-list-icon-inner-wrap\"><\/div><\/div><div class=\"wpr-feature-list-content-wrap\"><h2 class=\"wpr-feature-list-title\"><a class=\"wpr-feature-list-url\" target=\"_blank\" rel=\"nofollow\">Versionierung und Historie<\/a><\/h2><p class=\"wpr-feature-list-description\">Protokolliert \u00c4nderungen an Produktinformationen und erm\u00f6glicht die Wiederherstellung fr\u00fcherer Versionen. Dies ist entscheidend f\u00fcr die R\u00fcckverfolgbarkeit von Daten\u00e4nderungen und die Fehlerbehebung.<\/p><\/div><\/li><li class=\"wpr-feature-list-item elementor-repeater-item-b825e38\"><div class=\"wpr-feature-list-icon-wrap\"><span class=\"wpr-feature-list-line\"><\/span><div class=\"wpr-feature-list-icon-inner-wrap\"><\/div><\/div><div class=\"wpr-feature-list-content-wrap\"><h2 class=\"wpr-feature-list-title\"><a class=\"wpr-feature-list-url\" target=\"_blank\" rel=\"nofollow\">Mehrsprachigkeit und Lokalisierung<\/a><\/h2><p class=\"wpr-feature-list-description\">Unterst\u00fctzt die Verwaltung von Produktinformationen in verschiedenen Sprachen und f\u00fcr verschiedene geografische M\u00e4rkte. Gew\u00e4hrleistet konsistente und relevante Informationen f\u00fcr internationale Zielgruppen.<\/p><\/div><\/li><li class=\"wpr-feature-list-item elementor-repeater-item-fdff5f7\"><div class=\"wpr-feature-list-icon-wrap\"><span class=\"wpr-feature-list-line\"><\/span><div class=\"wpr-feature-list-icon-inner-wrap\"><\/div><\/div><div class=\"wpr-feature-list-content-wrap\"><h2 class=\"wpr-feature-list-title\"><a class=\"wpr-feature-list-url\" target=\"_blank\" rel=\"nofollow\">Integration mit externen Systemen<\/a><\/h2><p class=\"wpr-feature-list-description\">Erm\u00f6glicht die nahtlose Verbindung mit anderen Unternehmenssystemen wie ERP, CRM, Middlewaren, Shop-Systemen und anderen E-Commerce-Plattformen. \nDaten k\u00f6nnen synchronisiert und in verschiedenen Anwendungen gemeinsam genutzt werden.<\/p><\/div><\/li><li class=\"wpr-feature-list-item elementor-repeater-item-854447a\"><div class=\"wpr-feature-list-icon-wrap\"><span class=\"wpr-feature-list-line\"><\/span><div class=\"wpr-feature-list-icon-inner-wrap\"><\/div><\/div><div class=\"wpr-feature-list-content-wrap\"><h2 class=\"wpr-feature-list-title\"><a class=\"wpr-feature-list-url\" target=\"_blank\" rel=\"nofollow\">Benutzer- und Zugriffsrechteverwaltung<\/a><\/h2><p class=\"wpr-feature-list-description\">Regelt den Zugriff auf das PIM-System und steuert, welche Benutzer welche Aktionen durchf\u00fchren k\u00f6nnen. Dies gew\u00e4hrleistet Sicherheit und sch\u00fctzt vor unberechtigtem Datenzugriff.<\/p><\/div><\/li><li class=\"wpr-feature-list-item elementor-repeater-item-c2ae3b0\"><div class=\"wpr-feature-list-icon-wrap\"><span class=\"wpr-feature-list-line\"><\/span><div class=\"wpr-feature-list-icon-inner-wrap\"><\/div><\/div><div class=\"wpr-feature-list-content-wrap\"><h2 class=\"wpr-feature-list-title\"><a class=\"wpr-feature-list-url\" target=\"_blank\" rel=\"nofollow\">Reporting und Analyse<\/a><\/h2><p class=\"wpr-feature-list-description\">Bietet Tools zur Analyse von z.B. Produktinformationsdaten. Reports erm\u00f6glichen Einblicke in die Leistung, Datenqualit\u00e4t und Nutzung des PIM-Systems.\nDie internen Reports stellen die Grundlage f\u00fcr diverse Workflows. Zum Beispiel kann berechnet werden, bei wie vielen Artikeln noch Produktbilder von den Fotografen eingereicht werden m\u00fcssen, bevor ein neuer Artikel in die n\u00e4chste Abteilung \u00fcberf\u00fchrt werden kann. Die Reports ermitteln den prozentualen Bearbeitungsstand, visualisieren dies z.B. \u00fcber eine Ampel und l\u00f6sen dann in den pers\u00f6nlichen To-Do-Bereichen (Workflow basiert), einen neuen Task f\u00fcr den Anwender aus.<\/p><\/div><\/li><li class=\"wpr-feature-list-item elementor-repeater-item-eed9db6\"><div class=\"wpr-feature-list-icon-wrap\"><span class=\"wpr-feature-list-line\"><\/span><div class=\"wpr-feature-list-icon-inner-wrap\"><\/div><\/div><div class=\"wpr-feature-list-content-wrap\"><h2 class=\"wpr-feature-list-title\"><a class=\"wpr-feature-list-url\" target=\"_blank\" rel=\"nofollow\">Schnittstellen f\u00fcr Vertriebskan\u00e4le<\/a><\/h2><p class=\"wpr-feature-list-description\">Erm\u00f6glicht die Anbindung und Ver\u00f6ffentlichung von Produktinformationen in verschiedenen Vertriebskan\u00e4len wie Online-Shops, Marktpl\u00e4tzen und Printmedien. Stellt sicher, dass konsistente Daten \u00fcber alle Kan\u00e4le hinweg pr\u00e4sentiert werden.<\/p><\/div><\/li><li class=\"wpr-feature-list-item elementor-repeater-item-6a80247\"><div class=\"wpr-feature-list-icon-wrap\"><span class=\"wpr-feature-list-line\"><\/span><div class=\"wpr-feature-list-icon-inner-wrap\"><\/div><\/div><div class=\"wpr-feature-list-content-wrap\"><h2 class=\"wpr-feature-list-title\"><a class=\"wpr-feature-list-url\" href=\"https:\/\/pim-blog.de\/home\/inhalt\/welt-der-pim-systeme\/pim-module\/ki-tools-zur-content-erstellung-und-mehr\/\" target=\"_blank\" rel=\"nofollow\">KI Elemente<\/a><\/h2><p class=\"wpr-feature-list-description\">In PIM-Systemen findet mittlerweile an vielen Stellen der Einsatz von KI statt. Was sich allgemein am KI-Horizont so tut, seht ihr hier.<\/p><\/div><\/li><\/ul><\/div>\t\t\t\t<\/div>\n\t\t\t\t<\/div>\n\t\t\t\t\t<\/div>\n\t\t<\/div>\n\t\t\t\t\t<\/div>\n\t\t<\/section>\n\t\t\t\t<section class=\"elementor-section elementor-top-section elementor-element elementor-element-61b4ada elementor-section-boxed elementor-section-height-default elementor-section-height-default wpr-particle-no wpr-jarallax-no wpr-parallax-no wpr-sticky-section-no wpr-column-slider-no wpr-equal-height-no\" data-id=\"61b4ada\" data-element_type=\"section\" data-e-type=\"section\">\n\t\t\t\t\t\t<div class=\"elementor-container elementor-column-gap-default\">\n\t\t\t\t\t<div class=\"elementor-column elementor-col-100 elementor-top-column elementor-element elementor-element-2d6e9e2\" data-id=\"2d6e9e2\" data-element_type=\"column\" data-e-type=\"column\">\n\t\t\t<div class=\"elementor-widget-wrap elementor-element-populated\">\n\t\t\t\t\t\t<div class=\"elementor-element elementor-element-38b1bd5 elementor-widget elementor-widget-text-editor\" data-id=\"38b1bd5\" data-element_type=\"widget\" data-e-type=\"widget\" data-widget_type=\"text-editor.default\">\n\t\t\t\t<div class=\"elementor-widget-container\">\n\t\t\t\t\t\t\t\t\t<p>In der Regel sind PIM-Systeme modular aufgebaut, d.h. man kann ganz dem unternehmerischen Anwendungsfall entsprechend, sich das System so konfigurieren, wie es ben\u00f6tigt wird.<\/p>\n<p>So lassen sich DAM- oder MAM-System auch autark betreiben und k\u00f6nnen somit auch mit PIM-Systemen anderer Anbieter, genauso aber auch mit Eigenentwicklungen betrieben werden.<\/p>\n<p>In der Praxis immer noch weit verbreitet, dass Produktdaten ganzheitlich im ERP-System beheimatet sind. Mit entsprechenden Schnittstellen wird dann ein MAM-System angebunden und betrieben.<\/p>\n<p>Kann man so machen, muss man aber nicht.<br><\/p>\t\t\t\t\t\t\t\t<\/div>\n\t\t\t\t<\/div>\n\t\t\t\t\t<\/div>\n\t\t<\/div>\n\t\t\t\t\t<\/div>\n\t\t<\/section>\n\t\t\t\t<section class=\"elementor-section elementor-top-section elementor-element elementor-element-6cdeb4b elementor-section-boxed elementor-section-height-default elementor-section-height-default wpr-particle-no wpr-jarallax-no wpr-parallax-no wpr-sticky-section-no wpr-column-slider-no wpr-equal-height-no\" data-id=\"6cdeb4b\" data-element_type=\"section\" data-e-type=\"section\">\n\t\t\t\t\t\t<div class=\"elementor-container elementor-column-gap-default\">\n\t\t\t\t\t<div class=\"elementor-column elementor-col-50 elementor-top-column elementor-element elementor-element-074c3e0\" data-id=\"074c3e0\" data-element_type=\"column\" data-e-type=\"column\">\n\t\t\t<div class=\"elementor-widget-wrap elementor-element-populated\">\n\t\t\t\t\t\t<div class=\"elementor-element elementor-element-deb1a1a elementor-widget elementor-widget-button\" data-id=\"deb1a1a\" data-element_type=\"widget\" data-e-type=\"widget\" data-widget_type=\"button.default\">\n\t\t\t\t<div class=\"elementor-widget-container\">\n\t\t\t\t\t\t\t\t\t<div class=\"elementor-button-wrapper\">\n\t\t\t\t\t<a class=\"elementor-button elementor-button-link elementor-size-sm\" href=\"https:\/\/pim-blog.de\/home\/\">\n\t\t\t\t\t\t<span class=\"elementor-button-content-wrapper\">\n\t\t\t\t\t\t\t\t\t<span class=\"elementor-button-text\">Zur\u00fcck zur \u00dcbersicht<\/span>\n\t\t\t\t\t<\/span>\n\t\t\t\t\t<\/a>\n\t\t\t\t<\/div>\n\t\t\t\t\t\t\t\t<\/div>\n\t\t\t\t<\/div>\n\t\t\t\t\t<\/div>\n\t\t<\/div>\n\t\t\t\t<div class=\"elementor-column elementor-col-50 elementor-top-column elementor-element elementor-element-c222188\" data-id=\"c222188\" data-element_type=\"column\" data-e-type=\"column\">\n\t\t\t<div class=\"elementor-widget-wrap elementor-element-populated\">\n\t\t\t\t\t\t<div class=\"elementor-element elementor-element-9646485 elementor-align-right elementor-widget elementor-widget-button\" data-id=\"9646485\" data-element_type=\"widget\" data-e-type=\"widget\" data-widget_type=\"button.default\">\n\t\t\t\t<div class=\"elementor-widget-container\">\n\t\t\t\t\t\t\t\t\t<div class=\"elementor-button-wrapper\">\n\t\t\t\t\t<a class=\"elementor-button elementor-button-link elementor-size-sm\" href=\"https:\/\/pim-blog.de\/home\/inhalt\/welt-der-pim-systeme\/wertschoepfungspotential-was-traegt-ein-pim-zum-erfolg-bei\/\">\n\t\t\t\t\t\t<span class=\"elementor-button-content-wrapper\">\n\t\t\t\t\t\t\t\t\t<span class=\"elementor-button-text\">Weiter zur Wertsch\u00f6pfung<\/span>\n\t\t\t\t\t<\/span>\n\t\t\t\t\t<\/a>\n\t\t\t\t<\/div>\n\t\t\t\t\t\t\t\t<\/div>\n\t\t\t\t<\/div>\n\t\t\t\t\t<\/div>\n\t\t<\/div>\n\t\t\t\t\t<\/div>\n\t\t<\/section>\n\t\t\t\t<\/div>\n\t\t","protected":false},"excerpt":{"rendered":"<p>Die Komplexit\u00e4t des Handels und den daraus entstehenden Anspr\u00fcchen an Prozesse, Daten, Verf\u00fcgbarkeiten und an die Qualit\u00e4t dieser Daten, haben wir im bisherigen Verlauf bereits herausgestellt. Jetzt stellt sich die berechtigte Frage, kann ein System all diesen Anspr\u00fcchen gerecht werden? Haben alle System die gleiche Ausstattung\u00a0 und was braucht man \u00fcberhaupt, um mit PIM starten zu k\u00f6nnen und die eigen Datenqualit\u00e4t zu verbessern? Diesen Fragen gehen wir nun nach. Also woraus besteht ein PIM-System nun? Datenmanagement-Modul Zentrales Modul zur Erfassung, Organisation und Pflege aller Produktinformationen. Hier werden grundlegende Daten wie Produktattribute, Kategorien und Beziehungen verwaltet. Klassifikation und Taxonomie Definiert Hierarchien und Kategorien, um Produkte sinnvoll zu organisieren. Eine klare Klassifikation erleichtert die Navigation f\u00fcr Benutzer und optimiert die Suchfunktion. Digital Asset Management (DAM) Verwaltung von digitalen Assets wie Bildern, Videos und Dokumenten. DAM erm\u00f6glicht die effiziente Organisation, Suche und Nutzung von Medieninhalten im Zusammenhang mit Produkten. Workflow-Management Steuert und automatisiert den Prozess der Produktinformationspflege. Erm\u00f6glicht die Zuweisung von Aufgaben, \u00dcberwachung von Fortschritten und Sicherstellung, dass \u00c4nderungen den definierten Genehmigungsprozessen folgen. Versionierung und Historie Protokolliert \u00c4nderungen an Produktinformationen und erm\u00f6glicht die Wiederherstellung fr\u00fcherer Versionen. Dies ist entscheidend f\u00fcr die R\u00fcckverfolgbarkeit von Daten\u00e4nderungen und die Fehlerbehebung. Mehrsprachigkeit und Lokalisierung Unterst\u00fctzt die Verwaltung von Produktinformationen in verschiedenen Sprachen und f\u00fcr verschiedene geografische M\u00e4rkte. Gew\u00e4hrleistet konsistente und relevante Informationen f\u00fcr internationale Zielgruppen. Integration mit externen Systemen Erm\u00f6glicht die nahtlose Verbindung mit anderen Unternehmenssystemen wie ERP, CRM, Middlewaren, Shop-Systemen und anderen E-Commerce-Plattformen. Daten k\u00f6nnen synchronisiert und in verschiedenen Anwendungen gemeinsam genutzt werden. Benutzer- und Zugriffsrechteverwaltung Regelt den Zugriff auf das PIM-System und steuert, welche Benutzer welche Aktionen durchf\u00fchren k\u00f6nnen. Dies gew\u00e4hrleistet Sicherheit und sch\u00fctzt vor unberechtigtem Datenzugriff. Reporting und Analyse Bietet Tools zur Analyse von z.B. Produktinformationsdaten. Reports erm\u00f6glichen Einblicke in die Leistung, Datenqualit\u00e4t und Nutzung des PIM-Systems. Die internen Reports stellen die Grundlage f\u00fcr diverse Workflows. Zum Beispiel kann berechnet werden, bei wie vielen Artikeln noch Produktbilder von den Fotografen eingereicht werden m\u00fcssen, bevor ein neuer Artikel in die n\u00e4chste Abteilung \u00fcberf\u00fchrt werden kann. Die Reports ermitteln den prozentualen Bearbeitungsstand, visualisieren dies z.B. \u00fcber eine Ampel und l\u00f6sen dann in den pers\u00f6nlichen To-Do-Bereichen (Workflow basiert), einen neuen Task f\u00fcr den Anwender aus. Schnittstellen f\u00fcr Vertriebskan\u00e4le Erm\u00f6glicht die Anbindung und Ver\u00f6ffentlichung von Produktinformationen in verschiedenen Vertriebskan\u00e4len wie Online-Shops, Marktpl\u00e4tzen und Printmedien. Stellt sicher, dass konsistente Daten \u00fcber alle Kan\u00e4le hinweg pr\u00e4sentiert werden. KI Elemente In PIM-Systemen findet mittlerweile an vielen Stellen der Einsatz von KI statt. Was sich allgemein am KI-Horizont so tut, seht ihr hier. In der Regel sind PIM-Systeme modular aufgebaut, d.h. man kann ganz dem unternehmerischen Anwendungsfall entsprechend, sich das System so konfigurieren, wie es ben\u00f6tigt wird. So lassen sich DAM- oder MAM-System auch autark betreiben und k\u00f6nnen somit auch mit PIM-Systemen anderer Anbieter, genauso aber auch mit Eigenentwicklungen betrieben werden. In der Praxis immer noch weit verbreitet, dass Produktdaten ganzheitlich im ERP-System beheimatet sind. Mit entsprechenden Schnittstellen wird dann ein MAM-System angebunden und betrieben. Kann man so machen, muss man aber nicht. Zur\u00fcck zur \u00dcbersicht Weiter zur Wertsch\u00f6pfung<\/p>\n","protected":false},"author":1,"featured_media":0,"parent":145,"menu_order":2,"comment_status":"closed","ping_status":"closed","template":"","meta":{"footnotes":""},"class_list":["post-1292","page","type-page","status-publish","hentry"],"aioseo_notices":[],"_links":{"self":[{"href":"https:\/\/pim-blog.de\/home\/wp-json\/wp\/v2\/pages\/1292","targetHints":{"allow":["GET"]}}],"collection":[{"href":"https:\/\/pim-blog.de\/home\/wp-json\/wp\/v2\/pages"}],"about":[{"href":"https:\/\/pim-blog.de\/home\/wp-json\/wp\/v2\/types\/page"}],"author":[{"embeddable":true,"href":"https:\/\/pim-blog.de\/home\/wp-json\/wp\/v2\/users\/1"}],"replies":[{"embeddable":true,"href":"https:\/\/pim-blog.de\/home\/wp-json\/wp\/v2\/comments?post=1292"}],"version-history":[{"count":43,"href":"https:\/\/pim-blog.de\/home\/wp-json\/wp\/v2\/pages\/1292\/revisions"}],"predecessor-version":[{"id":2692,"href":"https:\/\/pim-blog.de\/home\/wp-json\/wp\/v2\/pages\/1292\/revisions\/2692"}],"up":[{"embeddable":true,"href":"https:\/\/pim-blog.de\/home\/wp-json\/wp\/v2\/pages\/145"}],"wp:attachment":[{"href":"https:\/\/pim-blog.de\/home\/wp-json\/wp\/v2\/media?parent=1292"}],"curies":[{"name":"wp","href":"https:\/\/api.w.org\/{rel}","templated":true}]}}