{"id":148,"date":"2023-08-25T09:04:43","date_gmt":"2023-08-25T09:04:43","guid":{"rendered":"https:\/\/pim-blog.de\/?page_id=148"},"modified":"2024-05-07T11:33:53","modified_gmt":"2024-05-07T11:33:53","slug":"produkt-demos","status":"publish","type":"page","link":"https:\/\/pim-blog.de\/home\/inhalt\/produkt-demos\/","title":{"rendered":"Produkt-Demos"},"content":{"rendered":"\t\t<div data-elementor-type=\"wp-page\" data-elementor-id=\"148\" class=\"elementor elementor-148\">\n\t\t\t\t\t\t<section class=\"elementor-section elementor-top-section elementor-element elementor-element-10be0cf elementor-section-boxed elementor-section-height-default elementor-section-height-default wpr-particle-no wpr-jarallax-no wpr-parallax-no wpr-sticky-section-no wpr-equal-height-no\" data-id=\"10be0cf\" data-element_type=\"section\" data-e-type=\"section\">\n\t\t\t\t\t\t<div class=\"elementor-container elementor-column-gap-default\">\n\t\t\t\t\t<div class=\"elementor-column elementor-col-100 elementor-top-column elementor-element elementor-element-f2f7882\" data-id=\"f2f7882\" data-element_type=\"column\" data-e-type=\"column\">\n\t\t\t<div class=\"elementor-widget-wrap elementor-element-populated\">\n\t\t\t\t\t\t<div class=\"elementor-element elementor-element-a37308c wpr-main-menu-align-left wpr-main-menu-align--tabletleft wpr-main-menu-align--mobileleft wpr-pointer-underline wpr-pointer-line-fx wpr-pointer-fx-fade wpr-sub-icon-caret-down wpr-sub-menu-fx-fade wpr-nav-menu-bp-tablet wpr-mobile-menu-display-dropdown wpr-mobile-menu-full-width wpr-mobile-toggle-v1 wpr-sub-divider-yes wpr-mobile-divider-yes elementor-widget elementor-widget-wpr-mega-menu\" data-id=\"a37308c\" data-element_type=\"widget\" data-e-type=\"widget\" data-settings=\"{&quot;menu_layout&quot;:&quot;horizontal&quot;}\" data-widget_type=\"wpr-mega-menu.default\">\n\t\t\t\t<div class=\"elementor-widget-container\">\n\t\t\t\t\t<nav class=\"wpr-nav-menu-container wpr-mega-menu-container wpr-nav-menu-horizontal\" data-trigger=\"hover\"><ul id=\"menu-1-a37308c\" class=\"wpr-nav-menu wpr-mega-menu\"><li class=\"menu-item menu-item-type-post_type menu-item-object-page menu-item-home menu-item-857 menu-item-has-children wpr-mega-menu-true wpr-mega-menu-pos-default wpr-mega-menu-width-default\" data-id=\"857\"><a href=\"https:\/\/pim-blog.de\/home\/\" class=\"wpr-menu-item wpr-pointer-item\"><span>Start<\/span><i class=\"wpr-sub-icon fas\" aria-hidden=\"true\"><\/i><\/a><div class=\"wpr-sub-mega-menu\"><\/div><\/li>\n<li class=\"menu-item menu-item-type-post_type menu-item-object-page menu-item-has-children menu-item-3637\"><a href=\"https:\/\/pim-blog.de\/home\/inhalt\/themenueberblick-wissenswertes-zu-pim\/\" class=\"wpr-menu-item wpr-pointer-item\"><span>Themen\u00fcberblick<\/span><i class=\"wpr-sub-icon fas\" aria-hidden=\"true\"><\/i><\/a>\n<ul  class=\"sub-menu wpr-sub-menu\">\n\t<li class=\"menu-item menu-item-type-post_type menu-item-object-page menu-item-859\"><a href=\"https:\/\/pim-blog.de\/home\/inhalt\/produkt-demos\/\" class=\"wpr-sub-menu-item\"><span>Produkt-Demos<\/span><\/a><\/ul>\n<\/li>\n<li class=\"menu-item menu-item-type-post_type menu-item-object-page menu-item-has-children menu-item-3765\"><a href=\"https:\/\/pim-blog.de\/home\/inhalt\/3-2-1-ein-pim-projekt\/projekt-grundlagen\/projektmanagement-klassisch-oder-agil\/\" class=\"wpr-menu-item wpr-pointer-item\"><span>Projektmanagement<\/span><i class=\"wpr-sub-icon fas\" aria-hidden=\"true\"><\/i><\/a>\n<ul  class=\"sub-menu wpr-sub-menu\">\n\t<li class=\"menu-item menu-item-type-post_type menu-item-object-page menu-item-3825\"><a href=\"https:\/\/pim-blog.de\/home\/inhalt\/insider-tipps-fuer-admins-pms\/\" class=\"wpr-sub-menu-item\"><span>Insider-Tipps<\/span><\/a>\t<li class=\"menu-item menu-item-type-post_type menu-item-object-page menu-item-3766\"><a href=\"https:\/\/pim-blog.de\/home\/inhalt\/produkt-demos\/projektmanagement-software-der-kompass-durch-dein-projekt\/\" class=\"wpr-sub-menu-item\"><span>PM-Software<\/span><\/a><\/ul>\n<\/li>\n<li class=\"menu-item menu-item-type-post_type menu-item-object-page menu-item-858\"><a href=\"https:\/\/pim-blog.de\/home\/inhalt\/events\/\" class=\"wpr-menu-item wpr-pointer-item\"><span>News, Termine und Trends<\/span><\/a><\/li>\n<\/ul><\/nav><nav class=\"wpr-mobile-nav-menu-container\"><div class=\"wpr-mobile-toggle-wrap\"><div class=\"wpr-mobile-toggle\"><span class=\"wpr-mobile-toggle-line\"><\/span><span class=\"wpr-mobile-toggle-line\"><\/span><span class=\"wpr-mobile-toggle-line\"><\/span><\/div><\/div><div class=\"wpr-mobile-mega-menu-wrap wpr-anim-timing-\" toggle-backface=\"\"><ul id=\"mobile-menu-2-a37308c\" class=\"wpr-mobile-nav-menu wpr-mobile-mega-menu\"><li class=\"menu-item menu-item-type-post_type menu-item-object-page menu-item-home menu-item-857 menu-item-has-children wpr-mega-menu-true\" data-id=\"857\"><a href=\"https:\/\/pim-blog.de\/home\/\" class=\"wpr-mobile-menu-item\">Start<i class=\"wpr-mobile-sub-icon\"><\/i><\/a><div class=\"wpr-mobile-sub-mega-menu\"><div class=\"wpr-menu-offcanvas-back\"><svg version=\"1.1\" xmlns=\"http:\/\/www.w3.org\/2000\/svg\" xmlns:xlink=\"http:\/\/www.w3.org\/1999\/xlink\" x=\"0px\" y=\"0px\" viewBox=\"0 0 499.6 320.6\" style=\"enable-background:new 0 0 499.6 320.6;\" xml:space=\"preserve\"><g><path class=\"st0\" d=\"M499.6,159.3c0.3,7-2.4,13.2-7,17.9c-4.3,4.3-10.4,7-16.9,7H81.6l95.6,95.6c9.3,9.3,9.3,24.4,0,33.8c-4.6,4.6-10.8,7-16.9,7c-6.1,0-12.3-2.4-16.9-7L6.9,177.2c-9.3-9.3-9.3-24.4,0-33.8l16.9-16.9l0,0L143.3,6.9c9.3-9.3,24.4-9.3,33.8,0c4.6,4.6,7,10.8,7,16.9s-2.4,12.3-7,16.9l-95.6,95.6h393.7C488.3,136.3,499.1,146.4,499.6,159.3z\"\/><\/g><\/svg><\/div><\/div><\/li>\n<li class=\"menu-item menu-item-type-post_type menu-item-object-page menu-item-has-children menu-item-3637\"><a href=\"https:\/\/pim-blog.de\/home\/inhalt\/themenueberblick-wissenswertes-zu-pim\/\" class=\"wpr-mobile-menu-item\">Themen\u00fcberblick<i class=\"wpr-mobile-sub-icon\"><\/i><\/a>\n<ul  class=\"sub-menu wpr-mobile-sub-menu\">\n<li class=\"wpr-menu-offcanvas-back-wrap\"><div class=\"wpr-menu-offcanvas-back\"><svg version=\"1.1\" xmlns=\"http:\/\/www.w3.org\/2000\/svg\" xmlns:xlink=\"http:\/\/www.w3.org\/1999\/xlink\" x=\"0px\" y=\"0px\" viewBox=\"0 0 499.6 320.6\" style=\"enable-background:new 0 0 499.6 320.6;\" xml:space=\"preserve\"><g><path class=\"st0\" d=\"M499.6,159.3c0.3,7-2.4,13.2-7,17.9c-4.3,4.3-10.4,7-16.9,7H81.6l95.6,95.6c9.3,9.3,9.3,24.4,0,33.8c-4.6,4.6-10.8,7-16.9,7c-6.1,0-12.3-2.4-16.9-7L6.9,177.2c-9.3-9.3-9.3-24.4,0-33.8l16.9-16.9l0,0L143.3,6.9c9.3-9.3,24.4-9.3,33.8,0c4.6,4.6,7,10.8,7,16.9s-2.4,12.3-7,16.9l-95.6,95.6h393.7C488.3,136.3,499.1,146.4,499.6,159.3z\"\/><\/g><\/svg><\/div><\/li>\t<li class=\"menu-item menu-item-type-post_type menu-item-object-page menu-item-859\"><a href=\"https:\/\/pim-blog.de\/home\/inhalt\/produkt-demos\/\" class=\"wpr-mobile-sub-menu-item\">Produkt-Demos<\/a><\/ul>\n<\/li>\n<li class=\"menu-item menu-item-type-post_type menu-item-object-page menu-item-has-children menu-item-3765\"><a href=\"https:\/\/pim-blog.de\/home\/inhalt\/3-2-1-ein-pim-projekt\/projekt-grundlagen\/projektmanagement-klassisch-oder-agil\/\" class=\"wpr-mobile-menu-item\">Projektmanagement<i class=\"wpr-mobile-sub-icon\"><\/i><\/a>\n<ul  class=\"sub-menu wpr-mobile-sub-menu\">\n<li class=\"wpr-menu-offcanvas-back-wrap\"><div class=\"wpr-menu-offcanvas-back\"><svg version=\"1.1\" xmlns=\"http:\/\/www.w3.org\/2000\/svg\" xmlns:xlink=\"http:\/\/www.w3.org\/1999\/xlink\" x=\"0px\" y=\"0px\" viewBox=\"0 0 499.6 320.6\" style=\"enable-background:new 0 0 499.6 320.6;\" xml:space=\"preserve\"><g><path class=\"st0\" d=\"M499.6,159.3c0.3,7-2.4,13.2-7,17.9c-4.3,4.3-10.4,7-16.9,7H81.6l95.6,95.6c9.3,9.3,9.3,24.4,0,33.8c-4.6,4.6-10.8,7-16.9,7c-6.1,0-12.3-2.4-16.9-7L6.9,177.2c-9.3-9.3-9.3-24.4,0-33.8l16.9-16.9l0,0L143.3,6.9c9.3-9.3,24.4-9.3,33.8,0c4.6,4.6,7,10.8,7,16.9s-2.4,12.3-7,16.9l-95.6,95.6h393.7C488.3,136.3,499.1,146.4,499.6,159.3z\"\/><\/g><\/svg><\/div><\/li>\t<li class=\"menu-item menu-item-type-post_type menu-item-object-page menu-item-3825\"><a href=\"https:\/\/pim-blog.de\/home\/inhalt\/insider-tipps-fuer-admins-pms\/\" class=\"wpr-mobile-sub-menu-item\">Insider-Tipps<\/a>\t<li class=\"menu-item menu-item-type-post_type menu-item-object-page menu-item-3766\"><a href=\"https:\/\/pim-blog.de\/home\/inhalt\/produkt-demos\/projektmanagement-software-der-kompass-durch-dein-projekt\/\" class=\"wpr-mobile-sub-menu-item\">PM-Software<\/a><\/ul>\n<\/li>\n<li class=\"menu-item menu-item-type-post_type menu-item-object-page menu-item-858\"><a href=\"https:\/\/pim-blog.de\/home\/inhalt\/events\/\" class=\"wpr-mobile-menu-item\">News, Termine und Trends<\/a><\/li>\n<\/ul><\/div><\/nav>\t\t\t\t<\/div>\n\t\t\t\t<\/div>\n\t\t\t\t\t<\/div>\n\t\t<\/div>\n\t\t\t\t\t<\/div>\n\t\t<\/section>\n\t\t\t\t<section class=\"elementor-section elementor-top-section elementor-element elementor-element-3b67116 elementor-section-boxed elementor-section-height-default elementor-section-height-default wpr-particle-no wpr-jarallax-no wpr-parallax-no wpr-sticky-section-no wpr-equal-height-no\" data-id=\"3b67116\" data-element_type=\"section\" data-e-type=\"section\">\n\t\t\t\t\t\t<div class=\"elementor-container elementor-column-gap-default\">\n\t\t\t\t\t<div class=\"elementor-column elementor-col-100 elementor-top-column elementor-element elementor-element-2b5af20\" data-id=\"2b5af20\" data-element_type=\"column\" data-e-type=\"column\">\n\t\t\t<div class=\"elementor-widget-wrap elementor-element-populated\">\n\t\t\t\t\t\t<div class=\"elementor-element elementor-element-03b4243 elementor-widget__width-initial elementor-widget elementor-widget-text-editor\" data-id=\"03b4243\" data-element_type=\"widget\" data-e-type=\"widget\" data-widget_type=\"text-editor.default\">\n\t\t\t\t<div class=\"elementor-widget-container\">\n\t\t\t\t\t\t\t\t\t<p>An dieser Stelle entsteht ein Bereich, den ich mir selber gew\u00fcnscht h\u00e4tte, als ich mich in der Evaluierungsphase meines ersten PIM-Projekts befunden habe.<\/p><p><strong>Product Insights!<\/strong><\/p><p>Auf der Suche nach dem richtigen System st\u00f6\u00dft man immer wieder auf unz\u00e4hlige Feature-Lists und die tollsten Referenz-Kunden-Konfigurationen, aber ich habe feststellen m\u00fcssen, diese Impressionen sind oftmals wie Amazon-Rezessionen (#nofront).<\/p><p>Als Projektleiter steht man in der Verantwortung, ein System zu finden, das nicht nur technisch &#8222;state of the art&#8220; ist, sondern es muss auch bedienbar sein. #Usability steht hierbei ganz oben auf der Liste!<\/p><p>Was hei\u00dft in dem Zusammenhang bedienbar? Es geht um das look &amp; feel. Ist das System bzw. die Oberfl\u00e4che intuitiv aufgebaut? Wie flexibel ist es anpassbar und vor allem mit welchem Aufwand? Ich pers\u00f6nlich bin kein Freund davon, dass f\u00fcr die Anforderungen des Tagesgesch\u00e4fts gleich Programmierkenntnisse notwendig sind.<\/p><p>Ich habe zu einigen Produkten lauff\u00e4hige Instanzen zur Verf\u00fcgung gestellt bekommen (teilweise auch als Community-Version im Netz erh\u00e4ltlich) und habe diese genauer unter die Lupe genommen.<\/p><p>Von den ersten Einrichtungen, \u00fcber die Erstellung von Klassifikationen, Anlage neuer Attribute bis hin zur Anbindung an externe Datenempf\u00e4nger werde ich hier in kleinen Sessions Eindr\u00fccke vermitteln, damit Ihr Euch hinterher leichter entscheiden k\u00f6nnt, welches System zu Euch passt!<\/p>\t\t\t\t\t\t\t\t<\/div>\n\t\t\t\t<\/div>\n\t\t\t\t\t<\/div>\n\t\t<\/div>\n\t\t\t\t\t<\/div>\n\t\t<\/section>\n\t\t\t\t<section class=\"elementor-section elementor-top-section elementor-element elementor-element-28bc527 elementor-section-boxed elementor-section-height-default elementor-section-height-default wpr-particle-no wpr-jarallax-no wpr-parallax-no wpr-sticky-section-no wpr-equal-height-no\" data-id=\"28bc527\" data-element_type=\"section\" data-e-type=\"section\">\n\t\t\t\t\t\t<div class=\"elementor-container elementor-column-gap-default\">\n\t\t\t\t\t<div class=\"elementor-column elementor-col-100 elementor-top-column elementor-element elementor-element-032b58b\" data-id=\"032b58b\" data-element_type=\"column\" data-e-type=\"column\">\n\t\t\t<div class=\"elementor-widget-wrap\">\n\t\t\t\t\t\t\t<\/div>\n\t\t<\/div>\n\t\t\t\t\t<\/div>\n\t\t<\/section>\n\t\t\t\t<section class=\"elementor-section elementor-top-section elementor-element elementor-element-fbf4894 elementor-section-boxed elementor-section-height-default elementor-section-height-default wpr-particle-no wpr-jarallax-no wpr-parallax-no wpr-sticky-section-no wpr-equal-height-no\" data-id=\"fbf4894\" data-element_type=\"section\" data-e-type=\"section\">\n\t\t\t\t\t\t<div class=\"elementor-container elementor-column-gap-default\">\n\t\t\t\t\t<div class=\"elementor-column elementor-col-100 elementor-top-column elementor-element elementor-element-28e127c\" data-id=\"28e127c\" data-element_type=\"column\" data-e-type=\"column\">\n\t\t\t<div class=\"elementor-widget-wrap elementor-element-populated\">\n\t\t\t\t\t\t<div class=\"elementor-element elementor-element-12aab07 wpr-tabs-position-above wpr-tabs-hr-position-justify wpr-tabs-icon-position-left wpr-tabs-triangle-yes wpr-tabs-triangle-type-outer elementor-widget elementor-widget-wpr-tabs\" data-id=\"12aab07\" data-element_type=\"widget\" data-e-type=\"widget\" data-settings=\"{&quot;active_tab&quot;:1,&quot;autoplay&quot;:&quot;yes&quot;,&quot;autoplay_duration&quot;:5,&quot;tab_transition_duration&quot;:0.1}\" data-widget_type=\"wpr-tabs.default\">\n\t\t\t\t<div class=\"elementor-widget-container\">\n\t\t\t\t\t\t\t\n\t\t<div class=\"wpr-tabs\" data-options=\"{&quot;activeTab&quot;:1,&quot;trigger&quot;:&quot;click&quot;,&quot;autoplay&quot;:&quot;yes&quot;,&quot;autoplaySpeed&quot;:5000}\">\n\t\t\t\n\t\t\t<div class=\"wpr-tabs-wrap\">\n\t\t\t\t\n\t\t\t\t<div id=\"wpr-tab-1951\" class=\"wpr-tab elementor-repeater-item-22e0220\" data-tab=\"1\">\n\t\t\t\t\t\n\t\t\t\t\t\t\t\t\t\t<div class=\"wpr-tab-title\">Projektmanagement-Software<\/div>\n\t\t\t\t\t\n\t\t\t\t\t\t\t\t\t\n\t\t\t\t<\/div>\n\n\t\t\t\t\n\t\t\t\t<div id=\"wpr-tab-1952\" class=\"wpr-tab elementor-repeater-item-00302bf\" data-tab=\"2\">\n\t\t\t\t\t\n\t\t\t\t\t\t\t\t\t\t<div class=\"wpr-tab-title\">PIM-Systeme<\/div>\n\t\t\t\t\t\n\t\t\t\t\t\t\t\t\t\n\t\t\t\t<\/div>\n\n\t\t\t\t\t\t\t<\/div>\n\n\t\t\t<div class=\"wpr-tabs-content-wrap\">\n\t\t\t\t\n\t\t\t\t<div id=\"wpr-tab-content-1951\" class=\"wpr-tab-content elementor-repeater-item-22e0220\" data-tab=\"1\">\n\t\t\t\t\t<div class=\"wpr-tab-content-inner elementor-clearfix wpr-anim-size-large wpr-overlay-fade-in\"><p><span style=\"color: #000000\">Wir stehen am Anfang und organisieren uns....werfen wir einen ersten Blick auf die Produktpalette an Projemanagement-Software wie z.B. Factro und legen einen Strukturabum an.<\/span><\/p><p><a href=\"https:\/\/pim-blog.de\/home\/inhalt\/produkt-demos\/projektmanagement-software-der-kompass-durch-dein-projekt\/\">Hier gehts zur \u00dcbersicht...<\/a><\/p><\/div>\t\t\t\t<\/div>\n\n\t\t\t\t\n\t\t\t\t<div id=\"wpr-tab-content-1952\" class=\"wpr-tab-content elementor-repeater-item-00302bf\" data-tab=\"2\">\n\t\t\t\t\t<div class=\"wpr-tab-content-inner elementor-clearfix wpr-anim-size-large wpr-overlay-fade-in\"><p><span style=\"color: #000000\">Hier werfen wir einen Blicke in unterschedliche Systeme.<\/span><\/p><p><a href=\"https:\/\/pim-blog.de\/home\/?page_id=2380\">Weiterlesen...<\/a><\/p><\/div>\t\t\t\t<\/div>\n\n\t\t\t\t\t\t\t<\/div>\n\n\t\t<\/div>\n\n\t\t\t\t\t\t<\/div>\n\t\t\t\t<\/div>\n\t\t\t\t<div class=\"elementor-element elementor-element-c5ccfcc elementor-button-info elementor-align-right elementor-widget elementor-widget-button\" data-id=\"c5ccfcc\" data-element_type=\"widget\" data-e-type=\"widget\" data-widget_type=\"button.default\">\n\t\t\t\t<div class=\"elementor-widget-container\">\n\t\t\t\t\t\t\t\t\t<div class=\"elementor-button-wrapper\">\n\t\t\t\t\t<a class=\"elementor-button elementor-button-link elementor-size-sm\" href=\"https:\/\/pim-blog.de\/home\/\">\n\t\t\t\t\t\t<span class=\"elementor-button-content-wrapper\">\n\t\t\t\t\t\t<span class=\"elementor-button-icon\">\n\t\t\t\t<i aria-hidden=\"true\" class=\"fas fa-home\"><\/i>\t\t\t<\/span>\n\t\t\t\t\t\t\t\t\t<span class=\"elementor-button-text\">Zur\u00fcck zur \u00dcbericht<\/span>\n\t\t\t\t\t<\/span>\n\t\t\t\t\t<\/a>\n\t\t\t\t<\/div>\n\t\t\t\t\t\t\t\t<\/div>\n\t\t\t\t<\/div>\n\t\t\t\t\t<\/div>\n\t\t<\/div>\n\t\t\t\t\t<\/div>\n\t\t<\/section>\n\t\t\t\t<\/div>\n\t\t","protected":false},"excerpt":{"rendered":"<p>Start Grundlagen News, Termine und Trends Produkt-Demos Kontakt Start Grundlagen News, Termine und Trends Produkt-Demos Kontakt An dieser Stelle entsteht ein Bereich, den ich mir selber gew\u00fcnscht h\u00e4tte, als ich mich in der Evaluierungsphase meines ersten PIM-Projekts befunden habe. Product Insights! Auf der Suche nach dem richtigen System st\u00f6\u00dft man immer wieder auf unz\u00e4hlige Feature-Lists und die tollsten Referenz-Kunden-Konfigurationen, aber ich habe feststellen m\u00fcssen, diese Impressionen sind oftmals wie Amazon-Rezessionen (#nofront). Als Projektleiter steht man in der Verantwortung, ein System zu finden, das nicht nur technisch &#8222;state of the art&#8220; ist, sondern es muss auch bedienbar sein. #Usability steht hierbei ganz oben auf der Liste! Was hei\u00dft in dem Zusammenhang bedienbar? Es geht um das look &amp; feel. Ist das System bzw. die Oberfl\u00e4che intuitiv aufgebaut? Wie flexibel ist es anpassbar und vor allem mit welchem Aufwand? Ich pers\u00f6nlich bin kein Freund davon, dass f\u00fcr die Anforderungen des Tagesgesch\u00e4fts gleich Programmierkenntnisse notwendig sind. Ich habe zu einigen Produkten lauff\u00e4hige Instanzen zur Verf\u00fcgung gestellt bekommen (teilweise auch als Community-Version im Netz erh\u00e4ltlich) und habe diese genauer unter die Lupe genommen. Von den ersten Einrichtungen, \u00fcber die Erstellung von Klassifikationen, Anlage neuer Attribute bis hin zur Anbindung an externe Datenempf\u00e4nger werde ich hier in kleinen Sessions Eindr\u00fccke vermitteln, damit Ihr Euch hinterher leichter entscheiden k\u00f6nnt, welches System zu Euch passt! Projektmanagement-Software PIM-Systeme Wir stehen am Anfang und organisieren uns&#8230;.werfen wir einen ersten Blick auf die Produktpalette an Projemanagement-Software wie z.B. Factro und legen einen Strukturabum an. Hier gehts zur \u00dcbersicht&#8230; Hier werfen wir einen Blicke in unterschedliche Systeme. Weiterlesen&#8230; Zur\u00fcck zur \u00dcbericht<\/p>\n","protected":false},"author":1,"featured_media":0,"parent":255,"menu_order":0,"comment_status":"closed","ping_status":"closed","template":"","meta":{"footnotes":""},"class_list":["post-148","page","type-page","status-publish","hentry"],"aioseo_notices":[],"_links":{"self":[{"href":"https:\/\/pim-blog.de\/home\/wp-json\/wp\/v2\/pages\/148","targetHints":{"allow":["GET"]}}],"collection":[{"href":"https:\/\/pim-blog.de\/home\/wp-json\/wp\/v2\/pages"}],"about":[{"href":"https:\/\/pim-blog.de\/home\/wp-json\/wp\/v2\/types\/page"}],"author":[{"embeddable":true,"href":"https:\/\/pim-blog.de\/home\/wp-json\/wp\/v2\/users\/1"}],"replies":[{"embeddable":true,"href":"https:\/\/pim-blog.de\/home\/wp-json\/wp\/v2\/comments?post=148"}],"version-history":[{"count":58,"href":"https:\/\/pim-blog.de\/home\/wp-json\/wp\/v2\/pages\/148\/revisions"}],"predecessor-version":[{"id":3098,"href":"https:\/\/pim-blog.de\/home\/wp-json\/wp\/v2\/pages\/148\/revisions\/3098"}],"up":[{"embeddable":true,"href":"https:\/\/pim-blog.de\/home\/wp-json\/wp\/v2\/pages\/255"}],"wp:attachment":[{"href":"https:\/\/pim-blog.de\/home\/wp-json\/wp\/v2\/media?parent=148"}],"curies":[{"name":"wp","href":"https:\/\/api.w.org\/{rel}","templated":true}]}}