{"id":192,"date":"2023-08-25T09:04:43","date_gmt":"2023-08-25T09:04:43","guid":{"rendered":"https:\/\/pim-blog.de\/?page_id=192"},"modified":"2025-02-19T14:38:36","modified_gmt":"2025-02-19T14:38:36","slug":"3-2-1-ein-pim-projekt","status":"publish","type":"page","link":"https:\/\/pim-blog.de\/home\/inhalt\/3-2-1-ein-pim-projekt\/","title":{"rendered":"3-2-1 Ein PIM-Projekt"},"content":{"rendered":"\t\t<div data-elementor-type=\"wp-page\" data-elementor-id=\"192\" class=\"elementor elementor-192\">\n\t\t\t\t\t\t<section class=\"elementor-section elementor-top-section elementor-element elementor-element-527764c elementor-section-boxed elementor-section-height-default elementor-section-height-default wpr-particle-no wpr-jarallax-no wpr-parallax-no wpr-sticky-section-no wpr-column-slider-no wpr-equal-height-no\" data-id=\"527764c\" data-element_type=\"section\" data-e-type=\"section\">\n\t\t\t\t\t\t<div class=\"elementor-container elementor-column-gap-default\">\n\t\t\t\t\t<div class=\"elementor-column elementor-col-100 elementor-top-column elementor-element elementor-element-2c1d69d\" data-id=\"2c1d69d\" data-element_type=\"column\" data-e-type=\"column\">\n\t\t\t<div class=\"elementor-widget-wrap elementor-element-populated\">\n\t\t\t\t\t\t<div class=\"elementor-element elementor-element-c15d3ec elementor-widget elementor-widget-text-editor\" data-id=\"c15d3ec\" data-element_type=\"widget\" data-e-type=\"widget\" data-widget_type=\"text-editor.default\">\n\t\t\t\t<div class=\"elementor-widget-container\">\n\t\t\t\t\t\t\t\t\t<blockquote><p>&#8222;Das Problem ist nur der Anfang der L\u00f6sung.&#8220; &#8211; Klaus Seibold<\/p><\/blockquote>\t\t\t\t\t\t\t\t<\/div>\n\t\t\t\t<\/div>\n\t\t\t\t<div class=\"elementor-element elementor-element-70ce6e3 elementor-widget elementor-widget-text-editor\" data-id=\"70ce6e3\" data-element_type=\"widget\" data-e-type=\"widget\" data-widget_type=\"text-editor.default\">\n\t\t\t\t<div class=\"elementor-widget-container\">\n\t\t\t\t\t\t\t\t\t<p>Getreu diesem Motto wurde schon so manche(r) Projektleiter:in vor die Aufgabe gestellt, ein Tool zu finden, um die Produktdatenqualit\u00e4t zu verbessern.<\/p><p>Ein irrwitziger Aberglaube, beinahe illusorisch anzunehmen, dass die Einf\u00fchrung einer Software das Allheilmittel daf\u00fcr ist, optimale Produktdaten zu erhalten. Aber am Anfang steht die Hoffnung, besonders bei Stakeholdern, schnelle z\u00e4hlbare Erfolge zu erzielen, wenn nur alle Mitarbeiter brav damit arbeiten.<\/p><p>Ich werde Euch mit auf die Reise nehmen, angefangen bei der eigentlichen Problemstellung, \u00fcber Markt-Sondierung, der Evaluierung, Erstellung von Pflicht- und \/ oder Lastenheften, Long Lists und Short Lists, Pitches, Workshops, Implementierungen bis hin zu der Administration der Systeme im Tagesgesch\u00e4ft.<\/p><p>Die nachfolgenden Buttons lassen Euch eintauchen in die Welt eines Projektleiters und PIM-Admins, der mittlerweile auf fast neun Jahre Erfahrung zur\u00fcckblicken kann und so manche Erfahrung, auch bittere, sammeln konnte.<\/p>\t\t\t\t\t\t\t\t<\/div>\n\t\t\t\t<\/div>\n\t\t\t\t\t<\/div>\n\t\t<\/div>\n\t\t\t\t\t<\/div>\n\t\t<\/section>\n\t\t\t\t<section class=\"elementor-section elementor-top-section elementor-element elementor-element-2f40158 elementor-section-boxed elementor-section-height-default elementor-section-height-default wpr-particle-no wpr-jarallax-no wpr-parallax-no wpr-sticky-section-no wpr-column-slider-no wpr-equal-height-no\" data-id=\"2f40158\" data-element_type=\"section\" data-e-type=\"section\">\n\t\t\t\t\t\t<div class=\"elementor-container elementor-column-gap-default\">\n\t\t\t\t\t<div class=\"elementor-column elementor-col-100 elementor-top-column elementor-element elementor-element-0f47033\" data-id=\"0f47033\" data-element_type=\"column\" data-e-type=\"column\">\n\t\t\t<div class=\"elementor-widget-wrap elementor-element-populated\">\n\t\t\t\t\t\t<div class=\"elementor-element elementor-element-799f800 elementor-alert-info elementor-widget elementor-widget-alert\" data-id=\"799f800\" data-element_type=\"widget\" data-e-type=\"widget\" data-widget_type=\"alert.default\">\n\t\t\t\t<div class=\"elementor-widget-container\">\n\t\t\t\t\t\t\t<div class=\"elementor-alert\" role=\"alert\">\n\n\t\t\t\t\t\t<span class=\"elementor-alert-title\">Anmerkung der Redaktion<\/span>\n\t\t\t\n\t\t\t\t\t\t<span class=\"elementor-alert-description\">\u00dcbrigens...es sei an dieser Stelle erw\u00e4hnt, dass ein Gro\u00dfteil von Projekten unrentabel wird oder gar scheitert, weil zwar eine genaue Zielvorstellung besteht, aber das Handwerkszeug f\u00fcr die transparente, effiziente und ergebnisorientierte Projektdurchf\u00fchrung fehlt.\n\nProjekte so zu planen und durchzuf\u00fchren, dass Qualit\u00e4t, Zeit und Kosten den Vorgaben entsprechen, ist eine K\u00f6nigsdisziplin, die viel zu oft massiv untersch\u00e4tzt wird. \u00dcber die Art wie ein Projekt durchzuf\u00fchren ist, nach welcher Methode es ablaufen soll, wer wann was an wen zu berichten oder zu verantworten hat, ob weit im Voraus geplant oder in kurzen Sprints abgestimmt und entschieden wird, all das muss im Vorfeld allen Projektbeteiligten (auch oder\u00a0vor allem den Stakeholdern) bekannt und bewusst sein.\n\n<\/span>\n\t\t\t\n\t\t\t\t\t\t<button type=\"button\" class=\"elementor-alert-dismiss\" aria-label=\"Hinweis ausblenden.\">\n\t\t\t\t\t\t\t\t\t<span aria-hidden=\"true\">&times;<\/span>\n\t\t\t\t\t\t\t<\/button>\n\t\t\t\n\t\t<\/div>\n\t\t\t\t\t\t<\/div>\n\t\t\t\t<\/div>\n\t\t\t\t\t<\/div>\n\t\t<\/div>\n\t\t\t\t\t<\/div>\n\t\t<\/section>\n\t\t\t\t<section class=\"elementor-section elementor-top-section elementor-element elementor-element-8d5dc60 elementor-section-boxed elementor-section-height-default elementor-section-height-default wpr-particle-no wpr-jarallax-no wpr-parallax-no wpr-sticky-section-no wpr-column-slider-no wpr-equal-height-no\" data-id=\"8d5dc60\" data-element_type=\"section\" data-e-type=\"section\">\n\t\t\t\t\t\t<div class=\"elementor-container elementor-column-gap-default\">\n\t\t\t\t\t<div class=\"elementor-column elementor-col-50 elementor-top-column elementor-element elementor-element-b102714\" data-id=\"b102714\" data-element_type=\"column\" data-e-type=\"column\">\n\t\t\t<div class=\"elementor-widget-wrap elementor-element-populated\">\n\t\t\t\t\t\t<div class=\"elementor-element elementor-element-fb388ef elementor-widget elementor-widget-text-editor\" data-id=\"fb388ef\" data-element_type=\"widget\" data-e-type=\"widget\" data-widget_type=\"text-editor.default\">\n\t\t\t\t<div class=\"elementor-widget-container\">\n\t\t\t\t\t\t\t\t\t<p>Wer sich also gern vorab mit den Grundlagen des Projektmanagements vertraut machen m\u00f6chte, ist herzlich eingeladen, sich in meinem zweiten gro\u00dfen Themenblock einzulesen.<\/p><p>Klick einfach auf das Bild rechts, um weitergeleitet zu werden!<\/p>\t\t\t\t\t\t\t\t<\/div>\n\t\t\t\t<\/div>\n\t\t\t\t\t<\/div>\n\t\t<\/div>\n\t\t\t\t<div class=\"elementor-column elementor-col-50 elementor-top-column elementor-element elementor-element-c39cbf0\" data-id=\"c39cbf0\" data-element_type=\"column\" data-e-type=\"column\">\n\t\t\t<div class=\"elementor-widget-wrap elementor-element-populated\">\n\t\t\t\t\t\t<div class=\"elementor-element elementor-element-b5adc2c elementor-widget elementor-widget-image\" data-id=\"b5adc2c\" data-element_type=\"widget\" data-e-type=\"widget\" data-widget_type=\"image.default\">\n\t\t\t\t<div class=\"elementor-widget-container\">\n\t\t\t\t\t\t\t\t\t\t\t\t\t\t\t\t<a href=\"https:\/\/pim-blog.de\/home\/inhalt\/3-2-1-ein-pim-projekt\/projekt-grundlagen\/projektmanagement-klassisch-oder-agil\/\">\n\t\t\t\t\t\t\t<img fetchpriority=\"high\" decoding=\"async\" width=\"300\" height=\"300\" src=\"https:\/\/pim-blog.de\/wp-content\/uploads\/2025\/02\/a-large-bold-script-text-saying-projektm-300x300.jpeg\" class=\"attachment-medium size-medium wp-image-3958\" alt=\"Projektmanagement\" srcset=\"https:\/\/pim-blog.de\/wp-content\/uploads\/2025\/02\/a-large-bold-script-text-saying-projektm-300x300.jpeg 300w, https:\/\/pim-blog.de\/wp-content\/uploads\/2025\/02\/a-large-bold-script-text-saying-projektm-150x150.jpeg 150w, https:\/\/pim-blog.de\/wp-content\/uploads\/2025\/02\/a-large-bold-script-text-saying-projektm-768x768.jpeg 768w, https:\/\/pim-blog.de\/wp-content\/uploads\/2025\/02\/a-large-bold-script-text-saying-projektm.jpeg 1024w\" sizes=\"(max-width: 300px) 100vw, 300px\" \/>\t\t\t\t\t\t\t\t<\/a>\n\t\t\t\t\t\t\t\t\t\t\t\t\t\t\t<\/div>\n\t\t\t\t<\/div>\n\t\t\t\t\t<\/div>\n\t\t<\/div>\n\t\t\t\t\t<\/div>\n\t\t<\/section>\n\t\t\t\t<section class=\"elementor-section elementor-top-section elementor-element elementor-element-8c0db65 elementor-section-boxed elementor-section-height-default elementor-section-height-default wpr-particle-no wpr-jarallax-no wpr-parallax-no wpr-sticky-section-no wpr-column-slider-no wpr-equal-height-no\" data-id=\"8c0db65\" data-element_type=\"section\" data-e-type=\"section\">\n\t\t\t\t\t\t<div class=\"elementor-container elementor-column-gap-default\">\n\t\t\t\t\t<div class=\"elementor-column elementor-col-100 elementor-top-column elementor-element elementor-element-25fee5a\" data-id=\"25fee5a\" data-element_type=\"column\" data-e-type=\"column\">\n\t\t\t<div class=\"elementor-widget-wrap elementor-element-populated\">\n\t\t\t\t\t\t<div class=\"elementor-element elementor-element-0411d50 elementor-widget-divider--view-line elementor-widget elementor-widget-divider\" data-id=\"0411d50\" data-element_type=\"widget\" data-e-type=\"widget\" data-widget_type=\"divider.default\">\n\t\t\t\t<div class=\"elementor-widget-container\">\n\t\t\t\t\t\t\t<div class=\"elementor-divider\">\n\t\t\t<span class=\"elementor-divider-separator\">\n\t\t\t\t\t\t<\/span>\n\t\t<\/div>\n\t\t\t\t\t\t<\/div>\n\t\t\t\t<\/div>\n\t\t\t\t<div class=\"elementor-element elementor-element-8b168f3 wpr-dual-heading-default elementor-widget elementor-widget-wpr-dual-color-heading\" data-id=\"8b168f3\" data-element_type=\"widget\" data-e-type=\"widget\" data-widget_type=\"wpr-dual-color-heading.default\">\n\t\t\t\t<div class=\"elementor-widget-container\">\n\t\t\t\t\t\t\t\t<div class=\"wpr-dual-heading-wrap\">\n\t\t\t\t<div class=\"wpr-dual-title-wrap\">\n\t\t\t\t\t<h2 class=\"wpr-dual-title\">\n\t\t\t\t\t\t\t\t\t\t\t<span class=\"first\">Let\u00b4s get started with our <\/span>\n\t\t\t\t\t\t\t\t\t\t\n\t\t\t\t\t\t\t\t\t\t\t<span class=\"second\">PIM-Project<\/span>\n\t\t\t\t\t\t\t\t\t\t<\/h2>\n\t\t\t\t<\/div>\n\t\t\t\t\n\t\t\t\t\n\t\t\t\t\n\t\t\t<\/div>\n\t\t\t\t\t\t<\/div>\n\t\t\t\t<\/div>\n\t\t\t\t\t<\/div>\n\t\t<\/div>\n\t\t\t\t\t<\/div>\n\t\t<\/section>\n\t\t\t\t<section class=\"elementor-section elementor-top-section elementor-element elementor-element-4d387c2 elementor-section-boxed elementor-section-height-default elementor-section-height-default wpr-particle-no wpr-jarallax-no wpr-parallax-no wpr-sticky-section-no wpr-column-slider-no wpr-equal-height-no\" data-id=\"4d387c2\" data-element_type=\"section\" data-e-type=\"section\">\n\t\t\t\t\t\t<div class=\"elementor-container elementor-column-gap-default\">\n\t\t\t\t\t<div class=\"elementor-column elementor-col-100 elementor-top-column elementor-element elementor-element-172220d\" data-id=\"172220d\" data-element_type=\"column\" data-e-type=\"column\">\n\t\t\t<div class=\"elementor-widget-wrap elementor-element-populated\">\n\t\t\t\t\t\t<div class=\"elementor-element elementor-element-5a0b73b elementor-tabs-view-horizontal elementor-widget elementor-widget-tabs\" data-id=\"5a0b73b\" data-element_type=\"widget\" data-e-type=\"widget\" data-widget_type=\"tabs.default\">\n\t\t\t\t<div class=\"elementor-widget-container\">\n\t\t\t\t\t\t\t<div class=\"elementor-tabs\">\n\t\t\t<div class=\"elementor-tabs-wrapper\" role=\"tablist\" >\n\t\t\t\t\t\t\t\t\t<div id=\"elementor-tab-title-9441\" class=\"elementor-tab-title elementor-tab-desktop-title\" aria-selected=\"true\" data-tab=\"1\" role=\"tab\" tabindex=\"0\" aria-controls=\"elementor-tab-content-9441\" aria-expanded=\"false\">Projekt-Grundllagen<\/div>\n\t\t\t\t\t\t\t\t\t<div id=\"elementor-tab-title-9442\" class=\"elementor-tab-title elementor-tab-desktop-title\" aria-selected=\"false\" data-tab=\"2\" role=\"tab\" tabindex=\"-1\" aria-controls=\"elementor-tab-content-9442\" aria-expanded=\"false\">Problemstellung<\/div>\n\t\t\t\t\t\t\t\t\t<div id=\"elementor-tab-title-9443\" class=\"elementor-tab-title elementor-tab-desktop-title\" aria-selected=\"false\" data-tab=\"3\" role=\"tab\" tabindex=\"-1\" aria-controls=\"elementor-tab-content-9443\" aria-expanded=\"false\">Wie findet man das richtige System?<\/div>\n\t\t\t\t\t\t\t\t\t<div id=\"elementor-tab-title-9444\" class=\"elementor-tab-title elementor-tab-desktop-title\" aria-selected=\"false\" data-tab=\"4\" role=\"tab\" tabindex=\"-1\" aria-controls=\"elementor-tab-content-9444\" aria-expanded=\"false\">Evaluation<\/div>\n\t\t\t\t\t\t\t\t\t<div id=\"elementor-tab-title-9445\" class=\"elementor-tab-title elementor-tab-desktop-title\" aria-selected=\"false\" data-tab=\"5\" role=\"tab\" tabindex=\"-1\" aria-controls=\"elementor-tab-content-9445\" aria-expanded=\"false\">Implementierung<\/div>\n\t\t\t\t\t\t\t<\/div>\n\t\t\t<div class=\"elementor-tabs-content-wrapper\" role=\"tablist\" aria-orientation=\"vertical\">\n\t\t\t\t\t\t\t\t\t<div class=\"elementor-tab-title elementor-tab-mobile-title\" aria-selected=\"true\" data-tab=\"1\" role=\"tab\" tabindex=\"0\" aria-controls=\"elementor-tab-content-9441\" aria-expanded=\"false\">Projekt-Grundllagen<\/div>\n\t\t\t\t\t<div id=\"elementor-tab-content-9441\" class=\"elementor-tab-content elementor-clearfix\" data-tab=\"1\" role=\"tabpanel\" aria-labelledby=\"elementor-tab-title-9441\" tabindex=\"0\" hidden=\"false\"><p>&#8222;Preparation is the key to success&#8220; &#8211; also erstmal einen \u00dcberblick verschaffen, was zu tun ist. Welche Vorbereitungen sind zu treffen, wie organisiert man sich und sein Team f\u00fcr die unterschiedlichen Projektphasen. Welche Tools kommen zum Einsatz&#8230;<\/p><p><a href=\"https:\/\/pim-blog.de\/home\/inhalt\/3-2-1-ein-pim-projekt\/projekt-grundlagen\/\">Weiterlesen&#8230;<\/a><\/p><\/div>\n\t\t\t\t\t\t\t\t\t<div class=\"elementor-tab-title elementor-tab-mobile-title\" aria-selected=\"false\" data-tab=\"2\" role=\"tab\" tabindex=\"-1\" aria-controls=\"elementor-tab-content-9442\" aria-expanded=\"false\">Problemstellung<\/div>\n\t\t\t\t\t<div id=\"elementor-tab-content-9442\" class=\"elementor-tab-content elementor-clearfix\" data-tab=\"2\" role=\"tabpanel\" aria-labelledby=\"elementor-tab-title-9442\" tabindex=\"0\" hidden=\"hidden\"><p>Was ist \u00fcberhaupt das Problem oder der Grund f\u00fcr die Einf\u00fchrung eines PIM-Systems und kann es die\u00a0 L\u00f6sung daf\u00fcr sein?<\/p><p><a href=\"https:\/\/pim-blog.de\/home\/inhalt\/3-2-1-ein-pim-projekt\/problemstellung-pim-kann-es-die-loesung-sein\/\">Weiterlesen&#8230;<\/a><\/p><\/div>\n\t\t\t\t\t\t\t\t\t<div class=\"elementor-tab-title elementor-tab-mobile-title\" aria-selected=\"false\" data-tab=\"3\" role=\"tab\" tabindex=\"-1\" aria-controls=\"elementor-tab-content-9443\" aria-expanded=\"false\">Wie findet man das richtige System?<\/div>\n\t\t\t\t\t<div id=\"elementor-tab-content-9443\" class=\"elementor-tab-content elementor-clearfix\" data-tab=\"3\" role=\"tabpanel\" aria-labelledby=\"elementor-tab-title-9443\" tabindex=\"0\" hidden=\"hidden\"><p>Anbieter gibt es viele. Produkt-Features noch mehr und alle versprechen Dir dein Leben einfacher zu machen. Aber was gibt es &#8222;out of the box&#8220; und was brauchst Du \u00fcberhaupt?<\/p><p><a href=\"https:\/\/pim-blog.de\/home\/inhalt\/welt-der-pim-systeme\/wie-findet-man-das-richtige-pim-system\/\">Weiterlesen&#8230;.<\/a><\/p><\/div>\n\t\t\t\t\t\t\t\t\t<div class=\"elementor-tab-title elementor-tab-mobile-title\" aria-selected=\"false\" data-tab=\"4\" role=\"tab\" tabindex=\"-1\" aria-controls=\"elementor-tab-content-9444\" aria-expanded=\"false\">Evaluation<\/div>\n\t\t\t\t\t<div id=\"elementor-tab-content-9444\" class=\"elementor-tab-content elementor-clearfix\" data-tab=\"4\" role=\"tabpanel\" aria-labelledby=\"elementor-tab-title-9444\" tabindex=\"0\" hidden=\"hidden\"><p>Jetzt wird es ernst, wir machen uns auf die Suche nach dem finalen Anbieter.<\/p><p><a href=\"https:\/\/pim-blog.de\/home\/inhalt\/3-2-1-ein-pim-projekt\/evaluationsphase\/\">Weiterlesen&#8230;<\/a><\/p><\/div>\n\t\t\t\t\t\t\t\t\t<div class=\"elementor-tab-title elementor-tab-mobile-title\" aria-selected=\"false\" data-tab=\"5\" role=\"tab\" tabindex=\"-1\" aria-controls=\"elementor-tab-content-9445\" aria-expanded=\"false\">Implementierung<\/div>\n\t\t\t\t\t<div id=\"elementor-tab-content-9445\" class=\"elementor-tab-content elementor-clearfix\" data-tab=\"5\" role=\"tabpanel\" aria-labelledby=\"elementor-tab-title-9445\" tabindex=\"0\" hidden=\"hidden\"><p>System aufsetzen und konfigurieren&#8230;.jetzt beginnt die Arbeit f\u00fcr den PIM-Admin<\/p><p><a href=\"https:\/\/pim-blog.de\/home\/inhalt\/3-2-1-ein-pim-projekt\/implementierung-des-pim-systems\/\">Weiterlesen&#8230;<\/a><\/p><\/div>\n\t\t\t\t\t\t\t<\/div>\n\t\t<\/div>\n\t\t\t\t\t\t<\/div>\n\t\t\t\t<\/div>\n\t\t\t\t\t<\/div>\n\t\t<\/div>\n\t\t\t\t\t<\/div>\n\t\t<\/section>\n\t\t\t\t<section class=\"elementor-section elementor-top-section elementor-element elementor-element-619ac46 elementor-section-boxed elementor-section-height-default elementor-section-height-default wpr-particle-no wpr-jarallax-no wpr-parallax-no wpr-sticky-section-no wpr-column-slider-no wpr-equal-height-no\" data-id=\"619ac46\" data-element_type=\"section\" data-e-type=\"section\">\n\t\t\t\t\t\t<div class=\"elementor-container elementor-column-gap-default\">\n\t\t\t\t\t<div class=\"elementor-column elementor-col-100 elementor-top-column elementor-element elementor-element-58b2e99\" data-id=\"58b2e99\" data-element_type=\"column\" data-e-type=\"column\">\n\t\t\t<div class=\"elementor-widget-wrap elementor-element-populated\">\n\t\t\t\t\t\t<div class=\"elementor-element elementor-element-5333539 elementor-align-right elementor-widget elementor-widget-button\" data-id=\"5333539\" data-element_type=\"widget\" data-e-type=\"widget\" data-widget_type=\"button.default\">\n\t\t\t\t<div class=\"elementor-widget-container\">\n\t\t\t\t\t\t\t\t\t<div class=\"elementor-button-wrapper\">\n\t\t\t\t\t<a class=\"elementor-button elementor-button-link elementor-size-sm\" href=\"https:\/\/pim-blog.de\/home\/\">\n\t\t\t\t\t\t<span class=\"elementor-button-content-wrapper\">\n\t\t\t\t\t\t<span class=\"elementor-button-icon\">\n\t\t\t\t<i aria-hidden=\"true\" class=\"fas fa-home\"><\/i>\t\t\t<\/span>\n\t\t\t\t\t\t\t\t\t<span class=\"elementor-button-text\">Zur\u00fcck zur \u00dcbersicht<\/span>\n\t\t\t\t\t<\/span>\n\t\t\t\t\t<\/a>\n\t\t\t\t<\/div>\n\t\t\t\t\t\t\t\t<\/div>\n\t\t\t\t<\/div>\n\t\t\t\t\t<\/div>\n\t\t<\/div>\n\t\t\t\t\t<\/div>\n\t\t<\/section>\n\t\t\t\t<\/div>\n\t\t","protected":false},"excerpt":{"rendered":"<p>&#8222;Das Problem ist nur der Anfang der L\u00f6sung.&#8220; &#8211; Klaus Seibold Getreu diesem Motto wurde schon so manche(r) Projektleiter:in vor die Aufgabe gestellt, ein Tool zu finden, um die Produktdatenqualit\u00e4t zu verbessern. Ein irrwitziger Aberglaube, beinahe illusorisch anzunehmen, dass die Einf\u00fchrung einer Software das Allheilmittel daf\u00fcr ist, optimale Produktdaten zu erhalten. Aber am Anfang steht die Hoffnung, besonders bei Stakeholdern, schnelle z\u00e4hlbare Erfolge zu erzielen, wenn nur alle Mitarbeiter brav damit arbeiten. Ich werde Euch mit auf die Reise nehmen, angefangen bei der eigentlichen Problemstellung, \u00fcber Markt-Sondierung, der Evaluierung, Erstellung von Pflicht- und \/ oder Lastenheften, Long Lists und Short Lists, Pitches, Workshops, Implementierungen bis hin zu der Administration der Systeme im Tagesgesch\u00e4ft. Die nachfolgenden Buttons lassen Euch eintauchen in die Welt eines Projektleiters und PIM-Admins, der mittlerweile auf fast neun Jahre Erfahrung zur\u00fcckblicken kann und so manche Erfahrung, auch bittere, sammeln konnte. Anmerkung der Redaktion \u00dcbrigens&#8230;es sei an dieser Stelle erw\u00e4hnt, dass ein Gro\u00dfteil von Projekten unrentabel wird oder gar scheitert, weil zwar eine genaue Zielvorstellung besteht, aber das Handwerkszeug f\u00fcr die transparente, effiziente und ergebnisorientierte Projektdurchf\u00fchrung fehlt. Projekte so zu planen und durchzuf\u00fchren, dass Qualit\u00e4t, Zeit und Kosten den Vorgaben entsprechen, ist eine K\u00f6nigsdisziplin, die viel zu oft massiv untersch\u00e4tzt wird. \u00dcber die Art wie ein Projekt durchzuf\u00fchren ist, nach welcher Methode es ablaufen soll, wer wann was an wen zu berichten oder zu verantworten hat, ob weit im Voraus geplant oder in kurzen Sprints abgestimmt und entschieden wird, all das muss im Vorfeld allen Projektbeteiligten (auch oder\u00a0vor allem den Stakeholdern) bekannt und bewusst sein. &times; Wer sich also gern vorab mit den Grundlagen des Projektmanagements vertraut machen m\u00f6chte, ist herzlich eingeladen, sich in meinem zweiten gro\u00dfen Themenblock einzulesen. Klick einfach auf das Bild rechts, um weitergeleitet zu werden! Let\u00b4s get started with our PIM-Project Projekt-Grundllagen Problemstellung Wie findet man das richtige System? Evaluation Implementierung Projekt-Grundllagen &#8222;Preparation is the key to success&#8220; &#8211; also erstmal einen \u00dcberblick verschaffen, was zu tun ist. Welche Vorbereitungen sind zu treffen, wie organisiert man sich und sein Team f\u00fcr die unterschiedlichen Projektphasen. Welche Tools kommen zum Einsatz&#8230; Weiterlesen&#8230; Problemstellung Was ist \u00fcberhaupt das Problem oder der Grund f\u00fcr die Einf\u00fchrung eines PIM-Systems und kann es die\u00a0 L\u00f6sung daf\u00fcr sein? Weiterlesen&#8230; Wie findet man das richtige System? Anbieter gibt es viele. Produkt-Features noch mehr und alle versprechen Dir dein Leben einfacher zu machen. Aber was gibt es &#8222;out of the box&#8220; und was brauchst Du \u00fcberhaupt? Weiterlesen&#8230;. Evaluation Jetzt wird es ernst, wir machen uns auf die Suche nach dem finalen Anbieter. Weiterlesen&#8230; Implementierung System aufsetzen und konfigurieren&#8230;.jetzt beginnt die Arbeit f\u00fcr den PIM-Admin Weiterlesen&#8230; Zur\u00fcck zur \u00dcbersicht<\/p>\n","protected":false},"author":1,"featured_media":0,"parent":255,"menu_order":0,"comment_status":"closed","ping_status":"closed","template":"","meta":{"footnotes":""},"class_list":["post-192","page","type-page","status-publish","hentry"],"aioseo_notices":[],"_links":{"self":[{"href":"https:\/\/pim-blog.de\/home\/wp-json\/wp\/v2\/pages\/192","targetHints":{"allow":["GET"]}}],"collection":[{"href":"https:\/\/pim-blog.de\/home\/wp-json\/wp\/v2\/pages"}],"about":[{"href":"https:\/\/pim-blog.de\/home\/wp-json\/wp\/v2\/types\/page"}],"author":[{"embeddable":true,"href":"https:\/\/pim-blog.de\/home\/wp-json\/wp\/v2\/users\/1"}],"replies":[{"embeddable":true,"href":"https:\/\/pim-blog.de\/home\/wp-json\/wp\/v2\/comments?post=192"}],"version-history":[{"count":100,"href":"https:\/\/pim-blog.de\/home\/wp-json\/wp\/v2\/pages\/192\/revisions"}],"predecessor-version":[{"id":3961,"href":"https:\/\/pim-blog.de\/home\/wp-json\/wp\/v2\/pages\/192\/revisions\/3961"}],"up":[{"embeddable":true,"href":"https:\/\/pim-blog.de\/home\/wp-json\/wp\/v2\/pages\/255"}],"wp:attachment":[{"href":"https:\/\/pim-blog.de\/home\/wp-json\/wp\/v2\/media?parent=192"}],"curies":[{"name":"wp","href":"https:\/\/api.w.org\/{rel}","templated":true}]}}