{"id":2380,"date":"2024-01-22T11:07:09","date_gmt":"2024-01-22T11:07:09","guid":{"rendered":"https:\/\/pim-blog.de\/home\/?page_id=2380"},"modified":"2024-02-26T16:52:37","modified_gmt":"2024-02-26T16:52:37","slug":"produktdemos-pim-systeme","status":"publish","type":"page","link":"https:\/\/pim-blog.de\/home\/inhalt\/produkt-demos\/produktdemos-pim-systeme\/","title":{"rendered":"Produktdemos PIM-Systeme"},"content":{"rendered":"\t\t<div data-elementor-type=\"wp-page\" data-elementor-id=\"2380\" class=\"elementor elementor-2380\">\n\t\t\t\t\t\t<section class=\"elementor-section elementor-top-section elementor-element elementor-element-b8761ac elementor-section-boxed elementor-section-height-default elementor-section-height-default wpr-particle-no wpr-jarallax-no wpr-parallax-no wpr-sticky-section-no wpr-equal-height-no\" data-id=\"b8761ac\" data-element_type=\"section\" data-e-type=\"section\">\n\t\t\t\t\t\t<div class=\"elementor-container elementor-column-gap-default\">\n\t\t\t\t\t<div class=\"elementor-column elementor-col-100 elementor-top-column elementor-element elementor-element-f40f2e2\" data-id=\"f40f2e2\" data-element_type=\"column\" data-e-type=\"column\">\n\t\t\t<div class=\"elementor-widget-wrap elementor-element-populated\">\n\t\t\t\t\t\t<div class=\"elementor-element elementor-element-31f5b7e elementor-widget elementor-widget-text-editor\" data-id=\"31f5b7e\" data-element_type=\"widget\" data-e-type=\"widget\" data-widget_type=\"text-editor.default\">\n\t\t\t\t<div class=\"elementor-widget-container\">\n\t\t\t\t\t\t\t\t\t<p>Lernen am System, das wissen wir alle, klappt am besten. Aber was machen wir, wenn wir noch gar kein System haben und uns eigentlich vorab nur einen Eindruck verschaffen wollen?<\/p><p>Technische Features sind toll, aber sie m\u00fcssen auch bedienbar sein und das von der Anwendergattung. Ich wei\u00df das klingt jetzt gemein, aber die Realit\u00e4t zeigt es nur zu regelm\u00e4\u00dfig, der Grad an technischer Affinit\u00e4t zeigt doch eine enorme Spreizung bei den potenziellen Anwendern.<\/p><p>Dann ist es umso sch\u00f6ner, wenn Anbieter Produktdemos anbieten, was mittlerweile die Regel darstellt. Jetzt darf es einem nichts ausmachen, dass im Nachgang unz\u00e4hlige Nachfragen reinflattern, denn umsonst m\u00f6chten sich die Anbieter die Arbeit ja nicht gemacht haben.<\/p><p>Es ist auch nachvollziehbar, dass die Systeme der gro\u00dfen Anbieter, die sehr modular aufgebaut sind, nicht vollumf\u00e4nglich zug\u00e4nglich sein k\u00f6nnen. Bei Open-Source Anwendungen hingegen, ist das schon eher der Fall. <\/p><p>Akeneo zum Beispiel stellt eine kostenlose Community-Instanz seiner L\u00f6sung zur Verf\u00fcgung, die als Docker-Instanz auf der Seite von Akeneo heruntergeladen werden kann. Auch hierzu werde ich im Verlauf noch detaillierte Insights geben.<\/p>\t\t\t\t\t\t\t\t<\/div>\n\t\t\t\t<\/div>\n\t\t\t\t\t<\/div>\n\t\t<\/div>\n\t\t\t\t\t<\/div>\n\t\t<\/section>\n\t\t\t\t<section class=\"elementor-section elementor-top-section elementor-element elementor-element-3e0bb29 elementor-section-boxed elementor-section-height-default elementor-section-height-default wpr-particle-no wpr-jarallax-no wpr-parallax-no wpr-sticky-section-no wpr-equal-height-no\" data-id=\"3e0bb29\" data-element_type=\"section\" data-e-type=\"section\">\n\t\t\t\t\t\t<div class=\"elementor-container elementor-column-gap-default\">\n\t\t\t\t\t<div class=\"elementor-column elementor-col-100 elementor-top-column elementor-element elementor-element-083d1d8\" data-id=\"083d1d8\" data-element_type=\"column\" data-e-type=\"column\">\n\t\t\t<div class=\"elementor-widget-wrap elementor-element-populated\">\n\t\t\t\t\t\t<div class=\"elementor-element elementor-element-7cad5b9 elementor-widget-divider--view-line elementor-widget elementor-widget-divider\" data-id=\"7cad5b9\" data-element_type=\"widget\" data-e-type=\"widget\" data-widget_type=\"divider.default\">\n\t\t\t\t<div class=\"elementor-widget-container\">\n\t\t\t\t\t\t\t<div class=\"elementor-divider\">\n\t\t\t<span class=\"elementor-divider-separator\">\n\t\t\t\t\t\t<\/span>\n\t\t<\/div>\n\t\t\t\t\t\t<\/div>\n\t\t\t\t<\/div>\n\t\t\t\t\t<\/div>\n\t\t<\/div>\n\t\t\t\t\t<\/div>\n\t\t<\/section>\n\t\t\t\t<section class=\"elementor-section elementor-top-section elementor-element elementor-element-7962367 elementor-section-boxed elementor-section-height-default elementor-section-height-default wpr-particle-no wpr-jarallax-no wpr-parallax-no wpr-sticky-section-no wpr-equal-height-no\" data-id=\"7962367\" data-element_type=\"section\" data-e-type=\"section\">\n\t\t\t\t\t\t<div class=\"elementor-container elementor-column-gap-default\">\n\t\t\t\t\t<div class=\"elementor-column elementor-col-100 elementor-top-column elementor-element elementor-element-7f443cd\" data-id=\"7f443cd\" data-element_type=\"column\" data-e-type=\"column\">\n\t\t\t<div class=\"elementor-widget-wrap elementor-element-populated\">\n\t\t\t\t\t\t<div class=\"elementor-element elementor-element-7b1af12 elementor-widget elementor-widget-text-editor\" data-id=\"7b1af12\" data-element_type=\"widget\" data-e-type=\"widget\" data-widget_type=\"text-editor.default\">\n\t\t\t\t<div class=\"elementor-widget-container\">\n\t\t\t\t\t\t\t\t\t<p>Starten werden wir mit einer Test-Instanz des Apollon OMN 5 in der Version 5.12<\/p>\t\t\t\t\t\t\t\t<\/div>\n\t\t\t\t<\/div>\n\t\t\t\t\t<\/div>\n\t\t<\/div>\n\t\t\t\t\t<\/div>\n\t\t<\/section>\n\t\t\t\t<section class=\"elementor-section elementor-top-section elementor-element elementor-element-bd125af elementor-section-boxed elementor-section-height-default elementor-section-height-default wpr-particle-no wpr-jarallax-no wpr-parallax-no wpr-sticky-section-no wpr-equal-height-no\" data-id=\"bd125af\" data-element_type=\"section\" data-e-type=\"section\">\n\t\t\t\t\t\t<div class=\"elementor-container elementor-column-gap-default\">\n\t\t\t\t\t<div class=\"elementor-column elementor-col-50 elementor-top-column elementor-element elementor-element-6b24acc\" data-id=\"6b24acc\" data-element_type=\"column\" data-e-type=\"column\">\n\t\t\t<div class=\"elementor-widget-wrap elementor-element-populated\">\n\t\t\t\t\t\t<div class=\"elementor-element elementor-element-72573db elementor-widget elementor-widget-image\" data-id=\"72573db\" data-element_type=\"widget\" data-e-type=\"widget\" data-widget_type=\"image.default\">\n\t\t\t\t<div class=\"elementor-widget-container\">\n\t\t\t\t\t\t\t\t\t\t\t\t<figure class=\"wp-caption\">\n\t\t\t\t\t\t\t\t\t\t\t<a href=\"https:\/\/pim-blog.de\/home\/?page_id=2399\">\n\t\t\t\t\t\t\t<img fetchpriority=\"high\" decoding=\"async\" width=\"191\" height=\"264\" src=\"https:\/\/pim-blog.de\/wp-content\/uploads\/2023\/07\/OMN.png\" class=\"attachment-large size-large wp-image-151\" alt=\"\" \/>\t\t\t\t\t\t\t\t<\/a>\n\t\t\t\t\t\t\t\t\t\t\t<figcaption class=\"widget-image-caption wp-caption-text\">Logo anklicken f\u00fcr Produktdemo<\/figcaption>\n\t\t\t\t\t\t\t\t\t\t<\/figure>\n\t\t\t\t\t\t\t\t\t<\/div>\n\t\t\t\t<\/div>\n\t\t\t\t\t<\/div>\n\t\t<\/div>\n\t\t\t\t<div class=\"elementor-column elementor-col-50 elementor-top-column elementor-element elementor-element-25acbbe\" data-id=\"25acbbe\" data-element_type=\"column\" data-e-type=\"column\">\n\t\t\t<div class=\"elementor-widget-wrap elementor-element-populated\">\n\t\t\t\t\t\t<div class=\"elementor-element elementor-element-51cbfa6 elementor-widget elementor-widget-text-editor\" data-id=\"51cbfa6\" data-element_type=\"widget\" data-e-type=\"widget\" data-widget_type=\"text-editor.default\">\n\t\t\t\t<div class=\"elementor-widget-container\">\n\t\t\t\t\t\t\t\t\t<p>Das OMN 5 ist ein HTML basiertes PIM-System, welches sich durch seine modulare Vielfalt auszeichnet. In Verbindung mit dem Haus eigenen MAM, spielt es seine St\u00e4rken in der hohen Konfigurierbarkeit und der F\u00fclle an, von Apollon entwickelten KI Tools aus. KI Texterstellung, KI Bildverschlagwortungen, KI Bildfreistellungen und KI Face Recognition sind nur einige Features, die neben \u00dcbersetzungsschnittstellen zu Google, Trados oder DeepL und Workflowtools wie Camunda, die Arbeit erleichern.<br><\/p>\n<p>Aus meiner Sicht besonders wertvoll, auch Apollon bietet den &#8222;Enabling-Ansatz&#8220;&nbsp; an, d.h. 80-90% der Administration k\u00f6nnt ihr selbst, also Inhouse erledigen.<br><\/p>\t\t\t\t\t\t\t\t<\/div>\n\t\t\t\t<\/div>\n\t\t\t\t\t<\/div>\n\t\t<\/div>\n\t\t\t\t\t<\/div>\n\t\t<\/section>\n\t\t\t\t<section class=\"elementor-section elementor-top-section elementor-element elementor-element-819a20a elementor-section-boxed elementor-section-height-default elementor-section-height-default wpr-particle-no wpr-jarallax-no wpr-parallax-no wpr-sticky-section-no wpr-equal-height-no\" data-id=\"819a20a\" data-element_type=\"section\" data-e-type=\"section\">\n\t\t\t\t\t\t<div class=\"elementor-container elementor-column-gap-default\">\n\t\t\t\t\t<div class=\"elementor-column elementor-col-100 elementor-top-column elementor-element elementor-element-c500c0f\" data-id=\"c500c0f\" data-element_type=\"column\" data-e-type=\"column\">\n\t\t\t<div class=\"elementor-widget-wrap elementor-element-populated\">\n\t\t\t\t\t\t<div class=\"elementor-element elementor-element-4636db6 elementor-widget-divider--view-line elementor-widget elementor-widget-divider\" data-id=\"4636db6\" data-element_type=\"widget\" data-e-type=\"widget\" data-widget_type=\"divider.default\">\n\t\t\t\t<div class=\"elementor-widget-container\">\n\t\t\t\t\t\t\t<div class=\"elementor-divider\">\n\t\t\t<span class=\"elementor-divider-separator\">\n\t\t\t\t\t\t<\/span>\n\t\t<\/div>\n\t\t\t\t\t\t<\/div>\n\t\t\t\t<\/div>\n\t\t\t\t\t<\/div>\n\t\t<\/div>\n\t\t\t\t\t<\/div>\n\t\t<\/section>\n\t\t\t\t<section class=\"elementor-section elementor-top-section elementor-element elementor-element-8815fcb elementor-section-boxed elementor-section-height-default elementor-section-height-default wpr-particle-no wpr-jarallax-no wpr-parallax-no wpr-sticky-section-no wpr-equal-height-no\" data-id=\"8815fcb\" data-element_type=\"section\" data-e-type=\"section\">\n\t\t\t\t\t\t<div class=\"elementor-container elementor-column-gap-default\">\n\t\t\t\t\t<div class=\"elementor-column elementor-col-100 elementor-top-column elementor-element elementor-element-5881615\" data-id=\"5881615\" data-element_type=\"column\" data-e-type=\"column\">\n\t\t\t<div class=\"elementor-widget-wrap elementor-element-populated\">\n\t\t\t\t\t\t<div class=\"elementor-element elementor-element-caa02ff elementor-widget elementor-widget-text-editor\" data-id=\"caa02ff\" data-element_type=\"widget\" data-e-type=\"widget\" data-widget_type=\"text-editor.default\">\n\t\t\t\t<div class=\"elementor-widget-container\">\n\t\t\t\t\t\t\t\t\t<p>Das zweite System, dem ich mich widmen m\u00f6chte, ist das Akeneo PIM und zwar die kostenlos zur Verf\u00fcgung gestellte Community Version. <\/p>\t\t\t\t\t\t\t\t<\/div>\n\t\t\t\t<\/div>\n\t\t\t\t\t<\/div>\n\t\t<\/div>\n\t\t\t\t\t<\/div>\n\t\t<\/section>\n\t\t\t\t<section class=\"elementor-section elementor-top-section elementor-element elementor-element-501388b elementor-section-boxed elementor-section-height-default elementor-section-height-default wpr-particle-no wpr-jarallax-no wpr-parallax-no wpr-sticky-section-no wpr-equal-height-no\" data-id=\"501388b\" data-element_type=\"section\" data-e-type=\"section\">\n\t\t\t\t\t\t<div class=\"elementor-container elementor-column-gap-default\">\n\t\t\t\t\t<div class=\"elementor-column elementor-col-50 elementor-top-column elementor-element elementor-element-3956cb8\" data-id=\"3956cb8\" data-element_type=\"column\" data-e-type=\"column\">\n\t\t\t<div class=\"elementor-widget-wrap elementor-element-populated\">\n\t\t\t\t\t\t<div class=\"elementor-element elementor-element-9611a62 elementor-widget elementor-widget-text-editor\" data-id=\"9611a62\" data-element_type=\"widget\" data-e-type=\"widget\" data-widget_type=\"text-editor.default\">\n\t\t\t\t<div class=\"elementor-widget-container\">\n\t\t\t\t\t\t\t\t\t<p>Akeneo erlaubt hier jedermann, eine lauff\u00e4hige Version des Core-Systems herunterzuladen und lokal auf der eigenen Umgebung zu erkunden. Im Folgenen werde ich eine virtuelle Instanz \u00fcber Docker Desktop herunterladen, die sehr einfache Installation auf einer virtuellen Maschine zeigen und dann werfen wir einen Blick hinein.<\/p>\t\t\t\t\t\t\t\t<\/div>\n\t\t\t\t<\/div>\n\t\t\t\t\t<\/div>\n\t\t<\/div>\n\t\t\t\t<div class=\"elementor-column elementor-col-50 elementor-top-column elementor-element elementor-element-bcdb107\" data-id=\"bcdb107\" data-element_type=\"column\" data-e-type=\"column\">\n\t\t\t<div class=\"elementor-widget-wrap elementor-element-populated\">\n\t\t\t\t\t\t<div class=\"elementor-element elementor-element-2cfa22f elementor-widget elementor-widget-image\" data-id=\"2cfa22f\" data-element_type=\"widget\" data-e-type=\"widget\" data-widget_type=\"image.default\">\n\t\t\t\t<div class=\"elementor-widget-container\">\n\t\t\t\t\t\t\t\t\t\t\t\t<figure class=\"wp-caption\">\n\t\t\t\t\t\t\t\t\t\t\t<a href=\"https:\/\/pim-blog.de\/home\/inhalt\/produkt-demos\/produktdemos-pim-systeme\/produktvorstellung-akeneo-pim-als-community-version\/\">\n\t\t\t\t\t\t\t<img decoding=\"async\" width=\"224\" height=\"224\" src=\"https:\/\/pim-blog.de\/wp-content\/uploads\/2023\/07\/akineo.jpeg\" class=\"attachment-large size-large wp-image-150\" alt=\"\" srcset=\"https:\/\/pim-blog.de\/wp-content\/uploads\/2023\/07\/akineo.jpeg 224w, https:\/\/pim-blog.de\/wp-content\/uploads\/2023\/07\/akineo-150x150.jpeg 150w\" sizes=\"(max-width: 224px) 100vw, 224px\" \/>\t\t\t\t\t\t\t\t<\/a>\n\t\t\t\t\t\t\t\t\t\t\t<figcaption class=\"widget-image-caption wp-caption-text\">Logo anklicken f\u00fcr Produktdemo<\/figcaption>\n\t\t\t\t\t\t\t\t\t\t<\/figure>\n\t\t\t\t\t\t\t\t\t<\/div>\n\t\t\t\t<\/div>\n\t\t\t\t\t<\/div>\n\t\t<\/div>\n\t\t\t\t\t<\/div>\n\t\t<\/section>\n\t\t\t\t<\/div>\n\t\t","protected":false},"excerpt":{"rendered":"<p>Lernen am System, das wissen wir alle, klappt am besten. Aber was machen wir, wenn wir noch gar kein System haben und uns eigentlich vorab nur einen Eindruck verschaffen wollen? Technische Features sind toll, aber sie m\u00fcssen auch bedienbar sein und das von der Anwendergattung. Ich wei\u00df das klingt jetzt gemein, aber die Realit\u00e4t zeigt es nur zu regelm\u00e4\u00dfig, der Grad an technischer Affinit\u00e4t zeigt doch eine enorme Spreizung bei den potenziellen Anwendern. Dann ist es umso sch\u00f6ner, wenn Anbieter Produktdemos anbieten, was mittlerweile die Regel darstellt. Jetzt darf es einem nichts ausmachen, dass im Nachgang unz\u00e4hlige Nachfragen reinflattern, denn umsonst m\u00f6chten sich die Anbieter die Arbeit ja nicht gemacht haben. Es ist auch nachvollziehbar, dass die Systeme der gro\u00dfen Anbieter, die sehr modular aufgebaut sind, nicht vollumf\u00e4nglich zug\u00e4nglich sein k\u00f6nnen. Bei Open-Source Anwendungen hingegen, ist das schon eher der Fall. Akeneo zum Beispiel stellt eine kostenlose Community-Instanz seiner L\u00f6sung zur Verf\u00fcgung, die als Docker-Instanz auf der Seite von Akeneo heruntergeladen werden kann. Auch hierzu werde ich im Verlauf noch detaillierte Insights geben. Starten werden wir mit einer Test-Instanz des Apollon OMN 5 in der Version 5.12 Logo anklicken f\u00fcr Produktdemo Das OMN 5 ist ein HTML basiertes PIM-System, welches sich durch seine modulare Vielfalt auszeichnet. In Verbindung mit dem Haus eigenen MAM, spielt es seine St\u00e4rken in der hohen Konfigurierbarkeit und der F\u00fclle an, von Apollon entwickelten KI Tools aus. KI Texterstellung, KI Bildverschlagwortungen, KI Bildfreistellungen und KI Face Recognition sind nur einige Features, die neben \u00dcbersetzungsschnittstellen zu Google, Trados oder DeepL und Workflowtools wie Camunda, die Arbeit erleichern. Aus meiner Sicht besonders wertvoll, auch Apollon bietet den &#8222;Enabling-Ansatz&#8220;&nbsp; an, d.h. 80-90% der Administration k\u00f6nnt ihr selbst, also Inhouse erledigen. Das zweite System, dem ich mich widmen m\u00f6chte, ist das Akeneo PIM und zwar die kostenlos zur Verf\u00fcgung gestellte Community Version. Akeneo erlaubt hier jedermann, eine lauff\u00e4hige Version des Core-Systems herunterzuladen und lokal auf der eigenen Umgebung zu erkunden. Im Folgenen werde ich eine virtuelle Instanz \u00fcber Docker Desktop herunterladen, die sehr einfache Installation auf einer virtuellen Maschine zeigen und dann werfen wir einen Blick hinein. Logo anklicken f\u00fcr Produktdemo<\/p>\n","protected":false},"author":1,"featured_media":0,"parent":148,"menu_order":2,"comment_status":"closed","ping_status":"closed","template":"","meta":{"footnotes":""},"class_list":["post-2380","page","type-page","status-publish","hentry"],"aioseo_notices":[],"_links":{"self":[{"href":"https:\/\/pim-blog.de\/home\/wp-json\/wp\/v2\/pages\/2380","targetHints":{"allow":["GET"]}}],"collection":[{"href":"https:\/\/pim-blog.de\/home\/wp-json\/wp\/v2\/pages"}],"about":[{"href":"https:\/\/pim-blog.de\/home\/wp-json\/wp\/v2\/types\/page"}],"author":[{"embeddable":true,"href":"https:\/\/pim-blog.de\/home\/wp-json\/wp\/v2\/users\/1"}],"replies":[{"embeddable":true,"href":"https:\/\/pim-blog.de\/home\/wp-json\/wp\/v2\/comments?post=2380"}],"version-history":[{"count":28,"href":"https:\/\/pim-blog.de\/home\/wp-json\/wp\/v2\/pages\/2380\/revisions"}],"predecessor-version":[{"id":2518,"href":"https:\/\/pim-blog.de\/home\/wp-json\/wp\/v2\/pages\/2380\/revisions\/2518"}],"up":[{"embeddable":true,"href":"https:\/\/pim-blog.de\/home\/wp-json\/wp\/v2\/pages\/148"}],"wp:attachment":[{"href":"https:\/\/pim-blog.de\/home\/wp-json\/wp\/v2\/media?parent=2380"}],"curies":[{"name":"wp","href":"https:\/\/api.w.org\/{rel}","templated":true}]}}