{"id":2985,"date":"2024-04-18T12:31:36","date_gmt":"2024-04-18T12:31:36","guid":{"rendered":"https:\/\/pim-blog.de\/home\/?page_id=2985"},"modified":"2024-04-18T13:54:14","modified_gmt":"2024-04-18T13:54:14","slug":"projektmanagement-software-der-kompass-durch-dein-projekt","status":"publish","type":"page","link":"https:\/\/pim-blog.de\/home\/inhalt\/produkt-demos\/projektmanagement-software-der-kompass-durch-dein-projekt\/","title":{"rendered":"Projektmanagement-Software &#8211; der Kompass durch Dein Projekt"},"content":{"rendered":"\t\t<div data-elementor-type=\"wp-page\" data-elementor-id=\"2985\" class=\"elementor elementor-2985\">\n\t\t\t\t\t\t<section class=\"elementor-section elementor-top-section elementor-element elementor-element-b33a5bf elementor-section-boxed elementor-section-height-default elementor-section-height-default wpr-particle-no wpr-jarallax-no wpr-parallax-no wpr-sticky-section-no wpr-equal-height-no\" data-id=\"b33a5bf\" data-element_type=\"section\" data-e-type=\"section\">\n\t\t\t\t\t\t<div class=\"elementor-container elementor-column-gap-default\">\n\t\t\t\t\t<div class=\"elementor-column elementor-col-50 elementor-top-column elementor-element elementor-element-e57d645\" data-id=\"e57d645\" data-element_type=\"column\" data-e-type=\"column\">\n\t\t\t<div class=\"elementor-widget-wrap elementor-element-populated\">\n\t\t\t\t\t\t<div class=\"elementor-element elementor-element-30bc0c9 elementor-widget elementor-widget-text-editor\" data-id=\"30bc0c9\" data-element_type=\"widget\" data-e-type=\"widget\" data-widget_type=\"text-editor.default\">\n\t\t\t\t<div class=\"elementor-widget-container\">\n\t\t\t\t\t\t\t\t\t<p>Ein effektives Projektmanagement ist das R\u00fcckgrat erfolgreicher Unternehmungen, egal ob es sich um kleine Start-ups oder um etablierte Gro\u00dfunternehmen handelt.\u00a0<\/p><p>In der heutigen digitalen \u00c4ra, in der Teams oft \u00fcber verschiedene Standorte verteilt sind und komplexe Projekte bew\u00e4ltigt werden m\u00fcssen, ist der Einsatz von Projektmanagement-Software unerl\u00e4sslich geworden. Diese Softwarel\u00f6sungen bieten eine Vielzahl von Tools und Funktionen, die es Teams erm\u00f6glichen, ihre Projekte effizient zu planen, zu verfolgen und zu verwalten.<\/p><p>Auf den grunds\u00e4tzlichen Nutzen von PM-Software werde ich nicht eingehen. Ich denke, jeder der nach solchen Tools sucht, ist mit Projekten vertraut und kennt den Bedarf an transparenter Kommunikation, Terminplanung und Aufgabenzuweisung.<\/p><p>Werfen wir also mal einen Blick auf die verschiedenen Anbieter von PM-Software. <strong><br \/><\/strong><\/p><p><strong>\u23e9Ein Klick auf die jeweilige Kachel verr\u00e4t mehr!<br \/><\/strong><\/p><p>\u00a0<\/p>\t\t\t\t\t\t\t\t<\/div>\n\t\t\t\t<\/div>\n\t\t\t\t\t<\/div>\n\t\t<\/div>\n\t\t\t\t<div class=\"elementor-column elementor-col-50 elementor-top-column elementor-element elementor-element-8b59242\" data-id=\"8b59242\" data-element_type=\"column\" data-e-type=\"column\">\n\t\t\t<div class=\"elementor-widget-wrap elementor-element-populated\">\n\t\t\t\t\t\t<div class=\"elementor-element elementor-element-22f7a34 elementor-widget elementor-widget-image\" data-id=\"22f7a34\" data-element_type=\"widget\" data-e-type=\"widget\" data-widget_type=\"image.default\">\n\t\t\t\t<div class=\"elementor-widget-container\">\n\t\t\t\t\t\t\t\t\t\t\t\t\t\t\t<img fetchpriority=\"high\" decoding=\"async\" width=\"300\" height=\"300\" src=\"https:\/\/pim-blog.de\/wp-content\/uploads\/2024\/04\/a-vibrant-and-eye-catching-t-shirt-design-featurin-dTGj9_5QTW-sbdBLnAMvtQ-9HNFfJJZR6Cygc9LWDdvGg-300x300.jpeg\" class=\"attachment-medium size-medium wp-image-2986\" alt=\"Titelbild Project Management\" srcset=\"https:\/\/pim-blog.de\/wp-content\/uploads\/2024\/04\/a-vibrant-and-eye-catching-t-shirt-design-featurin-dTGj9_5QTW-sbdBLnAMvtQ-9HNFfJJZR6Cygc9LWDdvGg-300x300.jpeg 300w, https:\/\/pim-blog.de\/wp-content\/uploads\/2024\/04\/a-vibrant-and-eye-catching-t-shirt-design-featurin-dTGj9_5QTW-sbdBLnAMvtQ-9HNFfJJZR6Cygc9LWDdvGg-150x150.jpeg 150w, https:\/\/pim-blog.de\/wp-content\/uploads\/2024\/04\/a-vibrant-and-eye-catching-t-shirt-design-featurin-dTGj9_5QTW-sbdBLnAMvtQ-9HNFfJJZR6Cygc9LWDdvGg-768x768.jpeg 768w, https:\/\/pim-blog.de\/wp-content\/uploads\/2024\/04\/a-vibrant-and-eye-catching-t-shirt-design-featurin-dTGj9_5QTW-sbdBLnAMvtQ-9HNFfJJZR6Cygc9LWDdvGg.jpeg 1024w\" sizes=\"(max-width: 300px) 100vw, 300px\" \/>\t\t\t\t\t\t\t\t\t\t\t\t\t\t\t<\/div>\n\t\t\t\t<\/div>\n\t\t\t\t\t<\/div>\n\t\t<\/div>\n\t\t\t\t\t<\/div>\n\t\t<\/section>\n\t\t\t\t<section class=\"elementor-section elementor-top-section elementor-element elementor-element-b859a14 elementor-section-boxed elementor-section-height-default elementor-section-height-default wpr-particle-no wpr-jarallax-no wpr-parallax-no wpr-sticky-section-no wpr-equal-height-no\" data-id=\"b859a14\" data-element_type=\"section\" data-e-type=\"section\">\n\t\t\t\t\t\t<div class=\"elementor-container elementor-column-gap-default\">\n\t\t\t\t\t<div class=\"elementor-column elementor-col-100 elementor-top-column elementor-element elementor-element-328b803\" data-id=\"328b803\" data-element_type=\"column\" data-e-type=\"column\">\n\t\t\t<div class=\"elementor-widget-wrap elementor-element-populated\">\n\t\t\t\t\t\t<div class=\"elementor-element elementor-element-839a911 wpr-advanced-text-style-animated wpr-fancy-text-typing wpr-animated-text-infinite-yes elementor-widget elementor-widget-wpr-advanced-text\" data-id=\"839a911\" data-element_type=\"widget\" data-e-type=\"widget\" data-settings=\"{&quot;anim_loop&quot;:&quot;yes&quot;}\" data-widget_type=\"wpr-advanced-text.default\">\n\t\t\t\t<div class=\"elementor-widget-container\">\n\t\t\t\t\t\n\t\t<h3 class=\"wpr-advanced-text\">\n\n\t\t\t\t\t\n\t\t\t\t\t\t\t<span class=\"wpr-advanced-text-preffix\">PM-Software Anbieter<\/span>\n\t\t\t\n\t\t<span class=\"wpr-anim-text wpr-anim-text-type-typing wpr-anim-text-letters\" data-anim-duration=\"200,2000\" data-anim-loop=\"yes\">\n\t\t\t<span class=\"wpr-anim-text-inner\">\n\t\t\t\t\t\t\t\t\t<b>2024<\/b>\n\t\t\t\t\t\t\t<\/span>\n\t\t\t<span class=\"wpr-anim-text-cursor\">|<\/span>\t\t<\/span>\n\n\t\t\t\t\n\t\t<\/h3>\n\t\t\n\t\t\t\t\t\t<\/div>\n\t\t\t\t<\/div>\n\t\t\t\t\t<\/div>\n\t\t<\/div>\n\t\t\t\t\t<\/div>\n\t\t<\/section>\n\t\t\t\t<section class=\"elementor-section elementor-top-section elementor-element elementor-element-ceb0789 elementor-section-boxed elementor-section-height-default elementor-section-height-default wpr-particle-no wpr-jarallax-no wpr-parallax-no wpr-sticky-section-no wpr-equal-height-no\" data-id=\"ceb0789\" data-element_type=\"section\" data-e-type=\"section\">\n\t\t\t\t\t\t<div class=\"elementor-container elementor-column-gap-default\">\n\t\t\t\t\t<div class=\"elementor-column elementor-col-33 elementor-top-column elementor-element elementor-element-18a2e57\" data-id=\"18a2e57\" data-element_type=\"column\" data-e-type=\"column\">\n\t\t\t<div class=\"elementor-widget-wrap elementor-element-populated\">\n\t\t\t\t\t\t<div class=\"elementor-element elementor-element-7b8c9b7 elementor-widget elementor-widget-image\" data-id=\"7b8c9b7\" data-element_type=\"widget\" data-e-type=\"widget\" data-widget_type=\"image.default\">\n\t\t\t\t<div class=\"elementor-widget-container\">\n\t\t\t\t\t\t\t\t\t\t\t\t\t\t\t\t<a href=\"https:\/\/pim-blog.de\/home\/inhalt\/produkt-demos\/factro-produktdemo\/\">\n\t\t\t\t\t\t\t<img decoding=\"async\" width=\"337\" height=\"212\" src=\"https:\/\/pim-blog.de\/wp-content\/uploads\/2024\/04\/factro_neu.png\" class=\"attachment-large size-large wp-image-3002\" alt=\"Logo Factro\" srcset=\"https:\/\/pim-blog.de\/wp-content\/uploads\/2024\/04\/factro_neu.png 337w, https:\/\/pim-blog.de\/wp-content\/uploads\/2024\/04\/factro_neu-300x189.png 300w\" sizes=\"(max-width: 337px) 100vw, 337px\" \/>\t\t\t\t\t\t\t\t<\/a>\n\t\t\t\t\t\t\t\t\t\t\t\t\t\t\t<\/div>\n\t\t\t\t<\/div>\n\t\t\t\t\t<\/div>\n\t\t<\/div>\n\t\t\t\t<div class=\"elementor-column elementor-col-33 elementor-top-column elementor-element elementor-element-0473ea1\" data-id=\"0473ea1\" data-element_type=\"column\" data-e-type=\"column\">\n\t\t\t<div class=\"elementor-widget-wrap elementor-element-populated\">\n\t\t\t\t\t\t<div class=\"elementor-element elementor-element-1ef1857 elementor-widget elementor-widget-image\" data-id=\"1ef1857\" data-element_type=\"widget\" data-e-type=\"widget\" data-widget_type=\"image.default\">\n\t\t\t\t<div class=\"elementor-widget-container\">\n\t\t\t\t\t\t\t\t\t\t\t\t\t\t\t\t<a href=\"https:\/\/pim-blog.de\/home\/inhalt\/produkt-demos\/projektmanagement-software-der-kompass-durch-dein-projekt\/trello-produktdemo\/\">\n\t\t\t\t\t\t\t<img decoding=\"async\" width=\"512\" height=\"256\" src=\"https:\/\/pim-blog.de\/wp-content\/uploads\/2024\/04\/trello.png\" class=\"attachment-large size-large wp-image-2998\" alt=\"Logo Trello\" srcset=\"https:\/\/pim-blog.de\/wp-content\/uploads\/2024\/04\/trello.png 512w, https:\/\/pim-blog.de\/wp-content\/uploads\/2024\/04\/trello-300x150.png 300w\" sizes=\"(max-width: 512px) 100vw, 512px\" \/>\t\t\t\t\t\t\t\t<\/a>\n\t\t\t\t\t\t\t\t\t\t\t\t\t\t\t<\/div>\n\t\t\t\t<\/div>\n\t\t\t\t\t<\/div>\n\t\t<\/div>\n\t\t\t\t<div class=\"elementor-column elementor-col-33 elementor-top-column elementor-element elementor-element-5f22171\" data-id=\"5f22171\" data-element_type=\"column\" data-e-type=\"column\">\n\t\t\t<div class=\"elementor-widget-wrap elementor-element-populated\">\n\t\t\t\t\t\t<div class=\"elementor-element elementor-element-dbc9bed elementor-widget elementor-widget-image\" data-id=\"dbc9bed\" data-element_type=\"widget\" data-e-type=\"widget\" data-widget_type=\"image.default\">\n\t\t\t\t<div class=\"elementor-widget-container\">\n\t\t\t\t\t\t\t\t\t\t\t\t\t\t\t\t<a href=\"https:\/\/pim-blog.de\/home\/inhalt\/produkt-demos\/projektmanagement-software-der-kompass-durch-dein-projekt\/notion-produktdemo\/\">\n\t\t\t\t\t\t\t<img loading=\"lazy\" decoding=\"async\" width=\"866\" height=\"650\" src=\"https:\/\/pim-blog.de\/wp-content\/uploads\/2024\/04\/notion_ma.jpg\" class=\"attachment-large size-large wp-image-3000\" alt=\"Logo Notion\" srcset=\"https:\/\/pim-blog.de\/wp-content\/uploads\/2024\/04\/notion_ma.jpg 866w, https:\/\/pim-blog.de\/wp-content\/uploads\/2024\/04\/notion_ma-300x225.jpg 300w, https:\/\/pim-blog.de\/wp-content\/uploads\/2024\/04\/notion_ma-768x576.jpg 768w\" sizes=\"(max-width: 866px) 100vw, 866px\" \/>\t\t\t\t\t\t\t\t<\/a>\n\t\t\t\t\t\t\t\t\t\t\t\t\t\t\t<\/div>\n\t\t\t\t<\/div>\n\t\t\t\t\t<\/div>\n\t\t<\/div>\n\t\t\t\t\t<\/div>\n\t\t<\/section>\n\t\t\t\t<section class=\"elementor-section elementor-top-section elementor-element elementor-element-df45baf elementor-section-boxed elementor-section-height-default elementor-section-height-default wpr-particle-no wpr-jarallax-no wpr-parallax-no wpr-sticky-section-no wpr-equal-height-no\" data-id=\"df45baf\" data-element_type=\"section\" data-e-type=\"section\">\n\t\t\t\t\t\t<div class=\"elementor-container elementor-column-gap-default\">\n\t\t\t\t\t<div class=\"elementor-column elementor-col-33 elementor-top-column elementor-element elementor-element-52d3762\" data-id=\"52d3762\" data-element_type=\"column\" data-e-type=\"column\">\n\t\t\t<div class=\"elementor-widget-wrap elementor-element-populated\">\n\t\t\t\t\t\t<div class=\"elementor-element elementor-element-005103a elementor-widget elementor-widget-image\" data-id=\"005103a\" data-element_type=\"widget\" data-e-type=\"widget\" data-widget_type=\"image.default\">\n\t\t\t\t<div class=\"elementor-widget-container\">\n\t\t\t\t\t\t\t\t\t\t\t\t\t\t\t\t<a href=\"https:\/\/pim-blog.de\/home\/inhalt\/produkt-demos\/projektmanagement-software-der-kompass-durch-dein-projekt\/asana-produktdemo\/\">\n\t\t\t\t\t\t\t<img loading=\"lazy\" decoding=\"async\" width=\"960\" height=\"687\" src=\"https:\/\/pim-blog.de\/wp-content\/uploads\/2024\/04\/asana-1024x733.png\" class=\"attachment-large size-large wp-image-2999\" alt=\"Logo Asana\" srcset=\"https:\/\/pim-blog.de\/wp-content\/uploads\/2024\/04\/asana-1024x733.png 1024w, https:\/\/pim-blog.de\/wp-content\/uploads\/2024\/04\/asana-300x215.png 300w, https:\/\/pim-blog.de\/wp-content\/uploads\/2024\/04\/asana-768x550.png 768w, https:\/\/pim-blog.de\/wp-content\/uploads\/2024\/04\/asana.png 1174w\" sizes=\"(max-width: 960px) 100vw, 960px\" \/>\t\t\t\t\t\t\t\t<\/a>\n\t\t\t\t\t\t\t\t\t\t\t\t\t\t\t<\/div>\n\t\t\t\t<\/div>\n\t\t\t\t\t<\/div>\n\t\t<\/div>\n\t\t\t\t<div class=\"elementor-column elementor-col-33 elementor-top-column elementor-element elementor-element-3e1c393\" data-id=\"3e1c393\" data-element_type=\"column\" data-e-type=\"column\">\n\t\t\t<div class=\"elementor-widget-wrap elementor-element-populated\">\n\t\t\t\t\t\t<div class=\"elementor-element elementor-element-c0df2cd elementor-widget elementor-widget-image\" data-id=\"c0df2cd\" data-element_type=\"widget\" data-e-type=\"widget\" data-widget_type=\"image.default\">\n\t\t\t\t<div class=\"elementor-widget-container\">\n\t\t\t\t\t\t\t\t\t\t\t\t\t\t\t\t<a href=\"https:\/\/pim-blog.de\/home\/inhalt\/produkt-demos\/projektmanagement-software-der-kompass-durch-dein-projekt\/monday-com-produktdemo\/\">\n\t\t\t\t\t\t\t<img loading=\"lazy\" decoding=\"async\" width=\"960\" height=\"277\" src=\"https:\/\/pim-blog.de\/wp-content\/uploads\/2024\/04\/monday-1024x295.png\" class=\"attachment-large size-large wp-image-2997\" alt=\"Logo monday.com freigestellt\" srcset=\"https:\/\/pim-blog.de\/wp-content\/uploads\/2024\/04\/monday-1024x295.png 1024w, https:\/\/pim-blog.de\/wp-content\/uploads\/2024\/04\/monday-300x87.png 300w, https:\/\/pim-blog.de\/wp-content\/uploads\/2024\/04\/monday-768x222.png 768w, https:\/\/pim-blog.de\/wp-content\/uploads\/2024\/04\/monday.png 1456w\" sizes=\"(max-width: 960px) 100vw, 960px\" \/>\t\t\t\t\t\t\t\t<\/a>\n\t\t\t\t\t\t\t\t\t\t\t\t\t\t\t<\/div>\n\t\t\t\t<\/div>\n\t\t\t\t\t<\/div>\n\t\t<\/div>\n\t\t\t\t<div class=\"elementor-column elementor-col-33 elementor-top-column elementor-element elementor-element-3382b44\" data-id=\"3382b44\" data-element_type=\"column\" data-e-type=\"column\">\n\t\t\t<div class=\"elementor-widget-wrap elementor-element-populated\">\n\t\t\t\t\t\t<div class=\"elementor-element elementor-element-651884e elementor-widget elementor-widget-image\" data-id=\"651884e\" data-element_type=\"widget\" data-e-type=\"widget\" data-widget_type=\"image.default\">\n\t\t\t\t<div class=\"elementor-widget-container\">\n\t\t\t\t\t\t\t\t\t\t\t\t\t\t\t\t<a href=\"https:\/\/pim-blog.de\/home\/inhalt\/produkt-demos\/projektmanagement-software-der-kompass-durch-dein-projekt\/basecamp-produktdemo\/\">\n\t\t\t\t\t\t\t<img loading=\"lazy\" decoding=\"async\" width=\"360\" height=\"358\" src=\"https:\/\/pim-blog.de\/wp-content\/uploads\/2024\/04\/basecamp.png\" class=\"attachment-large size-large wp-image-2994\" alt=\"Logo PM software\" srcset=\"https:\/\/pim-blog.de\/wp-content\/uploads\/2024\/04\/basecamp.png 360w, https:\/\/pim-blog.de\/wp-content\/uploads\/2024\/04\/basecamp-300x298.png 300w, https:\/\/pim-blog.de\/wp-content\/uploads\/2024\/04\/basecamp-150x150.png 150w\" sizes=\"(max-width: 360px) 100vw, 360px\" \/>\t\t\t\t\t\t\t\t<\/a>\n\t\t\t\t\t\t\t\t\t\t\t\t\t\t\t<\/div>\n\t\t\t\t<\/div>\n\t\t\t\t\t<\/div>\n\t\t<\/div>\n\t\t\t\t\t<\/div>\n\t\t<\/section>\n\t\t\t\t<section class=\"elementor-section elementor-top-section elementor-element elementor-element-23bc98b elementor-section-boxed elementor-section-height-default elementor-section-height-default wpr-particle-no wpr-jarallax-no wpr-parallax-no wpr-sticky-section-no wpr-equal-height-no\" data-id=\"23bc98b\" data-element_type=\"section\" data-e-type=\"section\">\n\t\t\t\t\t\t<div class=\"elementor-container elementor-column-gap-default\">\n\t\t\t\t\t<div class=\"elementor-column elementor-col-33 elementor-top-column elementor-element elementor-element-7bad457\" data-id=\"7bad457\" data-element_type=\"column\" data-e-type=\"column\">\n\t\t\t<div class=\"elementor-widget-wrap elementor-element-populated\">\n\t\t\t\t\t\t<div class=\"elementor-element elementor-element-eb78e0a elementor-widget elementor-widget-image\" data-id=\"eb78e0a\" data-element_type=\"widget\" data-e-type=\"widget\" data-widget_type=\"image.default\">\n\t\t\t\t<div class=\"elementor-widget-container\">\n\t\t\t\t\t\t\t\t\t\t\t\t\t\t\t\t<a href=\"https:\/\/pim-blog.de\/home\/inhalt\/produkt-demos\/projektmanagement-software-der-kompass-durch-dein-projekt\/stackfield-produktdemo\/\">\n\t\t\t\t\t\t\t<img loading=\"lazy\" decoding=\"async\" width=\"350\" height=\"350\" src=\"https:\/\/pim-blog.de\/wp-content\/uploads\/2024\/04\/stackfield-logo.png\" class=\"attachment-large size-large wp-image-2996\" alt=\"Logo stackfield\" srcset=\"https:\/\/pim-blog.de\/wp-content\/uploads\/2024\/04\/stackfield-logo.png 350w, https:\/\/pim-blog.de\/wp-content\/uploads\/2024\/04\/stackfield-logo-300x300.png 300w, https:\/\/pim-blog.de\/wp-content\/uploads\/2024\/04\/stackfield-logo-150x150.png 150w\" sizes=\"(max-width: 350px) 100vw, 350px\" \/>\t\t\t\t\t\t\t\t<\/a>\n\t\t\t\t\t\t\t\t\t\t\t\t\t\t\t<\/div>\n\t\t\t\t<\/div>\n\t\t\t\t\t<\/div>\n\t\t<\/div>\n\t\t\t\t<div class=\"elementor-column elementor-col-33 elementor-top-column elementor-element elementor-element-a66a87d\" data-id=\"a66a87d\" data-element_type=\"column\" data-e-type=\"column\">\n\t\t\t<div class=\"elementor-widget-wrap elementor-element-populated\">\n\t\t\t\t\t\t<div class=\"elementor-element elementor-element-8e75095 elementor-widget elementor-widget-image\" data-id=\"8e75095\" data-element_type=\"widget\" data-e-type=\"widget\" data-widget_type=\"image.default\">\n\t\t\t\t<div class=\"elementor-widget-container\">\n\t\t\t\t\t\t\t\t\t\t\t\t\t\t\t\t<a href=\"https:\/\/pim-blog.de\/home\/inhalt\/produkt-demos\/projektmanagement-software-der-kompass-durch-dein-projekt\/jira-produktdemo\/\">\n\t\t\t\t\t\t\t<img loading=\"lazy\" decoding=\"async\" width=\"388\" height=\"130\" src=\"https:\/\/pim-blog.de\/wp-content\/uploads\/2024\/04\/jira.png\" class=\"attachment-large size-large wp-image-2995\" alt=\"Logo Jira\" srcset=\"https:\/\/pim-blog.de\/wp-content\/uploads\/2024\/04\/jira.png 388w, https:\/\/pim-blog.de\/wp-content\/uploads\/2024\/04\/jira-300x101.png 300w\" sizes=\"(max-width: 388px) 100vw, 388px\" \/>\t\t\t\t\t\t\t\t<\/a>\n\t\t\t\t\t\t\t\t\t\t\t\t\t\t\t<\/div>\n\t\t\t\t<\/div>\n\t\t\t\t\t<\/div>\n\t\t<\/div>\n\t\t\t\t<div class=\"elementor-column elementor-col-33 elementor-top-column elementor-element elementor-element-6a0e83a\" data-id=\"6a0e83a\" data-element_type=\"column\" data-e-type=\"column\">\n\t\t\t<div class=\"elementor-widget-wrap elementor-element-populated\">\n\t\t\t\t\t\t<div class=\"elementor-element elementor-element-10203ba elementor-widget elementor-widget-image\" data-id=\"10203ba\" data-element_type=\"widget\" data-e-type=\"widget\" data-widget_type=\"image.default\">\n\t\t\t\t<div class=\"elementor-widget-container\">\n\t\t\t\t\t\t\t\t\t\t\t\t\t\t\t\t<a href=\"https:\/\/pim-blog.de\/home\/inhalt\/produkt-demos\/projektmanagement-software-der-kompass-durch-dein-projekt\/merlin-produktdemo\/\">\n\t\t\t\t\t\t\t<img loading=\"lazy\" decoding=\"async\" width=\"188\" height=\"188\" src=\"https:\/\/pim-blog.de\/wp-content\/uploads\/2024\/04\/merlin.png\" class=\"attachment-large size-large wp-image-2990\" alt=\"Logo PM Software Merlin\" srcset=\"https:\/\/pim-blog.de\/wp-content\/uploads\/2024\/04\/merlin.png 188w, https:\/\/pim-blog.de\/wp-content\/uploads\/2024\/04\/merlin-150x150.png 150w\" sizes=\"(max-width: 188px) 100vw, 188px\" \/>\t\t\t\t\t\t\t\t<\/a>\n\t\t\t\t\t\t\t\t\t\t\t\t\t\t\t<\/div>\n\t\t\t\t<\/div>\n\t\t\t\t\t<\/div>\n\t\t<\/div>\n\t\t\t\t\t<\/div>\n\t\t<\/section>\n\t\t\t\t<section class=\"elementor-section elementor-top-section elementor-element elementor-element-0a71f88 elementor-section-boxed elementor-section-height-default elementor-section-height-default wpr-particle-no wpr-jarallax-no wpr-parallax-no wpr-sticky-section-no wpr-equal-height-no\" data-id=\"0a71f88\" data-element_type=\"section\" data-e-type=\"section\">\n\t\t\t\t\t\t<div class=\"elementor-container elementor-column-gap-default\">\n\t\t\t\t\t<div class=\"elementor-column elementor-col-33 elementor-top-column elementor-element elementor-element-88e638c\" data-id=\"88e638c\" data-element_type=\"column\" data-e-type=\"column\">\n\t\t\t<div class=\"elementor-widget-wrap elementor-element-populated\">\n\t\t\t\t\t\t<div class=\"elementor-element elementor-element-8e88b9f elementor-widget elementor-widget-image\" data-id=\"8e88b9f\" data-element_type=\"widget\" data-e-type=\"widget\" data-widget_type=\"image.default\">\n\t\t\t\t<div class=\"elementor-widget-container\">\n\t\t\t\t\t\t\t\t\t\t\t\t\t\t\t\t<a href=\"https:\/\/pim-blog.de\/home\/inhalt\/produkt-demos\/projektmanagement-software-der-kompass-durch-dein-projekt\/airtable-produktdemo\/\">\n\t\t\t\t\t\t\t<img loading=\"lazy\" decoding=\"async\" width=\"866\" height=\"650\" src=\"https:\/\/pim-blog.de\/wp-content\/uploads\/2024\/04\/airtable.jpg\" class=\"attachment-large size-large wp-image-2993\" alt=\"Logo Airtable\" srcset=\"https:\/\/pim-blog.de\/wp-content\/uploads\/2024\/04\/airtable.jpg 866w, https:\/\/pim-blog.de\/wp-content\/uploads\/2024\/04\/airtable-300x225.jpg 300w, https:\/\/pim-blog.de\/wp-content\/uploads\/2024\/04\/airtable-768x576.jpg 768w\" sizes=\"(max-width: 866px) 100vw, 866px\" \/>\t\t\t\t\t\t\t\t<\/a>\n\t\t\t\t\t\t\t\t\t\t\t\t\t\t\t<\/div>\n\t\t\t\t<\/div>\n\t\t\t\t\t<\/div>\n\t\t<\/div>\n\t\t\t\t<div class=\"elementor-column elementor-col-33 elementor-top-column elementor-element elementor-element-4c1db50\" data-id=\"4c1db50\" data-element_type=\"column\" data-e-type=\"column\">\n\t\t\t<div class=\"elementor-widget-wrap elementor-element-populated\">\n\t\t\t\t\t\t<div class=\"elementor-element elementor-element-b6fc41f elementor-widget elementor-widget-image\" data-id=\"b6fc41f\" data-element_type=\"widget\" data-e-type=\"widget\" data-widget_type=\"image.default\">\n\t\t\t\t<div class=\"elementor-widget-container\">\n\t\t\t\t\t\t\t\t\t\t\t\t\t\t\t\t<a href=\"https:\/\/pim-blog.de\/home\/inhalt\/produkt-demos\/projektmanagement-software-der-kompass-durch-dein-projekt\/podio-produktdemo\/\">\n\t\t\t\t\t\t\t<img loading=\"lazy\" decoding=\"async\" width=\"960\" height=\"480\" src=\"https:\/\/pim-blog.de\/wp-content\/uploads\/2024\/04\/podio-1024x512.webp\" class=\"attachment-large size-large wp-image-2991\" alt=\"Logo Podio\" srcset=\"https:\/\/pim-blog.de\/wp-content\/uploads\/2024\/04\/podio-1024x512.webp 1024w, https:\/\/pim-blog.de\/wp-content\/uploads\/2024\/04\/podio-300x150.webp 300w, https:\/\/pim-blog.de\/wp-content\/uploads\/2024\/04\/podio-768x384.webp 768w, https:\/\/pim-blog.de\/wp-content\/uploads\/2024\/04\/podio-1536x768.webp 1536w, https:\/\/pim-blog.de\/wp-content\/uploads\/2024\/04\/podio-2048x1024.webp 2048w\" sizes=\"(max-width: 960px) 100vw, 960px\" \/>\t\t\t\t\t\t\t\t<\/a>\n\t\t\t\t\t\t\t\t\t\t\t\t\t\t\t<\/div>\n\t\t\t\t<\/div>\n\t\t\t\t\t<\/div>\n\t\t<\/div>\n\t\t\t\t<div class=\"elementor-column elementor-col-33 elementor-top-column elementor-element elementor-element-3113b81\" data-id=\"3113b81\" data-element_type=\"column\" data-e-type=\"column\">\n\t\t\t<div class=\"elementor-widget-wrap elementor-element-populated\">\n\t\t\t\t\t\t<div class=\"elementor-element elementor-element-305f2d4 elementor-widget elementor-widget-image\" data-id=\"305f2d4\" data-element_type=\"widget\" data-e-type=\"widget\" data-widget_type=\"image.default\">\n\t\t\t\t<div class=\"elementor-widget-container\">\n\t\t\t\t\t\t\t\t\t\t\t\t\t\t\t\t<a href=\"https:\/\/pim-blog.de\/home\/inhalt\/produkt-demos\/projektmanagement-software-der-kompass-durch-dein-projekt\/awork-produktdemo\/\">\n\t\t\t\t\t\t\t<img loading=\"lazy\" decoding=\"async\" width=\"960\" height=\"266\" src=\"https:\/\/pim-blog.de\/wp-content\/uploads\/2024\/04\/awork.webp\" class=\"attachment-large size-large wp-image-3001\" alt=\"Logo awork\" srcset=\"https:\/\/pim-blog.de\/wp-content\/uploads\/2024\/04\/awork.webp 1000w, https:\/\/pim-blog.de\/wp-content\/uploads\/2024\/04\/awork-300x83.webp 300w, https:\/\/pim-blog.de\/wp-content\/uploads\/2024\/04\/awork-768x213.webp 768w\" sizes=\"(max-width: 960px) 100vw, 960px\" \/>\t\t\t\t\t\t\t\t<\/a>\n\t\t\t\t\t\t\t\t\t\t\t\t\t\t\t<\/div>\n\t\t\t\t<\/div>\n\t\t\t\t\t<\/div>\n\t\t<\/div>\n\t\t\t\t\t<\/div>\n\t\t<\/section>\n\t\t\t\t<\/div>\n\t\t","protected":false},"excerpt":{"rendered":"<p>Ein effektives Projektmanagement ist das R\u00fcckgrat erfolgreicher Unternehmungen, egal ob es sich um kleine Start-ups oder um etablierte Gro\u00dfunternehmen handelt.\u00a0 In der heutigen digitalen \u00c4ra, in der Teams oft \u00fcber verschiedene Standorte verteilt sind und komplexe Projekte bew\u00e4ltigt werden m\u00fcssen, ist der Einsatz von Projektmanagement-Software unerl\u00e4sslich geworden. Diese Softwarel\u00f6sungen bieten eine Vielzahl von Tools und Funktionen, die es Teams erm\u00f6glichen, ihre Projekte effizient zu planen, zu verfolgen und zu verwalten. Auf den grunds\u00e4tzlichen Nutzen von PM-Software werde ich nicht eingehen. Ich denke, jeder der nach solchen Tools sucht, ist mit Projekten vertraut und kennt den Bedarf an transparenter Kommunikation, Terminplanung und Aufgabenzuweisung. Werfen wir also mal einen Blick auf die verschiedenen Anbieter von PM-Software. \u23e9Ein Klick auf die jeweilige Kachel verr\u00e4t mehr! \u00a0 PM-Software Anbieter 2024 |<\/p>\n","protected":false},"author":1,"featured_media":0,"parent":148,"menu_order":1,"comment_status":"closed","ping_status":"closed","template":"","meta":{"footnotes":""},"class_list":["post-2985","page","type-page","status-publish","hentry"],"aioseo_notices":[],"_links":{"self":[{"href":"https:\/\/pim-blog.de\/home\/wp-json\/wp\/v2\/pages\/2985","targetHints":{"allow":["GET"]}}],"collection":[{"href":"https:\/\/pim-blog.de\/home\/wp-json\/wp\/v2\/pages"}],"about":[{"href":"https:\/\/pim-blog.de\/home\/wp-json\/wp\/v2\/types\/page"}],"author":[{"embeddable":true,"href":"https:\/\/pim-blog.de\/home\/wp-json\/wp\/v2\/users\/1"}],"replies":[{"embeddable":true,"href":"https:\/\/pim-blog.de\/home\/wp-json\/wp\/v2\/comments?post=2985"}],"version-history":[{"count":51,"href":"https:\/\/pim-blog.de\/home\/wp-json\/wp\/v2\/pages\/2985\/revisions"}],"predecessor-version":[{"id":3134,"href":"https:\/\/pim-blog.de\/home\/wp-json\/wp\/v2\/pages\/2985\/revisions\/3134"}],"up":[{"embeddable":true,"href":"https:\/\/pim-blog.de\/home\/wp-json\/wp\/v2\/pages\/148"}],"wp:attachment":[{"href":"https:\/\/pim-blog.de\/home\/wp-json\/wp\/v2\/media?parent=2985"}],"curies":[{"name":"wp","href":"https:\/\/api.w.org\/{rel}","templated":true}]}}