{"id":3677,"date":"2024-09-06T15:03:06","date_gmt":"2024-09-06T15:03:06","guid":{"rendered":"https:\/\/pim-blog.de\/home\/?page_id=3677"},"modified":"2024-09-13T08:53:32","modified_gmt":"2024-09-13T08:53:32","slug":"agiles-projektmanagement","status":"publish","type":"page","link":"https:\/\/pim-blog.de\/home\/inhalt\/3-2-1-ein-pim-projekt\/projekt-grundlagen\/projektmanagement-klassisch-oder-agil\/agiles-projektmanagement\/","title":{"rendered":"Agiles Projektmanagement"},"content":{"rendered":"\t\t<div data-elementor-type=\"wp-page\" data-elementor-id=\"3677\" class=\"elementor elementor-3677\">\n\t\t\t\t\t\t<section class=\"elementor-section elementor-top-section elementor-element elementor-element-84281bc elementor-section-boxed elementor-section-height-default elementor-section-height-default wpr-particle-no wpr-jarallax-no wpr-parallax-no wpr-sticky-section-no wpr-equal-height-no\" data-id=\"84281bc\" data-element_type=\"section\" data-e-type=\"section\">\n\t\t\t\t\t\t<div class=\"elementor-container elementor-column-gap-default\">\n\t\t\t\t\t<div class=\"elementor-column elementor-col-100 elementor-top-column elementor-element elementor-element-a13a4dc\" data-id=\"a13a4dc\" data-element_type=\"column\" data-e-type=\"column\">\n\t\t\t<div class=\"elementor-widget-wrap elementor-element-populated\">\n\t\t\t\t\t\t<div class=\"elementor-element elementor-element-f57f6a2 elementor-widget elementor-widget-text-editor\" data-id=\"f57f6a2\" data-element_type=\"widget\" data-e-type=\"widget\" data-widget_type=\"text-editor.default\">\n\t\t\t\t<div class=\"elementor-widget-container\">\n\t\t\t\t\t\t\t\t\t<p>Wenn der Begriff agiles Projektmanagements f\u00e4llt, dann werden den meisten Menschen gleich zwei Begriffe in den Kopf kommen:<\/p><ul><li>SCRUM<\/li><li>KANBAN<\/li><\/ul><p>Etwas weniger gel\u00e4ufig sind wahrscheinlich:<\/p><ul><li>Scrumban<\/li><li>iterative Development<\/li><li>Extreme Programming<\/li><li>Lean Startup<\/li><\/ul><p>Was es damit auf sich hat und ob das alles zum Thema agile PM-Methoden abdeckt, dazu sp\u00e4ter mehr.<\/p><p>Zuerst m\u00f6chte ich meinem Bildungsauftrag nachkommen und etwas zur Geschichte kundtun:<\/p>\t\t\t\t\t\t\t\t<\/div>\n\t\t\t\t<\/div>\n\t\t\t\t\t<\/div>\n\t\t<\/div>\n\t\t\t\t\t<\/div>\n\t\t<\/section>\n\t\t\t\t<section class=\"elementor-section elementor-top-section elementor-element elementor-element-a7736d0 elementor-section-boxed elementor-section-height-default elementor-section-height-default wpr-particle-no wpr-jarallax-no wpr-parallax-no wpr-sticky-section-no wpr-equal-height-no\" data-id=\"a7736d0\" data-element_type=\"section\" data-e-type=\"section\">\n\t\t\t\t\t\t<div class=\"elementor-container elementor-column-gap-default\">\n\t\t\t\t\t<div class=\"elementor-column elementor-col-66 elementor-top-column elementor-element elementor-element-f827b89\" data-id=\"f827b89\" data-element_type=\"column\" data-e-type=\"column\">\n\t\t\t<div class=\"elementor-widget-wrap elementor-element-populated\">\n\t\t\t\t\t\t<div class=\"elementor-element elementor-element-64afbc0 elementor-widget elementor-widget-text-editor\" data-id=\"64afbc0\" data-element_type=\"widget\" data-e-type=\"widget\" data-widget_type=\"text-editor.default\">\n\t\t\t\t<div class=\"elementor-widget-container\">\n\t\t\t\t\t\t\t\t\t<p>Agiles Projektmanagement hat seinen Ursprung in den 1990er Jahren, als die Softwareentwicklung zunehmend an Komplexit\u00e4t gewann und traditionelle, planungsgetriebene Ans\u00e4tze wie das Wasserfallmodell an ihre Grenzen stie\u00dfen. Vor allem in den USA entwickelte sich das Bed\u00fcrfnis nach flexibleren Methoden, um schneller auf \u00c4nderungen im Markt und auf Kundenw\u00fcnsche reagieren zu k\u00f6nnen. Dies f\u00fchrte zur Entstehung agiler Ans\u00e4tze in der Softwareentwicklung.<\/p><p>Ein bedeutender Meilenstein war die Ver\u00f6ffentlichung des <strong>Agilen Manifests<\/strong> im Jahr 2001 in Utah, USA. Eine Gruppe von 17 Softwareentwicklern, darunter prominente Vertreter wie Ken Schwaber und Jeff Sutherland (Scrum) sowie Kent Beck (Extreme Programming, XP), formulierte dieses Manifest, um einen neuen, flexibleren Ansatz f\u00fcr die Softwareentwicklung zu schaffen. Es umfasst vier zentrale Werte und zw\u00f6lf Prinzipien, die den Kern des agilen Arbeitens beschreiben (Download als PDF <a href=\"https:\/\/pim-blog.de\/wp-content\/uploads\/2024\/09\/agiles_manifest.pdf\">agiles_manifest<\/a>).<\/p>\t\t\t\t\t\t\t\t<\/div>\n\t\t\t\t<\/div>\n\t\t\t\t\t<\/div>\n\t\t<\/div>\n\t\t\t\t<div class=\"elementor-column elementor-col-33 elementor-top-column elementor-element elementor-element-2a053f4\" data-id=\"2a053f4\" data-element_type=\"column\" data-e-type=\"column\">\n\t\t\t<div class=\"elementor-widget-wrap elementor-element-populated\">\n\t\t\t\t\t\t<div class=\"elementor-element elementor-element-6a01b9b elementor-widget elementor-widget-image\" data-id=\"6a01b9b\" data-element_type=\"widget\" data-e-type=\"widget\" data-widget_type=\"image.default\">\n\t\t\t\t<div class=\"elementor-widget-container\">\n\t\t\t\t\t\t\t\t\t\t\t\t<figure class=\"wp-caption\">\n\t\t\t\t\t\t\t\t\t\t<img fetchpriority=\"high\" decoding=\"async\" width=\"960\" height=\"960\" src=\"https:\/\/pim-blog.de\/wp-content\/uploads\/2024\/09\/a-virtual-illustration-of-a-professor-and-a-group-OcWrMOTlTCyTM0JlpG63bA-njMsILmyTx-QdG2HCxwC4g.jpeg\" class=\"attachment-large size-large wp-image-3688\" alt=\"Geschichtsstunde\" srcset=\"https:\/\/pim-blog.de\/wp-content\/uploads\/2024\/09\/a-virtual-illustration-of-a-professor-and-a-group-OcWrMOTlTCyTM0JlpG63bA-njMsILmyTx-QdG2HCxwC4g.jpeg 1024w, https:\/\/pim-blog.de\/wp-content\/uploads\/2024\/09\/a-virtual-illustration-of-a-professor-and-a-group-OcWrMOTlTCyTM0JlpG63bA-njMsILmyTx-QdG2HCxwC4g-300x300.jpeg 300w, https:\/\/pim-blog.de\/wp-content\/uploads\/2024\/09\/a-virtual-illustration-of-a-professor-and-a-group-OcWrMOTlTCyTM0JlpG63bA-njMsILmyTx-QdG2HCxwC4g-150x150.jpeg 150w, https:\/\/pim-blog.de\/wp-content\/uploads\/2024\/09\/a-virtual-illustration-of-a-professor-and-a-group-OcWrMOTlTCyTM0JlpG63bA-njMsILmyTx-QdG2HCxwC4g-768x768.jpeg 768w\" sizes=\"(max-width: 960px) 100vw, 960px\" \/>\t\t\t\t\t\t\t\t\t\t\t<figcaption class=\"widget-image-caption wp-caption-text\">Quelle: https:\/\/ideogram.ai\/g\/njMsILmyTx-QdG2HCxwC4g\/1<\/figcaption>\n\t\t\t\t\t\t\t\t\t\t<\/figure>\n\t\t\t\t\t\t\t\t\t<\/div>\n\t\t\t\t<\/div>\n\t\t\t\t\t<\/div>\n\t\t<\/div>\n\t\t\t\t\t<\/div>\n\t\t<\/section>\n\t\t\t\t<section class=\"elementor-section elementor-top-section elementor-element elementor-element-5922888 elementor-section-boxed elementor-section-height-default elementor-section-height-default wpr-particle-no wpr-jarallax-no wpr-parallax-no wpr-sticky-section-no wpr-equal-height-no\" data-id=\"5922888\" data-element_type=\"section\" data-e-type=\"section\">\n\t\t\t\t\t\t<div class=\"elementor-container elementor-column-gap-default\">\n\t\t\t\t\t<div class=\"elementor-column elementor-col-100 elementor-top-column elementor-element elementor-element-acad4d5\" data-id=\"acad4d5\" data-element_type=\"column\" data-e-type=\"column\">\n\t\t\t<div class=\"elementor-widget-wrap elementor-element-populated\">\n\t\t\t\t\t\t<div class=\"elementor-element elementor-element-c3c6871 elementor-widget__width-initial elementor-widget elementor-widget-text-editor\" data-id=\"c3c6871\" data-element_type=\"widget\" data-e-type=\"widget\" data-widget_type=\"text-editor.default\">\n\t\t\t\t<div class=\"elementor-widget-container\">\n\t\t\t\t\t\t\t\t\t<h3>Die vier Werte des Agilen Manifests:<\/h3>\n<ol>\n<li><strong>Individuen und Interaktionen<\/strong> mehr als Prozesse und Werkzeuge.<\/li>\n<li><strong>Funktionierende Software<\/strong> mehr als umfassende Dokumentation.<\/li>\n<li><strong>Zusammenarbeit mit dem Kunden<\/strong> mehr als Vertragsverhandlungen.<\/li>\n<li><strong>Reagieren auf Ver\u00e4nderung<\/strong> mehr als das Befolgen eines Plans.<\/li>\n<\/ol>\n<p>Das bedeutet nicht, dass die Aspekte auf der rechten Seite nicht wichtig sind, aber die linken Aspekte werden im agilen Vorgehen st\u00e4rker gewichtet.<\/p>\n<h3>Grundprinzipien agilen Projektmanagements<\/h3>\n<p>Agiles Projektmanagement zeichnet sich durch iterative und inkrementelle Prozesse aus, die es Teams erm\u00f6glichen, auf Ver\u00e4nderungen flexibel zu reagieren. Statt eines starren Projektplans wird auf eine kontinuierliche Anpassung der Ziele und Anforderungen gesetzt, basierend auf regelm\u00e4\u00dfigem Kundenfeedback. Der Fokus liegt dabei auf der schnellen Bereitstellung von funktionierenden Teilergebnissen, was eine st\u00e4ndige Optimierung und enge Zusammenarbeit innerhalb des Teams sowie mit dem Kunden voraussetzt.<\/p>\n<h3>Bekannte Methoden des agilen Projektmanagements<\/h3>\n<p>Zu den bekanntesten agilen Methoden geh\u00f6ren:<\/p>\n<ul>\n<li><strong>Scrum<\/strong>: Ein Rahmenwerk f\u00fcr die schrittweise Entwicklung von Produkten, bei dem in kurzen Iterationen (Sprints) gearbeitet wird und die Ergebnisse regelm\u00e4\u00dfig \u00fcberpr\u00fcft und angepasst werden.<\/li>\n<li><strong>Kanban<\/strong>: Eine Methode, die den Workflow visualisiert und optimiert, indem Aufgaben auf einem Kanban-Board dargestellt und kontinuierlich bearbeitet werden.<\/li>\n<li><strong>Extreme Programming (XP)<\/strong>: Diese Methode legt den Fokus auf technische Exzellenz, z. B. durch Paarprogrammierung und testgetriebene Entwicklung, um die Softwarequalit\u00e4t zu erh\u00f6hen.<\/li>\n<\/ul>\n<p><br><\/p><p>Insgesamt erm\u00f6glicht agiles Projektmanagement eine dynamischere, kundenorientierte und effiziente Herangehensweise, die sich insbesondere in der Softwareentwicklung, aber zunehmend auch in anderen Branchen etabliert hat.<\/p>\t\t\t\t\t\t\t\t<\/div>\n\t\t\t\t<\/div>\n\t\t\t\t\t<\/div>\n\t\t<\/div>\n\t\t\t\t\t<\/div>\n\t\t<\/section>\n\t\t\t\t<section class=\"elementor-section elementor-top-section elementor-element elementor-element-2933357 elementor-section-boxed elementor-section-height-default elementor-section-height-default wpr-particle-no wpr-jarallax-no wpr-parallax-no wpr-sticky-section-no wpr-equal-height-no\" data-id=\"2933357\" data-element_type=\"section\" data-e-type=\"section\">\n\t\t\t\t\t\t<div class=\"elementor-container elementor-column-gap-default\">\n\t\t\t\t\t<div class=\"elementor-column elementor-col-100 elementor-top-column elementor-element elementor-element-d7788b4\" data-id=\"d7788b4\" data-element_type=\"column\" data-e-type=\"column\">\n\t\t\t<div class=\"elementor-widget-wrap elementor-element-populated\">\n\t\t\t\t\t\t<div class=\"elementor-element elementor-element-208b7ea elementor-widget elementor-widget-spacer\" data-id=\"208b7ea\" data-element_type=\"widget\" data-e-type=\"widget\" data-widget_type=\"spacer.default\">\n\t\t\t\t<div class=\"elementor-widget-container\">\n\t\t\t\t\t\t\t<div class=\"elementor-spacer\">\n\t\t\t<div class=\"elementor-spacer-inner\"><\/div>\n\t\t<\/div>\n\t\t\t\t\t\t<\/div>\n\t\t\t\t<\/div>\n\t\t\t\t<div class=\"elementor-element elementor-element-1a13ad7 elementor-widget elementor-widget-text-editor\" data-id=\"1a13ad7\" data-element_type=\"widget\" data-e-type=\"widget\" data-widget_type=\"text-editor.default\">\n\t\t\t\t<div class=\"elementor-widget-container\">\n\t\t\t\t\t\t\t\t\t<p>Im folgenden werden wir die beiden bekanntesten Methoden einmal n\u00e4her beleuchten. Wie von mir gewohnt, einfach auf die entsprechende Kachel klicken und schon geht es weiter.<\/p>\t\t\t\t\t\t\t\t<\/div>\n\t\t\t\t<\/div>\n\t\t\t\t\t<\/div>\n\t\t<\/div>\n\t\t\t\t\t<\/div>\n\t\t<\/section>\n\t\t\t\t<section class=\"elementor-section elementor-top-section elementor-element elementor-element-92b78af elementor-section-boxed elementor-section-height-default elementor-section-height-default wpr-particle-no wpr-jarallax-no wpr-parallax-no wpr-sticky-section-no wpr-equal-height-no\" data-id=\"92b78af\" data-element_type=\"section\" data-e-type=\"section\">\n\t\t\t\t\t\t<div class=\"elementor-container elementor-column-gap-default\">\n\t\t\t\t\t<div class=\"elementor-column elementor-col-33 elementor-top-column elementor-element elementor-element-7214d3b\" data-id=\"7214d3b\" data-element_type=\"column\" data-e-type=\"column\">\n\t\t\t<div class=\"elementor-widget-wrap elementor-element-populated\">\n\t\t\t\t\t\t<div class=\"elementor-element elementor-element-41cafd2 elementor-widget elementor-widget-image\" data-id=\"41cafd2\" data-element_type=\"widget\" data-e-type=\"widget\" data-widget_type=\"image.default\">\n\t\t\t\t<div class=\"elementor-widget-container\">\n\t\t\t\t\t\t\t\t\t\t\t\t<figure class=\"wp-caption\">\n\t\t\t\t\t\t\t\t\t\t\t<a href=\"https:\/\/pim-blog.de\/home\/?page_id=3717\">\n\t\t\t\t\t\t\t<img decoding=\"async\" width=\"960\" height=\"960\" src=\"https:\/\/pim-blog.de\/wp-content\/uploads\/2024\/09\/a-photo-of-a-brick-wall-with-a-neon-light-sign-tha-bLIi9y6LT9uYFPp-8k7uQg-XSvmkIbPS8izVBZ3S8gNbw.jpeg\" class=\"attachment-large size-large wp-image-3702\" alt=\"Scrum\" srcset=\"https:\/\/pim-blog.de\/wp-content\/uploads\/2024\/09\/a-photo-of-a-brick-wall-with-a-neon-light-sign-tha-bLIi9y6LT9uYFPp-8k7uQg-XSvmkIbPS8izVBZ3S8gNbw.jpeg 1024w, https:\/\/pim-blog.de\/wp-content\/uploads\/2024\/09\/a-photo-of-a-brick-wall-with-a-neon-light-sign-tha-bLIi9y6LT9uYFPp-8k7uQg-XSvmkIbPS8izVBZ3S8gNbw-300x300.jpeg 300w, https:\/\/pim-blog.de\/wp-content\/uploads\/2024\/09\/a-photo-of-a-brick-wall-with-a-neon-light-sign-tha-bLIi9y6LT9uYFPp-8k7uQg-XSvmkIbPS8izVBZ3S8gNbw-150x150.jpeg 150w, https:\/\/pim-blog.de\/wp-content\/uploads\/2024\/09\/a-photo-of-a-brick-wall-with-a-neon-light-sign-tha-bLIi9y6LT9uYFPp-8k7uQg-XSvmkIbPS8izVBZ3S8gNbw-768x768.jpeg 768w\" sizes=\"(max-width: 960px) 100vw, 960px\" \/>\t\t\t\t\t\t\t\t<\/a>\n\t\t\t\t\t\t\t\t\t\t\t<figcaption class=\"widget-image-caption wp-caption-text\">Quelle: https:\/\/ideogram.ai\/<\/figcaption>\n\t\t\t\t\t\t\t\t\t\t<\/figure>\n\t\t\t\t\t\t\t\t\t<\/div>\n\t\t\t\t<\/div>\n\t\t\t\t\t<\/div>\n\t\t<\/div>\n\t\t\t\t<div class=\"elementor-column elementor-col-33 elementor-top-column elementor-element elementor-element-2b8434a\" data-id=\"2b8434a\" data-element_type=\"column\" data-e-type=\"column\">\n\t\t\t<div class=\"elementor-widget-wrap\">\n\t\t\t\t\t\t\t<\/div>\n\t\t<\/div>\n\t\t\t\t<div class=\"elementor-column elementor-col-33 elementor-top-column elementor-element elementor-element-17fe8e4\" data-id=\"17fe8e4\" data-element_type=\"column\" data-e-type=\"column\">\n\t\t\t<div class=\"elementor-widget-wrap elementor-element-populated\">\n\t\t\t\t\t\t<div class=\"elementor-element elementor-element-0eafe55 elementor-widget elementor-widget-image\" data-id=\"0eafe55\" data-element_type=\"widget\" data-e-type=\"widget\" data-widget_type=\"image.default\">\n\t\t\t\t<div class=\"elementor-widget-container\">\n\t\t\t\t\t\t\t\t\t\t\t\t\t\t\t\t<a href=\"https:\/\/pim-blog.de\/home\/?page_id=3719\">\n\t\t\t\t\t\t\t<img decoding=\"async\" width=\"960\" height=\"960\" src=\"https:\/\/pim-blog.de\/wp-content\/uploads\/2024\/09\/a-photo-of-a-neon-light-with-the-text-kanban-the-n-GRvaSkcaRb-v6n0a5RVpEA-yja9ZBTCQcKK-WdenpZOdg.jpeg\" class=\"attachment-large size-large wp-image-3703\" alt=\"Kanban\" srcset=\"https:\/\/pim-blog.de\/wp-content\/uploads\/2024\/09\/a-photo-of-a-neon-light-with-the-text-kanban-the-n-GRvaSkcaRb-v6n0a5RVpEA-yja9ZBTCQcKK-WdenpZOdg.jpeg 1024w, https:\/\/pim-blog.de\/wp-content\/uploads\/2024\/09\/a-photo-of-a-neon-light-with-the-text-kanban-the-n-GRvaSkcaRb-v6n0a5RVpEA-yja9ZBTCQcKK-WdenpZOdg-300x300.jpeg 300w, https:\/\/pim-blog.de\/wp-content\/uploads\/2024\/09\/a-photo-of-a-neon-light-with-the-text-kanban-the-n-GRvaSkcaRb-v6n0a5RVpEA-yja9ZBTCQcKK-WdenpZOdg-150x150.jpeg 150w, https:\/\/pim-blog.de\/wp-content\/uploads\/2024\/09\/a-photo-of-a-neon-light-with-the-text-kanban-the-n-GRvaSkcaRb-v6n0a5RVpEA-yja9ZBTCQcKK-WdenpZOdg-768x768.jpeg 768w\" sizes=\"(max-width: 960px) 100vw, 960px\" \/>\t\t\t\t\t\t\t\t<\/a>\n\t\t\t\t\t\t\t\t\t\t\t\t\t\t\t<\/div>\n\t\t\t\t<\/div>\n\t\t\t\t\t<\/div>\n\t\t<\/div>\n\t\t\t\t\t<\/div>\n\t\t<\/section>\n\t\t\t\t<section class=\"elementor-section elementor-top-section elementor-element elementor-element-117d3e6 elementor-section-boxed elementor-section-height-default elementor-section-height-default wpr-particle-no wpr-jarallax-no wpr-parallax-no wpr-sticky-section-no wpr-equal-height-no\" data-id=\"117d3e6\" data-element_type=\"section\" data-e-type=\"section\">\n\t\t\t\t\t\t<div class=\"elementor-container elementor-column-gap-default\">\n\t\t\t\t\t<div class=\"elementor-column elementor-col-100 elementor-top-column elementor-element elementor-element-687804c\" data-id=\"687804c\" data-element_type=\"column\" data-e-type=\"column\">\n\t\t\t<div class=\"elementor-widget-wrap elementor-element-populated\">\n\t\t\t\t\t\t<div class=\"elementor-element elementor-element-0b0765d elementor-widget elementor-widget-spacer\" data-id=\"0b0765d\" data-element_type=\"widget\" data-e-type=\"widget\" data-widget_type=\"spacer.default\">\n\t\t\t\t<div class=\"elementor-widget-container\">\n\t\t\t\t\t\t\t<div class=\"elementor-spacer\">\n\t\t\t<div class=\"elementor-spacer-inner\"><\/div>\n\t\t<\/div>\n\t\t\t\t\t\t<\/div>\n\t\t\t\t<\/div>\n\t\t\t\t\t<\/div>\n\t\t<\/div>\n\t\t\t\t\t<\/div>\n\t\t<\/section>\n\t\t\t\t<section class=\"elementor-section elementor-top-section elementor-element elementor-element-2a180c6 elementor-section-boxed elementor-section-height-default elementor-section-height-default wpr-particle-no wpr-jarallax-no wpr-parallax-no wpr-sticky-section-no wpr-equal-height-no\" data-id=\"2a180c6\" data-element_type=\"section\" data-e-type=\"section\">\n\t\t\t\t\t\t<div class=\"elementor-container elementor-column-gap-default\">\n\t\t\t\t\t<div class=\"elementor-column elementor-col-50 elementor-top-column elementor-element elementor-element-18f04ee\" data-id=\"18f04ee\" data-element_type=\"column\" data-e-type=\"column\">\n\t\t\t<div class=\"elementor-widget-wrap elementor-element-populated\">\n\t\t\t\t\t\t<div class=\"elementor-element elementor-element-0ebb819 elementor-align-center elementor-widget elementor-widget-button\" data-id=\"0ebb819\" data-element_type=\"widget\" data-e-type=\"widget\" data-widget_type=\"button.default\">\n\t\t\t\t<div class=\"elementor-widget-container\">\n\t\t\t\t\t\t\t\t\t<div class=\"elementor-button-wrapper\">\n\t\t\t\t\t<a class=\"elementor-button elementor-button-link elementor-size-sm\" href=\"https:\/\/pim-blog.de\/home\/\">\n\t\t\t\t\t\t<span class=\"elementor-button-content-wrapper\">\n\t\t\t\t\t\t<span class=\"elementor-button-icon\">\n\t\t\t\t<i aria-hidden=\"true\" class=\"fas fa-home\"><\/i>\t\t\t<\/span>\n\t\t\t\t\t\t\t\t\t<span class=\"elementor-button-text\">Zur\u00fcck zur Startseite<\/span>\n\t\t\t\t\t<\/span>\n\t\t\t\t\t<\/a>\n\t\t\t\t<\/div>\n\t\t\t\t\t\t\t\t<\/div>\n\t\t\t\t<\/div>\n\t\t\t\t\t<\/div>\n\t\t<\/div>\n\t\t\t\t<div class=\"elementor-column elementor-col-50 elementor-top-column elementor-element elementor-element-8cd7419\" data-id=\"8cd7419\" data-element_type=\"column\" data-e-type=\"column\">\n\t\t\t<div class=\"elementor-widget-wrap elementor-element-populated\">\n\t\t\t\t\t\t<div class=\"elementor-element elementor-element-64f14b6 elementor-align-center elementor-widget elementor-widget-button\" data-id=\"64f14b6\" data-element_type=\"widget\" data-e-type=\"widget\" data-widget_type=\"button.default\">\n\t\t\t\t<div class=\"elementor-widget-container\">\n\t\t\t\t\t\t\t\t\t<div class=\"elementor-button-wrapper\">\n\t\t\t\t\t<a class=\"elementor-button elementor-button-link elementor-size-sm\" href=\"https:\/\/pim-blog.de\/home\/?page_id=3649\">\n\t\t\t\t\t\t<span class=\"elementor-button-content-wrapper\">\n\t\t\t\t\t\t\t\t\t<span class=\"elementor-button-text\">Zur Themen\u00fcbersicht<\/span>\n\t\t\t\t\t<\/span>\n\t\t\t\t\t<\/a>\n\t\t\t\t<\/div>\n\t\t\t\t\t\t\t\t<\/div>\n\t\t\t\t<\/div>\n\t\t\t\t\t<\/div>\n\t\t<\/div>\n\t\t\t\t\t<\/div>\n\t\t<\/section>\n\t\t\t\t<\/div>\n\t\t","protected":false},"excerpt":{"rendered":"<p>Wenn der Begriff agiles Projektmanagements f\u00e4llt, dann werden den meisten Menschen gleich zwei Begriffe in den Kopf kommen: SCRUM KANBAN Etwas weniger gel\u00e4ufig sind wahrscheinlich: Scrumban iterative Development Extreme Programming Lean Startup Was es damit auf sich hat und ob das alles zum Thema agile PM-Methoden abdeckt, dazu sp\u00e4ter mehr. Zuerst m\u00f6chte ich meinem Bildungsauftrag nachkommen und etwas zur Geschichte kundtun: Agiles Projektmanagement hat seinen Ursprung in den 1990er Jahren, als die Softwareentwicklung zunehmend an Komplexit\u00e4t gewann und traditionelle, planungsgetriebene Ans\u00e4tze wie das Wasserfallmodell an ihre Grenzen stie\u00dfen. Vor allem in den USA entwickelte sich das Bed\u00fcrfnis nach flexibleren Methoden, um schneller auf \u00c4nderungen im Markt und auf Kundenw\u00fcnsche reagieren zu k\u00f6nnen. Dies f\u00fchrte zur Entstehung agiler Ans\u00e4tze in der Softwareentwicklung. Ein bedeutender Meilenstein war die Ver\u00f6ffentlichung des Agilen Manifests im Jahr 2001 in Utah, USA. Eine Gruppe von 17 Softwareentwicklern, darunter prominente Vertreter wie Ken Schwaber und Jeff Sutherland (Scrum) sowie Kent Beck (Extreme Programming, XP), formulierte dieses Manifest, um einen neuen, flexibleren Ansatz f\u00fcr die Softwareentwicklung zu schaffen. Es umfasst vier zentrale Werte und zw\u00f6lf Prinzipien, die den Kern des agilen Arbeitens beschreiben (Download als PDF agiles_manifest). Quelle: https:\/\/ideogram.ai\/g\/njMsILmyTx-QdG2HCxwC4g\/1 Die vier Werte des Agilen Manifests: Individuen und Interaktionen mehr als Prozesse und Werkzeuge. Funktionierende Software mehr als umfassende Dokumentation. Zusammenarbeit mit dem Kunden mehr als Vertragsverhandlungen. Reagieren auf Ver\u00e4nderung mehr als das Befolgen eines Plans. Das bedeutet nicht, dass die Aspekte auf der rechten Seite nicht wichtig sind, aber die linken Aspekte werden im agilen Vorgehen st\u00e4rker gewichtet. Grundprinzipien agilen Projektmanagements Agiles Projektmanagement zeichnet sich durch iterative und inkrementelle Prozesse aus, die es Teams erm\u00f6glichen, auf Ver\u00e4nderungen flexibel zu reagieren. Statt eines starren Projektplans wird auf eine kontinuierliche Anpassung der Ziele und Anforderungen gesetzt, basierend auf regelm\u00e4\u00dfigem Kundenfeedback. Der Fokus liegt dabei auf der schnellen Bereitstellung von funktionierenden Teilergebnissen, was eine st\u00e4ndige Optimierung und enge Zusammenarbeit innerhalb des Teams sowie mit dem Kunden voraussetzt. Bekannte Methoden des agilen Projektmanagements Zu den bekanntesten agilen Methoden geh\u00f6ren: Scrum: Ein Rahmenwerk f\u00fcr die schrittweise Entwicklung von Produkten, bei dem in kurzen Iterationen (Sprints) gearbeitet wird und die Ergebnisse regelm\u00e4\u00dfig \u00fcberpr\u00fcft und angepasst werden. Kanban: Eine Methode, die den Workflow visualisiert und optimiert, indem Aufgaben auf einem Kanban-Board dargestellt und kontinuierlich bearbeitet werden. Extreme Programming (XP): Diese Methode legt den Fokus auf technische Exzellenz, z. B. durch Paarprogrammierung und testgetriebene Entwicklung, um die Softwarequalit\u00e4t zu erh\u00f6hen. Insgesamt erm\u00f6glicht agiles Projektmanagement eine dynamischere, kundenorientierte und effiziente Herangehensweise, die sich insbesondere in der Softwareentwicklung, aber zunehmend auch in anderen Branchen etabliert hat. Im folgenden werden wir die beiden bekanntesten Methoden einmal n\u00e4her beleuchten. Wie von mir gewohnt, einfach auf die entsprechende Kachel klicken und schon geht es weiter. Quelle: https:\/\/ideogram.ai\/ Zur\u00fcck zur Startseite Zur Themen\u00fcbersicht<\/p>\n","protected":false},"author":1,"featured_media":0,"parent":3649,"menu_order":1,"comment_status":"closed","ping_status":"closed","template":"","meta":{"footnotes":""},"class_list":["post-3677","page","type-page","status-publish","hentry"],"aioseo_notices":[],"_links":{"self":[{"href":"https:\/\/pim-blog.de\/home\/wp-json\/wp\/v2\/pages\/3677","targetHints":{"allow":["GET"]}}],"collection":[{"href":"https:\/\/pim-blog.de\/home\/wp-json\/wp\/v2\/pages"}],"about":[{"href":"https:\/\/pim-blog.de\/home\/wp-json\/wp\/v2\/types\/page"}],"author":[{"embeddable":true,"href":"https:\/\/pim-blog.de\/home\/wp-json\/wp\/v2\/users\/1"}],"replies":[{"embeddable":true,"href":"https:\/\/pim-blog.de\/home\/wp-json\/wp\/v2\/comments?post=3677"}],"version-history":[{"count":39,"href":"https:\/\/pim-blog.de\/home\/wp-json\/wp\/v2\/pages\/3677\/revisions"}],"predecessor-version":[{"id":3889,"href":"https:\/\/pim-blog.de\/home\/wp-json\/wp\/v2\/pages\/3677\/revisions\/3889"}],"up":[{"embeddable":true,"href":"https:\/\/pim-blog.de\/home\/wp-json\/wp\/v2\/pages\/3649"}],"wp:attachment":[{"href":"https:\/\/pim-blog.de\/home\/wp-json\/wp\/v2\/media?parent=3677"}],"curies":[{"name":"wp","href":"https:\/\/api.w.org\/{rel}","templated":true}]}}