{"id":3770,"date":"2024-09-10T18:03:17","date_gmt":"2024-09-10T18:03:17","guid":{"rendered":"https:\/\/pim-blog.de\/home\/?page_id=3770"},"modified":"2024-09-10T20:28:46","modified_gmt":"2024-09-10T20:28:46","slug":"insider-tipps-fuer-admins-pms","status":"publish","type":"page","link":"https:\/\/pim-blog.de\/home\/inhalt\/insider-tipps-fuer-admins-pms\/","title":{"rendered":"Insider-Tipps f\u00fcr Admins &amp; PMs"},"content":{"rendered":"\t\t<div data-elementor-type=\"wp-page\" data-elementor-id=\"3770\" class=\"elementor elementor-3770\">\n\t\t\t\t\t\t<section class=\"elementor-section elementor-top-section elementor-element elementor-element-922feee elementor-section-boxed elementor-section-height-default elementor-section-height-default wpr-particle-no wpr-jarallax-no wpr-parallax-no wpr-sticky-section-no wpr-equal-height-no\" data-id=\"922feee\" data-element_type=\"section\" data-e-type=\"section\">\n\t\t\t\t\t\t<div class=\"elementor-container elementor-column-gap-default\">\n\t\t\t\t\t<div class=\"elementor-column elementor-col-66 elementor-top-column elementor-element elementor-element-452b230\" data-id=\"452b230\" data-element_type=\"column\" data-e-type=\"column\">\n\t\t\t<div class=\"elementor-widget-wrap elementor-element-populated\">\n\t\t\t\t\t\t<div class=\"elementor-element elementor-element-7a613ad elementor-widget elementor-widget-text-editor\" data-id=\"7a613ad\" data-element_type=\"widget\" data-e-type=\"widget\" data-widget_type=\"text-editor.default\">\n\t\t\t\t<div class=\"elementor-widget-container\">\n\t\t\t\t\t\t\t\t\t<p>Diesen Bereich m\u00f6chte ich mit einem Zitat von William Faulkner beginnen:<\/p><blockquote><p><strong>\u201eDas Schreiben ist ein Zwang, die Gedanken im Chaos zu ordnen.\u201c<\/strong><\/p><\/blockquote><p>Damit soll es aber auch genug mit Metaphorik und Undurchsichtigkeiten sein.<\/p><p>Jeden Tag lese ich unz\u00e4hlige Beitr\u00e4ge, in Foren, auf LinkedIn oder im GPM-Journal und denke mir:&#8220;Man das ist gut zu wissen, notier dir das mal!&#8220;. So viele Notiz-Zettel oder Apps kann man allerdings gar nicht haben, um das alles zu verwalten und vor allem, bei Bedarf wieder abzurufen.<\/p><p>Diese und die nachfolgenden Seiten greifen meine Ideen auf und ich werden zu kurzen pr\u00e4gnanten Headlines Erkl\u00e4rungen abgeben und Beispiele anf\u00fchren, die Ihr im Alltag als Product Owner, Scrum Master, Projektleiter, Projektmanager oder einfach nur als interesssiertes Individuum gebrauchen und teilen k\u00f6nnt. <\/p>\t\t\t\t\t\t\t\t<\/div>\n\t\t\t\t<\/div>\n\t\t\t\t\t<\/div>\n\t\t<\/div>\n\t\t\t\t<div class=\"elementor-column elementor-col-33 elementor-top-column elementor-element elementor-element-5bb275d\" data-id=\"5bb275d\" data-element_type=\"column\" data-e-type=\"column\">\n\t\t\t<div class=\"elementor-widget-wrap elementor-element-populated\">\n\t\t\t\t\t\t<div class=\"elementor-element elementor-element-6914ec6 elementor-widget elementor-widget-image\" data-id=\"6914ec6\" data-element_type=\"widget\" data-e-type=\"widget\" data-widget_type=\"image.default\">\n\t\t\t\t<div class=\"elementor-widget-container\">\n\t\t\t\t\t\t\t\t\t\t\t\t\t\t\t<img fetchpriority=\"high\" decoding=\"async\" width=\"960\" height=\"960\" src=\"https:\/\/pim-blog.de\/wp-content\/uploads\/2024\/09\/a-minimalistic-t-shirt-design-with-a-grunge-look-t-x0vP8W0zS1a7Xe9R3uJtpA-YlPfUK9XQkaHYNY1xRtqZw.jpeg\" class=\"attachment-large size-large wp-image-3774\" alt=\"Insider\" srcset=\"https:\/\/pim-blog.de\/wp-content\/uploads\/2024\/09\/a-minimalistic-t-shirt-design-with-a-grunge-look-t-x0vP8W0zS1a7Xe9R3uJtpA-YlPfUK9XQkaHYNY1xRtqZw.jpeg 1024w, https:\/\/pim-blog.de\/wp-content\/uploads\/2024\/09\/a-minimalistic-t-shirt-design-with-a-grunge-look-t-x0vP8W0zS1a7Xe9R3uJtpA-YlPfUK9XQkaHYNY1xRtqZw-300x300.jpeg 300w, https:\/\/pim-blog.de\/wp-content\/uploads\/2024\/09\/a-minimalistic-t-shirt-design-with-a-grunge-look-t-x0vP8W0zS1a7Xe9R3uJtpA-YlPfUK9XQkaHYNY1xRtqZw-150x150.jpeg 150w, https:\/\/pim-blog.de\/wp-content\/uploads\/2024\/09\/a-minimalistic-t-shirt-design-with-a-grunge-look-t-x0vP8W0zS1a7Xe9R3uJtpA-YlPfUK9XQkaHYNY1xRtqZw-768x768.jpeg 768w\" sizes=\"(max-width: 960px) 100vw, 960px\" \/>\t\t\t\t\t\t\t\t\t\t\t\t\t\t\t<\/div>\n\t\t\t\t<\/div>\n\t\t\t\t\t<\/div>\n\t\t<\/div>\n\t\t\t\t\t<\/div>\n\t\t<\/section>\n\t\t\t\t<section class=\"elementor-section elementor-top-section elementor-element elementor-element-517b4e6 elementor-section-boxed elementor-section-height-default elementor-section-height-default wpr-particle-no wpr-jarallax-no wpr-parallax-no wpr-sticky-section-no wpr-equal-height-no\" data-id=\"517b4e6\" data-element_type=\"section\" data-e-type=\"section\">\n\t\t\t\t\t\t<div class=\"elementor-container elementor-column-gap-default\">\n\t\t\t\t\t<div class=\"elementor-column elementor-col-100 elementor-top-column elementor-element elementor-element-ffbf3db\" data-id=\"ffbf3db\" data-element_type=\"column\" data-e-type=\"column\">\n\t\t\t<div class=\"elementor-widget-wrap elementor-element-populated\">\n\t\t\t\t\t\t<div class=\"elementor-element elementor-element-f36efba elementor-widget-divider--view-line elementor-widget elementor-widget-divider\" data-id=\"f36efba\" data-element_type=\"widget\" data-e-type=\"widget\" data-widget_type=\"divider.default\">\n\t\t\t\t<div class=\"elementor-widget-container\">\n\t\t\t\t\t\t\t<div class=\"elementor-divider\">\n\t\t\t<span class=\"elementor-divider-separator\">\n\t\t\t\t\t\t<\/span>\n\t\t<\/div>\n\t\t\t\t\t\t<\/div>\n\t\t\t\t<\/div>\n\t\t\t\t\t<\/div>\n\t\t<\/div>\n\t\t\t\t\t<\/div>\n\t\t<\/section>\n\t\t\t\t<section class=\"elementor-section elementor-top-section elementor-element elementor-element-b85f3bf elementor-section-boxed elementor-section-height-default elementor-section-height-default wpr-particle-no wpr-jarallax-no wpr-parallax-no wpr-sticky-section-no wpr-equal-height-no\" data-id=\"b85f3bf\" data-element_type=\"section\" data-e-type=\"section\">\n\t\t\t\t\t\t<div class=\"elementor-container elementor-column-gap-default\">\n\t\t\t\t\t<div class=\"elementor-column elementor-col-100 elementor-top-column elementor-element elementor-element-408d96a\" data-id=\"408d96a\" data-element_type=\"column\" data-e-type=\"column\">\n\t\t\t<div class=\"elementor-widget-wrap elementor-element-populated\">\n\t\t\t\t\t\t<div class=\"elementor-element elementor-element-d58a595 wpr-advanced-accordion-icon-side-box elementor-widget elementor-widget-wpr-advanced-accordion\" data-id=\"d58a595\" data-element_type=\"widget\" data-e-type=\"widget\" data-settings=\"{&quot;active_item&quot;:1}\" data-widget_type=\"wpr-advanced-accordion.default\">\n\t\t\t\t<div class=\"elementor-widget-container\">\n\t\t\t\t\t\n            <div class=\"wpr-advanced-accordion\" data-accordion-type=\"accordion\" data-active-index=\"1\" data-accordion-trigger=\"click\" data-interaction-speed=\"0.4\">\n\n\t\t\t\n                \n\t\t\t\t\t<div class=\"wpr-accordion-item-wrap\">\n\t\t\t\t\t\t<button class=\"wpr-acc-button\">\n\t\t\t\t\t\t\t<span class=\"wpr-acc-item-title\">\n\t\t\t\t\t\t\t\t\t\t\t\t\t\t\t\t\t<div class=\"wpr-acc-icon-box\">\n\t\t\t\t\t\t\t\t\t\t\t\t\t\t<span class=\"wpr-title-icon\">\n\t\t\t\t\t<i aria-hidden=\"true\" class=\"fas fa-arrow-circle-right\"><\/i>\t\t\t\t<\/span>\n\t\t\t\t\t\t\t\t\t\t\t\t<\/div>\n\t\t\t\t\t\t\t\t\n\t\t\t\t\t\t\t\t<span class=\"wpr-acc-title-text\">Team-Building nach Tuckman<\/span>\n\t\t\t\t\t\t\t<\/span>\n\t\t\t\t\t\t\t\t\t\t\t<span class=\"wpr-toggle-icon wpr-ti-close\"><\/span>\n\t\t\t\t<span class=\"wpr-toggle-icon wpr-ti-open\"><\/span>\n\t\t\t\t\t\t\t\t\t<\/button>\n\n\t\t\t\t\t\t<div class=\"wpr-acc-panel\">\n\t\t\t\t\t\t\t\t\t\t\t\t\t\t\t<div class=\"wpr-acc-panel-content\"><p>Lernen Sie, was beim Team-Building zu beachten ist und welche Phasen Ihr Team durchlaufen wird.<\/p><p><img decoding=\"async\" class=\"size-full wp-image-3792\" src=\"https:\/\/pim-blog.de\/wp-content\/uploads\/2024\/09\/Tuckman.png\" alt=\"Tuckman\" width=\"1561\" height=\"638\" srcset=\"https:\/\/pim-blog.de\/wp-content\/uploads\/2024\/09\/Tuckman.png 1561w, https:\/\/pim-blog.de\/wp-content\/uploads\/2024\/09\/Tuckman-300x123.png 300w, https:\/\/pim-blog.de\/wp-content\/uploads\/2024\/09\/Tuckman-1024x419.png 1024w, https:\/\/pim-blog.de\/wp-content\/uploads\/2024\/09\/Tuckman-768x314.png 768w, https:\/\/pim-blog.de\/wp-content\/uploads\/2024\/09\/Tuckman-1536x628.png 1536w\" sizes=\"(max-width: 1561px) 100vw, 1561px\" \/><\/p><p>\u00a0<\/p><p><strong>Link zum Beitrag: <a href=\"https:\/\/pim-blog.de\/home\/uncategorized\/pmgeneral\/projektteam-bilden-das-5-phasen-modell\/\">Hier klicken<\/a><\/strong><\/p><\/div>\n\t\t\t\t\t\t\t\t\t\t\t\t\t<\/div>\n                    <\/div>\n\n                \n\t\t\t\t\t<div class=\"wpr-accordion-item-wrap\">\n\t\t\t\t\t\t<button class=\"wpr-acc-button\">\n\t\t\t\t\t\t\t<span class=\"wpr-acc-item-title\">\n\t\t\t\t\t\t\t\t\t\t\t\t\t\t\t\t\t<div class=\"wpr-acc-icon-box\">\n\t\t\t\t\t\t\t\t\t\t\t\t\t\t<span class=\"wpr-title-icon\">\n\t\t\t\t\t<i aria-hidden=\"true\" class=\"fas fa-arrow-circle-right\"><\/i>\t\t\t\t<\/span>\n\t\t\t\t\t\t\t\t\t\t\t\t<\/div>\n\t\t\t\t\t\t\t\t\n\t\t\t\t\t\t\t\t<span class=\"wpr-acc-title-text\">Coming soon<\/span>\n\t\t\t\t\t\t\t<\/span>\n\t\t\t\t\t\t\t\t\t\t\t<span class=\"wpr-toggle-icon wpr-ti-close\"><\/span>\n\t\t\t\t<span class=\"wpr-toggle-icon wpr-ti-open\"><\/span>\n\t\t\t\t\t\t\t\t\t<\/button>\n\n\t\t\t\t\t\t<div class=\"wpr-acc-panel\">\n\t\t\t\t\t\t\t\t\t\t\t\t\t\t\t<div class=\"wpr-acc-panel-content\"><\/div>\n\t\t\t\t\t\t\t\t\t\t\t\t\t<\/div>\n                    <\/div>\n\n                \n\t\t\t\t\t<div class=\"wpr-accordion-item-wrap\">\n\t\t\t\t\t\t<button class=\"wpr-acc-button\">\n\t\t\t\t\t\t\t<span class=\"wpr-acc-item-title\">\n\t\t\t\t\t\t\t\t\t\t\t\t\t\t\t\t\t<div class=\"wpr-acc-icon-box\">\n\t\t\t\t\t\t\t\t\t\t\t\t\t\t<span class=\"wpr-title-icon\">\n\t\t\t\t\t<i aria-hidden=\"true\" class=\"fas fa-arrow-circle-right\"><\/i>\t\t\t\t<\/span>\n\t\t\t\t\t\t\t\t\t\t\t\t<\/div>\n\t\t\t\t\t\t\t\t\n\t\t\t\t\t\t\t\t<span class=\"wpr-acc-title-text\">Coming soon<\/span>\n\t\t\t\t\t\t\t<\/span>\n\t\t\t\t\t\t\t\t\t\t\t<span class=\"wpr-toggle-icon wpr-ti-close\"><\/span>\n\t\t\t\t<span class=\"wpr-toggle-icon wpr-ti-open\"><\/span>\n\t\t\t\t\t\t\t\t\t<\/button>\n\n\t\t\t\t\t\t<div class=\"wpr-acc-panel\">\n\t\t\t\t\t\t\t\t\t\t\t\t\t\t\t<div class=\"wpr-acc-panel-content\"><\/div>\n\t\t\t\t\t\t\t\t\t\t\t\t\t<\/div>\n                    <\/div>\n\n                            <\/div>\n        \t\t\t\t<\/div>\n\t\t\t\t<\/div>\n\t\t\t\t\t<\/div>\n\t\t<\/div>\n\t\t\t\t\t<\/div>\n\t\t<\/section>\n\t\t\t\t<\/div>\n\t\t","protected":false},"excerpt":{"rendered":"<p>Diesen Bereich m\u00f6chte ich mit einem Zitat von William Faulkner beginnen: \u201eDas Schreiben ist ein Zwang, die Gedanken im Chaos zu ordnen.\u201c Damit soll es aber auch genug mit Metaphorik und Undurchsichtigkeiten sein. Jeden Tag lese ich unz\u00e4hlige Beitr\u00e4ge, in Foren, auf LinkedIn oder im GPM-Journal und denke mir:&#8220;Man das ist gut zu wissen, notier dir das mal!&#8220;. So viele Notiz-Zettel oder Apps kann man allerdings gar nicht haben, um das alles zu verwalten und vor allem, bei Bedarf wieder abzurufen. Diese und die nachfolgenden Seiten greifen meine Ideen auf und ich werden zu kurzen pr\u00e4gnanten Headlines Erkl\u00e4rungen abgeben und Beispiele anf\u00fchren, die Ihr im Alltag als Product Owner, Scrum Master, Projektleiter, Projektmanager oder einfach nur als interesssiertes Individuum gebrauchen und teilen k\u00f6nnt. Team-Building nach Tuckman Lernen Sie, was beim Team-Building zu beachten ist und welche Phasen Ihr Team durchlaufen wird. \u00a0 Link zum Beitrag: Hier klicken Coming soon Coming soon<\/p>\n","protected":false},"author":1,"featured_media":0,"parent":255,"menu_order":10,"comment_status":"open","ping_status":"closed","template":"","meta":{"footnotes":""},"class_list":["post-3770","page","type-page","status-publish","hentry"],"aioseo_notices":[],"_links":{"self":[{"href":"https:\/\/pim-blog.de\/home\/wp-json\/wp\/v2\/pages\/3770","targetHints":{"allow":["GET"]}}],"collection":[{"href":"https:\/\/pim-blog.de\/home\/wp-json\/wp\/v2\/pages"}],"about":[{"href":"https:\/\/pim-blog.de\/home\/wp-json\/wp\/v2\/types\/page"}],"author":[{"embeddable":true,"href":"https:\/\/pim-blog.de\/home\/wp-json\/wp\/v2\/users\/1"}],"replies":[{"embeddable":true,"href":"https:\/\/pim-blog.de\/home\/wp-json\/wp\/v2\/comments?post=3770"}],"version-history":[{"count":21,"href":"https:\/\/pim-blog.de\/home\/wp-json\/wp\/v2\/pages\/3770\/revisions"}],"predecessor-version":[{"id":3826,"href":"https:\/\/pim-blog.de\/home\/wp-json\/wp\/v2\/pages\/3770\/revisions\/3826"}],"up":[{"embeddable":true,"href":"https:\/\/pim-blog.de\/home\/wp-json\/wp\/v2\/pages\/255"}],"wp:attachment":[{"href":"https:\/\/pim-blog.de\/home\/wp-json\/wp\/v2\/media?parent=3770"}],"curies":[{"name":"wp","href":"https:\/\/api.w.org\/{rel}","templated":true}]}}