{"id":567,"date":"2023-09-11T07:55:53","date_gmt":"2023-09-11T07:55:53","guid":{"rendered":"https:\/\/pim-blog.de\/home\/?page_id=567"},"modified":"2023-09-11T07:59:21","modified_gmt":"2023-09-11T07:59:21","slug":"contentserv-2","status":"publish","type":"page","link":"https:\/\/pim-blog.de\/home\/inhalt\/welt-der-pim-systeme\/anbieter-von-pim-systemen\/contentserv-2\/","title":{"rendered":"Contentserv"},"content":{"rendered":"\t\t<div data-elementor-type=\"wp-page\" data-elementor-id=\"567\" class=\"elementor elementor-567\">\n\t\t\t\t\t\t<section class=\"elementor-section elementor-top-section elementor-element elementor-element-ada0e89 elementor-section-boxed elementor-section-height-default elementor-section-height-default wpr-particle-no wpr-jarallax-no wpr-parallax-no wpr-sticky-section-no wpr-equal-height-no\" data-id=\"ada0e89\" data-element_type=\"section\" data-e-type=\"section\">\n\t\t\t\t\t\t<div class=\"elementor-container elementor-column-gap-default\">\n\t\t\t\t\t<div class=\"elementor-column elementor-col-100 elementor-top-column elementor-element elementor-element-06a8119\" data-id=\"06a8119\" data-element_type=\"column\" data-e-type=\"column\">\n\t\t\t<div class=\"elementor-widget-wrap elementor-element-populated\">\n\t\t\t\t\t\t<div class=\"elementor-element elementor-element-404d49c elementor-widget elementor-widget-text-editor\" data-id=\"404d49c\" data-element_type=\"widget\" data-e-type=\"widget\" data-widget_type=\"text-editor.default\">\n\t\t\t\t<div class=\"elementor-widget-container\">\n\t\t\t\t\t\t\t\t\t<p style=\"text-align: left;\"><img fetchpriority=\"high\" decoding=\"async\" class=\"size-full wp-image-152 alignright\" src=\"https:\/\/pim-blog.de\/wp-content\/uploads\/2023\/07\/contentserv.png\" alt=\"\" width=\"225\" height=\"225\" srcset=\"https:\/\/pim-blog.de\/wp-content\/uploads\/2023\/07\/contentserv.png 225w, https:\/\/pim-blog.de\/wp-content\/uploads\/2023\/07\/contentserv-150x150.png 150w\" sizes=\"(max-width: 225px) 100vw, 225px\" \/><\/p><p>Contentserv ist ein renommierter Anbieter von erstklassigen L\u00f6sungen f\u00fcr Produktinformationsmanagement (PIM) und Product Experience Management (PXM). Mit einem klaren Fokus auf die Optimierung der Produktkommunikation unterst\u00fctzt Contentserv Unternehmen dabei, ihre Produktdaten zu zentralisieren, zu harmonisieren und auf effiziente Weise \u00fcber verschiedene Vertriebskan\u00e4le hinweg zu verbreiten.<\/p><p><strong>Kernkompetenzen:<\/strong><\/p><ol><li><p><strong>PIM- und PXM-Software:<\/strong> Contentserv bietet eine hochmoderne Plattform f\u00fcr die Verwaltung und Optimierung von Produktinformationen. Unsere L\u00f6sungen erm\u00f6glichen es Unternehmen, ihre Produktinformationen zu strukturieren und personalisierte Kundenerlebnisse zu schaffen.<\/p><\/li><li><p><strong>Multikanalvertrieb:<\/strong> Mit unserer PIM- und PXM-Software k\u00f6nnen Unternehmen Produktdaten nahtlos \u00fcber zahlreiche Vertriebskan\u00e4le wie E-Commerce-Websites, Mobilanwendungen, soziale Medien und mehr ver\u00f6ffentlichen. Dies f\u00f6rdert eine konsistente Markenkommunikation und steigert die Effizienz im Vertrieb.<\/p><\/li><li><p><strong>Kundenbetreuung und Schulungen:<\/strong> Wir bieten erstklassigen Kundensupport und umfassende Schulungen an, um sicherzustellen, dass unsere Kunden das volle Potenzial unserer Software aussch\u00f6pfen k\u00f6nnen. Unser engagiertes Team steht Ihnen bei Fragen und Anliegen zur Verf\u00fcgung.<\/p><\/li><\/ol><p><strong>Warum Contentserv w\u00e4hlen:<\/strong><\/p><ul><li><p><strong>Branchenf\u00fchrende L\u00f6sungen:<\/strong> Mit einer beeindruckenden Erfolgsbilanz und Kunden in verschiedenen Branchen sind wir ein vertrauensw\u00fcrdiger Partner f\u00fcr Unternehmen aller Gr\u00f6\u00dfen und Anforderungen.<\/p><\/li><li><p><strong>Innovation:<\/strong> Wir setzen auf kontinuierliche Innovation, um sicherzustellen, dass unsere Software den neuesten technologischen Standards entspricht und unseren Kunden einen Wettbewerbsvorteil verschafft.<\/p><\/li><li><p><strong>Kundenorientierung:<\/strong> Bei Contentserv steht die Zufriedenheit unserer Kunden an erster Stelle. Wir arbeiten eng mit Ihnen zusammen, um ma\u00dfgeschneiderte L\u00f6sungen zu entwickeln, die Ihre spezifischen Anforderungen erf\u00fcllen.<\/p><\/li><\/ul><p>Wenn Sie auf der Suche nach einer zuverl\u00e4ssigen L\u00f6sung f\u00fcr Ihr Produktinformationsmanagement sind, besuchen die Webseite <a href=\"https:\/\/www.contentserv.com\/de\/\" target=\"_new\">https:\/\/www.contentserv.com\/de\/<\/a> f\u00fcr weitere Informationen \u00fcber unsere PIM- und PXM-L\u00f6sungen und wie sie Ihrem Unternehmen helfen k\u00f6nnen, Produktinformationen effektiver zu verwalten und ein herausragendes Kundenerlebnis zu bieten.<\/p>\t\t\t\t\t\t\t\t<\/div>\n\t\t\t\t<\/div>\n\t\t\t\t\t<\/div>\n\t\t<\/div>\n\t\t\t\t\t<\/div>\n\t\t<\/section>\n\t\t\t\t<\/div>\n\t\t","protected":false},"excerpt":{"rendered":"<p>Contentserv ist ein renommierter Anbieter von erstklassigen L\u00f6sungen f\u00fcr Produktinformationsmanagement (PIM) und Product Experience Management (PXM). Mit einem klaren Fokus auf die Optimierung der Produktkommunikation unterst\u00fctzt Contentserv Unternehmen dabei, ihre Produktdaten zu zentralisieren, zu harmonisieren und auf effiziente Weise \u00fcber verschiedene Vertriebskan\u00e4le hinweg zu verbreiten. Kernkompetenzen: PIM- und PXM-Software: Contentserv bietet eine hochmoderne Plattform f\u00fcr die Verwaltung und Optimierung von Produktinformationen. Unsere L\u00f6sungen erm\u00f6glichen es Unternehmen, ihre Produktinformationen zu strukturieren und personalisierte Kundenerlebnisse zu schaffen. Multikanalvertrieb: Mit unserer PIM- und PXM-Software k\u00f6nnen Unternehmen Produktdaten nahtlos \u00fcber zahlreiche Vertriebskan\u00e4le wie E-Commerce-Websites, Mobilanwendungen, soziale Medien und mehr ver\u00f6ffentlichen. Dies f\u00f6rdert eine konsistente Markenkommunikation und steigert die Effizienz im Vertrieb. Kundenbetreuung und Schulungen: Wir bieten erstklassigen Kundensupport und umfassende Schulungen an, um sicherzustellen, dass unsere Kunden das volle Potenzial unserer Software aussch\u00f6pfen k\u00f6nnen. Unser engagiertes Team steht Ihnen bei Fragen und Anliegen zur Verf\u00fcgung. Warum Contentserv w\u00e4hlen: Branchenf\u00fchrende L\u00f6sungen: Mit einer beeindruckenden Erfolgsbilanz und Kunden in verschiedenen Branchen sind wir ein vertrauensw\u00fcrdiger Partner f\u00fcr Unternehmen aller Gr\u00f6\u00dfen und Anforderungen. Innovation: Wir setzen auf kontinuierliche Innovation, um sicherzustellen, dass unsere Software den neuesten technologischen Standards entspricht und unseren Kunden einen Wettbewerbsvorteil verschafft. Kundenorientierung: Bei Contentserv steht die Zufriedenheit unserer Kunden an erster Stelle. Wir arbeiten eng mit Ihnen zusammen, um ma\u00dfgeschneiderte L\u00f6sungen zu entwickeln, die Ihre spezifischen Anforderungen erf\u00fcllen. Wenn Sie auf der Suche nach einer zuverl\u00e4ssigen L\u00f6sung f\u00fcr Ihr Produktinformationsmanagement sind, besuchen die Webseite https:\/\/www.contentserv.com\/de\/ f\u00fcr weitere Informationen \u00fcber unsere PIM- und PXM-L\u00f6sungen und wie sie Ihrem Unternehmen helfen k\u00f6nnen, Produktinformationen effektiver zu verwalten und ein herausragendes Kundenerlebnis zu bieten.<\/p>\n","protected":false},"author":1,"featured_media":0,"parent":15,"menu_order":0,"comment_status":"closed","ping_status":"closed","template":"","meta":{"footnotes":""},"class_list":["post-567","page","type-page","status-publish","hentry"],"aioseo_notices":[],"_links":{"self":[{"href":"https:\/\/pim-blog.de\/home\/wp-json\/wp\/v2\/pages\/567","targetHints":{"allow":["GET"]}}],"collection":[{"href":"https:\/\/pim-blog.de\/home\/wp-json\/wp\/v2\/pages"}],"about":[{"href":"https:\/\/pim-blog.de\/home\/wp-json\/wp\/v2\/types\/page"}],"author":[{"embeddable":true,"href":"https:\/\/pim-blog.de\/home\/wp-json\/wp\/v2\/users\/1"}],"replies":[{"embeddable":true,"href":"https:\/\/pim-blog.de\/home\/wp-json\/wp\/v2\/comments?post=567"}],"version-history":[{"count":4,"href":"https:\/\/pim-blog.de\/home\/wp-json\/wp\/v2\/pages\/567\/revisions"}],"predecessor-version":[{"id":571,"href":"https:\/\/pim-blog.de\/home\/wp-json\/wp\/v2\/pages\/567\/revisions\/571"}],"up":[{"embeddable":true,"href":"https:\/\/pim-blog.de\/home\/wp-json\/wp\/v2\/pages\/15"}],"wp:attachment":[{"href":"https:\/\/pim-blog.de\/home\/wp-json\/wp\/v2\/media?parent=567"}],"curies":[{"name":"wp","href":"https:\/\/api.w.org\/{rel}","templated":true}]}}