{"id":614,"date":"2023-09-11T10:36:44","date_gmt":"2023-09-11T10:36:44","guid":{"rendered":"https:\/\/pim-blog.de\/home\/?page_id=614"},"modified":"2023-09-11T10:45:02","modified_gmt":"2023-09-11T10:45:02","slug":"pimcore","status":"publish","type":"page","link":"https:\/\/pim-blog.de\/home\/inhalt\/welt-der-pim-systeme\/anbieter-von-pim-systemen\/pimcore\/","title":{"rendered":"PIMCORE"},"content":{"rendered":"\t\t<div data-elementor-type=\"wp-page\" data-elementor-id=\"614\" class=\"elementor elementor-614\">\n\t\t\t\t\t\t<section class=\"elementor-section elementor-top-section elementor-element elementor-element-c899262 elementor-section-boxed elementor-section-height-default elementor-section-height-default wpr-particle-no wpr-jarallax-no wpr-parallax-no wpr-sticky-section-no wpr-equal-height-no\" data-id=\"c899262\" data-element_type=\"section\" data-e-type=\"section\">\n\t\t\t\t\t\t<div class=\"elementor-container elementor-column-gap-default\">\n\t\t\t\t\t<div class=\"elementor-column elementor-col-100 elementor-top-column elementor-element elementor-element-4e20e2b\" data-id=\"4e20e2b\" data-element_type=\"column\" data-e-type=\"column\">\n\t\t\t<div class=\"elementor-widget-wrap elementor-element-populated\">\n\t\t\t\t\t\t<div class=\"elementor-element elementor-element-57fafa9 elementor-widget elementor-widget-text-editor\" data-id=\"57fafa9\" data-element_type=\"widget\" data-e-type=\"widget\" data-widget_type=\"text-editor.default\">\n\t\t\t\t<div class=\"elementor-widget-container\">\n\t\t\t\t\t\t\t\t\t<p><span style=\"text-decoration: underline;\"><strong><img decoding=\"async\" class=\"size-medium wp-image-596 alignright\" src=\"https:\/\/pim-blog.de\/wp-content\/uploads\/2023\/09\/PIMCORE-300x78.png\" alt=\"\" width=\"300\" height=\"78\" srcset=\"https:\/\/pim-blog.de\/wp-content\/uploads\/2023\/09\/PIMCORE-300x78.png 300w, https:\/\/pim-blog.de\/wp-content\/uploads\/2023\/09\/PIMCORE-768x200.png 768w, https:\/\/pim-blog.de\/wp-content\/uploads\/2023\/09\/PIMCORE.png 1010w\" sizes=\"(max-width: 300px) 100vw, 300px\" \/>Pimcore<\/strong><\/span><\/p><p>Pimcore ist ein renommierter Anbieter von hochmodernen L\u00f6sungen f\u00fcr Produktinformationsmanagement (PIM) und Customer Data Platform (CDP). Mit einem klaren Fokus auf die Vereinheitlichung und Optimierung von Produktdaten und Kundendaten unterst\u00fctzt Pimcore Unternehmen dabei, ihre Gesch\u00e4ftsprozesse zu transformieren und herausragende Kundenerlebnisse zu schaffen.<\/p><p><strong>Kernkompetenzen:<\/strong><\/p><ol><li><p><strong>PIM- und CDP-Software:<\/strong> Pimcore bietet eine f\u00fchrende PIM- und CDP-Plattform, die es Unternehmen erm\u00f6glicht, ihre Produktdaten und Kundendaten in einer integrierten Umgebung zu verwalten. Unsere L\u00f6sungen optimieren die Datenqualit\u00e4t und erm\u00f6glichen eine personalisierte Kundenkommunikation.<\/p><\/li><li><p><strong>Multikanalvertrieb:<\/strong> Mit Pimcore k\u00f6nnen Unternehmen Produktinformationen und Kundendaten nahtlos \u00fcber verschiedene Vertriebskan\u00e4le wie E-Commerce-Websites, Mobile Apps und Printmedien verteilen. Dies f\u00f6rdert eine konsistente Markenkommunikation und steigert den Umsatz.<\/p><\/li><li><p><strong>Kundensupport und Schulungen:<\/strong> Wir bieten umfassenden Kundensupport und Schulungen an, um sicherzustellen, dass unsere Kunden das Beste aus unserer Software herausholen k\u00f6nnen. Unser engagiertes Team steht Ihnen bei Fragen und Anliegen zur Seite.<\/p><\/li><\/ol><p><strong>Warum Pimcore w\u00e4hlen:<\/strong><\/p><ul><li><p><strong>Branchenf\u00fchrende L\u00f6sungen:<\/strong> Pimcore ist anerkannter Marktf\u00fchrer im Bereich PIM und CDP und hat zahlreiche Kunden in verschiedenen Branchen und Regionen.<\/p><\/li><li><p><strong>Innovation:<\/strong> Wir sind st\u00e4ndig bestrebt, innovative Technologien und L\u00f6sungen zu entwickeln, um sicherzustellen, dass unsere Kunden wettbewerbsf\u00e4hig bleiben und ihr Gesch\u00e4ft ausbauen k\u00f6nnen.<\/p><\/li><li><p><strong>Kundenorientierung:<\/strong> Bei Pimcore steht die Zufriedenheit unserer Kunden an erster Stelle. Wir arbeiten eng mit Ihnen zusammen, um ma\u00dfgeschneiderte PIM- und CDP-L\u00f6sungen zu entwickeln, die Ihren individuellen Anforderungen gerecht werden.<\/p><\/li><\/ul><p>Wenn Sie auf der Suche nach einer zuverl\u00e4ssigen L\u00f6sung f\u00fcr Ihr Produktinformationsmanagement und die Verwaltung von Kundendaten sind, besuchen Sie die Webseite <a href=\"https:\/\/pimcore.com\/de\" target=\"_new\">https:\/\/pimcore.com\/de<\/a> f\u00fcr weitere Informationen \u00fcber unsere PIM- und CDP-Software und wie sie Ihrem Unternehmen helfen kann, Daten effektiver zu verwalten und herausragende Kundenerlebnisse zu bieten.<\/p>\t\t\t\t\t\t\t\t<\/div>\n\t\t\t\t<\/div>\n\t\t\t\t\t<\/div>\n\t\t<\/div>\n\t\t\t\t\t<\/div>\n\t\t<\/section>\n\t\t\t\t<\/div>\n\t\t","protected":false},"excerpt":{"rendered":"<p>Pimcore Pimcore ist ein renommierter Anbieter von hochmodernen L\u00f6sungen f\u00fcr Produktinformationsmanagement (PIM) und Customer Data Platform (CDP). Mit einem klaren Fokus auf die Vereinheitlichung und Optimierung von Produktdaten und Kundendaten unterst\u00fctzt Pimcore Unternehmen dabei, ihre Gesch\u00e4ftsprozesse zu transformieren und herausragende Kundenerlebnisse zu schaffen. Kernkompetenzen: PIM- und CDP-Software: Pimcore bietet eine f\u00fchrende PIM- und CDP-Plattform, die es Unternehmen erm\u00f6glicht, ihre Produktdaten und Kundendaten in einer integrierten Umgebung zu verwalten. Unsere L\u00f6sungen optimieren die Datenqualit\u00e4t und erm\u00f6glichen eine personalisierte Kundenkommunikation. Multikanalvertrieb: Mit Pimcore k\u00f6nnen Unternehmen Produktinformationen und Kundendaten nahtlos \u00fcber verschiedene Vertriebskan\u00e4le wie E-Commerce-Websites, Mobile Apps und Printmedien verteilen. Dies f\u00f6rdert eine konsistente Markenkommunikation und steigert den Umsatz. Kundensupport und Schulungen: Wir bieten umfassenden Kundensupport und Schulungen an, um sicherzustellen, dass unsere Kunden das Beste aus unserer Software herausholen k\u00f6nnen. Unser engagiertes Team steht Ihnen bei Fragen und Anliegen zur Seite. Warum Pimcore w\u00e4hlen: Branchenf\u00fchrende L\u00f6sungen: Pimcore ist anerkannter Marktf\u00fchrer im Bereich PIM und CDP und hat zahlreiche Kunden in verschiedenen Branchen und Regionen. Innovation: Wir sind st\u00e4ndig bestrebt, innovative Technologien und L\u00f6sungen zu entwickeln, um sicherzustellen, dass unsere Kunden wettbewerbsf\u00e4hig bleiben und ihr Gesch\u00e4ft ausbauen k\u00f6nnen. Kundenorientierung: Bei Pimcore steht die Zufriedenheit unserer Kunden an erster Stelle. Wir arbeiten eng mit Ihnen zusammen, um ma\u00dfgeschneiderte PIM- und CDP-L\u00f6sungen zu entwickeln, die Ihren individuellen Anforderungen gerecht werden. Wenn Sie auf der Suche nach einer zuverl\u00e4ssigen L\u00f6sung f\u00fcr Ihr Produktinformationsmanagement und die Verwaltung von Kundendaten sind, besuchen Sie die Webseite https:\/\/pimcore.com\/de f\u00fcr weitere Informationen \u00fcber unsere PIM- und CDP-Software und wie sie Ihrem Unternehmen helfen kann, Daten effektiver zu verwalten und herausragende Kundenerlebnisse zu bieten.<\/p>\n","protected":false},"author":1,"featured_media":0,"parent":15,"menu_order":0,"comment_status":"closed","ping_status":"closed","template":"","meta":{"footnotes":""},"class_list":["post-614","page","type-page","status-publish","hentry"],"aioseo_notices":[],"_links":{"self":[{"href":"https:\/\/pim-blog.de\/home\/wp-json\/wp\/v2\/pages\/614","targetHints":{"allow":["GET"]}}],"collection":[{"href":"https:\/\/pim-blog.de\/home\/wp-json\/wp\/v2\/pages"}],"about":[{"href":"https:\/\/pim-blog.de\/home\/wp-json\/wp\/v2\/types\/page"}],"author":[{"embeddable":true,"href":"https:\/\/pim-blog.de\/home\/wp-json\/wp\/v2\/users\/1"}],"replies":[{"embeddable":true,"href":"https:\/\/pim-blog.de\/home\/wp-json\/wp\/v2\/comments?post=614"}],"version-history":[{"count":5,"href":"https:\/\/pim-blog.de\/home\/wp-json\/wp\/v2\/pages\/614\/revisions"}],"predecessor-version":[{"id":650,"href":"https:\/\/pim-blog.de\/home\/wp-json\/wp\/v2\/pages\/614\/revisions\/650"}],"up":[{"embeddable":true,"href":"https:\/\/pim-blog.de\/home\/wp-json\/wp\/v2\/pages\/15"}],"wp:attachment":[{"href":"https:\/\/pim-blog.de\/home\/wp-json\/wp\/v2\/media?parent=614"}],"curies":[{"name":"wp","href":"https:\/\/api.w.org\/{rel}","templated":true}]}}