{"id":616,"date":"2023-09-11T09:38:26","date_gmt":"2023-09-11T09:38:26","guid":{"rendered":"https:\/\/pim-blog.de\/home\/?page_id=616"},"modified":"2023-09-11T10:46:34","modified_gmt":"2023-09-11T10:46:34","slug":"perfion-pim","status":"publish","type":"page","link":"https:\/\/pim-blog.de\/home\/inhalt\/welt-der-pim-systeme\/anbieter-von-pim-systemen\/perfion-pim\/","title":{"rendered":"Perfion PIM"},"content":{"rendered":"\t\t<div data-elementor-type=\"wp-page\" data-elementor-id=\"616\" class=\"elementor elementor-616\">\n\t\t\t\t\t\t<section class=\"elementor-section elementor-top-section elementor-element elementor-element-593a1fa elementor-section-boxed elementor-section-height-default elementor-section-height-default wpr-particle-no wpr-jarallax-no wpr-parallax-no wpr-sticky-section-no wpr-equal-height-no\" data-id=\"593a1fa\" data-element_type=\"section\" data-e-type=\"section\">\n\t\t\t\t\t\t<div class=\"elementor-container elementor-column-gap-default\">\n\t\t\t\t\t<div class=\"elementor-column elementor-col-100 elementor-top-column elementor-element elementor-element-cbee540\" data-id=\"cbee540\" data-element_type=\"column\" data-e-type=\"column\">\n\t\t\t<div class=\"elementor-widget-wrap elementor-element-populated\">\n\t\t\t\t\t\t<div class=\"elementor-element elementor-element-9ae866c elementor-widget elementor-widget-text-editor\" data-id=\"9ae866c\" data-element_type=\"widget\" data-e-type=\"widget\" data-widget_type=\"text-editor.default\">\n\t\t\t\t<div class=\"elementor-widget-container\">\n\t\t\t\t\t\t\t\t\t<p><span style=\"text-decoration: underline;\"><strong>Perfion<\/strong><\/span><\/p><p>Perfion ist ein angesehener Anbieter von erstklassigen L\u00f6sungen f\u00fcr Produktinformationsmanagement (PIM). Mit einem klaren Fokus auf die Organisation und Optimierung von Produktdaten unterst\u00fctzt Perfion Unternehmen dabei, ihre Gesch\u00e4ftsprozesse zu optimieren und hochwertige Produktinformationen \u00fcber verschiedene Vertriebskan\u00e4le hinweg zu verteilen.<\/p><p><strong>\u00a0Kernkompetenzen:<\/strong><\/p><ol><li><p><strong>Perfion PIM-Software:<\/strong> Perfion bietet eine hochmoderne PIM-Plattform, die es Unternehmen erm\u00f6glicht, ihre Produktdaten in einer zentralen, benutzerfreundlichen Umgebung zu verwalten. Unsere Software optimiert die Qualit\u00e4t der Produktinformationen und erh\u00f6ht die Effizienz im Unternehmen.<\/p><\/li><li><p><strong>Multikanalvertrieb:<\/strong> Mit Perfion PIM k\u00f6nnen Unternehmen Produktinformationen nahtlos \u00fcber verschiedene Vertriebskan\u00e4le wie E-Commerce-Websites, mobile Anwendungen, Printmedien und mehr verteilen. Dies gew\u00e4hrleistet eine konsistente Markenkommunikation und steigert den Absatz.<\/p><\/li><li><p><strong>Kundenbetreuung und Schulungen:<\/strong> Perfion bietet erstklassigen Kundensupport und Schulungen an, um sicherzustellen, dass Kunden das volle Potenzial von Perfion PIM aussch\u00f6pfen k\u00f6nnen. Das engagierte Team steht Ihnen bei Fragen und Anliegen zur Seite.<\/p><\/li><\/ol><p><strong>Warum Perfion w\u00e4hlen:<\/strong><\/p><ul><li><p><strong>Branchenerfahrung:<\/strong> Mit langj\u00e4hriger Erfahrung und einer breiten Kundenbasis in verschiedenen Branchen ist Perfion ein vertrauensw\u00fcrdiger Partner f\u00fcr Unternehmen jeder Gr\u00f6\u00dfe und Ausrichtung.<\/p><\/li><li><p><strong>Innovative L\u00f6sungen:<\/strong> Perfion investiert kontinuierlich in die Entwicklung innovativer Technologien und L\u00f6sungen, um sicherzustellen, dass Kunden wettbewerbsf\u00e4hig bleiben.<\/p><\/li><li><p><strong>Kundenorientierung:<\/strong> Bei Perfion steht die Kundenzufriedenheit an erster Stelle. Das Unternehmen arbeitet eng mit Kunden zusammen, um ma\u00dfgeschneiderte PIM-L\u00f6sungen zu entwickeln, die den individuellen Anforderungen entsprechen.<\/p><\/li><\/ul><p>Wenn Sie auf der Suche nach einer zuverl\u00e4ssigen L\u00f6sung f\u00fcr Ihr Produktinformationsmanagement sind, besuchen Sie die Webseite <a href=\"https:\/\/www.perfion.de\/\" target=\"_new\">https:\/\/www.perfion.de\/<\/a> f\u00fcr weitere Informationen \u00fcber die PIM-Software und wie sie Ihrem Unternehmen helfen kann, Produktinformationen effektiver zu verwalten und zu nutzen.<\/p>\t\t\t\t\t\t\t\t<\/div>\n\t\t\t\t<\/div>\n\t\t\t\t\t<\/div>\n\t\t<\/div>\n\t\t\t\t\t<\/div>\n\t\t<\/section>\n\t\t\t\t<\/div>\n\t\t","protected":false},"excerpt":{"rendered":"<p>Perfion Perfion ist ein angesehener Anbieter von erstklassigen L\u00f6sungen f\u00fcr Produktinformationsmanagement (PIM). Mit einem klaren Fokus auf die Organisation und Optimierung von Produktdaten unterst\u00fctzt Perfion Unternehmen dabei, ihre Gesch\u00e4ftsprozesse zu optimieren und hochwertige Produktinformationen \u00fcber verschiedene Vertriebskan\u00e4le hinweg zu verteilen. \u00a0Kernkompetenzen: Perfion PIM-Software: Perfion bietet eine hochmoderne PIM-Plattform, die es Unternehmen erm\u00f6glicht, ihre Produktdaten in einer zentralen, benutzerfreundlichen Umgebung zu verwalten. Unsere Software optimiert die Qualit\u00e4t der Produktinformationen und erh\u00f6ht die Effizienz im Unternehmen. Multikanalvertrieb: Mit Perfion PIM k\u00f6nnen Unternehmen Produktinformationen nahtlos \u00fcber verschiedene Vertriebskan\u00e4le wie E-Commerce-Websites, mobile Anwendungen, Printmedien und mehr verteilen. Dies gew\u00e4hrleistet eine konsistente Markenkommunikation und steigert den Absatz. Kundenbetreuung und Schulungen: Perfion bietet erstklassigen Kundensupport und Schulungen an, um sicherzustellen, dass Kunden das volle Potenzial von Perfion PIM aussch\u00f6pfen k\u00f6nnen. Das engagierte Team steht Ihnen bei Fragen und Anliegen zur Seite. Warum Perfion w\u00e4hlen: Branchenerfahrung: Mit langj\u00e4hriger Erfahrung und einer breiten Kundenbasis in verschiedenen Branchen ist Perfion ein vertrauensw\u00fcrdiger Partner f\u00fcr Unternehmen jeder Gr\u00f6\u00dfe und Ausrichtung. Innovative L\u00f6sungen: Perfion investiert kontinuierlich in die Entwicklung innovativer Technologien und L\u00f6sungen, um sicherzustellen, dass Kunden wettbewerbsf\u00e4hig bleiben. Kundenorientierung: Bei Perfion steht die Kundenzufriedenheit an erster Stelle. Das Unternehmen arbeitet eng mit Kunden zusammen, um ma\u00dfgeschneiderte PIM-L\u00f6sungen zu entwickeln, die den individuellen Anforderungen entsprechen. Wenn Sie auf der Suche nach einer zuverl\u00e4ssigen L\u00f6sung f\u00fcr Ihr Produktinformationsmanagement sind, besuchen Sie die Webseite https:\/\/www.perfion.de\/ f\u00fcr weitere Informationen \u00fcber die PIM-Software und wie sie Ihrem Unternehmen helfen kann, Produktinformationen effektiver zu verwalten und zu nutzen.<\/p>\n","protected":false},"author":1,"featured_media":0,"parent":15,"menu_order":0,"comment_status":"closed","ping_status":"closed","template":"","meta":{"footnotes":""},"class_list":["post-616","page","type-page","status-publish","hentry"],"aioseo_notices":[],"_links":{"self":[{"href":"https:\/\/pim-blog.de\/home\/wp-json\/wp\/v2\/pages\/616","targetHints":{"allow":["GET"]}}],"collection":[{"href":"https:\/\/pim-blog.de\/home\/wp-json\/wp\/v2\/pages"}],"about":[{"href":"https:\/\/pim-blog.de\/home\/wp-json\/wp\/v2\/types\/page"}],"author":[{"embeddable":true,"href":"https:\/\/pim-blog.de\/home\/wp-json\/wp\/v2\/users\/1"}],"replies":[{"embeddable":true,"href":"https:\/\/pim-blog.de\/home\/wp-json\/wp\/v2\/comments?post=616"}],"version-history":[{"count":7,"href":"https:\/\/pim-blog.de\/home\/wp-json\/wp\/v2\/pages\/616\/revisions"}],"predecessor-version":[{"id":656,"href":"https:\/\/pim-blog.de\/home\/wp-json\/wp\/v2\/pages\/616\/revisions\/656"}],"up":[{"embeddable":true,"href":"https:\/\/pim-blog.de\/home\/wp-json\/wp\/v2\/pages\/15"}],"wp:attachment":[{"href":"https:\/\/pim-blog.de\/home\/wp-json\/wp\/v2\/media?parent=616"}],"curies":[{"name":"wp","href":"https:\/\/api.w.org\/{rel}","templated":true}]}}