{"id":620,"date":"2023-09-11T09:39:37","date_gmt":"2023-09-11T09:39:37","guid":{"rendered":"https:\/\/pim-blog.de\/home\/?page_id=620"},"modified":"2023-09-11T11:09:14","modified_gmt":"2023-09-11T11:09:14","slug":"crossbase","status":"publish","type":"page","link":"https:\/\/pim-blog.de\/home\/inhalt\/welt-der-pim-systeme\/anbieter-von-pim-systemen\/crossbase\/","title":{"rendered":"Crossbase"},"content":{"rendered":"\t\t<div data-elementor-type=\"wp-page\" data-elementor-id=\"620\" class=\"elementor elementor-620\">\n\t\t\t\t\t\t<section class=\"elementor-section elementor-top-section elementor-element elementor-element-891f48c elementor-section-boxed elementor-section-height-default elementor-section-height-default wpr-particle-no wpr-jarallax-no wpr-parallax-no wpr-sticky-section-no wpr-equal-height-no\" data-id=\"891f48c\" data-element_type=\"section\" data-e-type=\"section\">\n\t\t\t\t\t\t<div class=\"elementor-container elementor-column-gap-default\">\n\t\t\t\t\t<div class=\"elementor-column elementor-col-100 elementor-top-column elementor-element elementor-element-c1503f3\" data-id=\"c1503f3\" data-element_type=\"column\" data-e-type=\"column\">\n\t\t\t<div class=\"elementor-widget-wrap elementor-element-populated\">\n\t\t\t\t\t\t<div class=\"elementor-element elementor-element-8f1ed3e elementor-widget elementor-widget-text-editor\" data-id=\"8f1ed3e\" data-element_type=\"widget\" data-e-type=\"widget\" data-widget_type=\"text-editor.default\">\n\t\t\t\t<div class=\"elementor-widget-container\">\n\t\t\t\t\t\t\t\t\t<p><strong>Crossbase<img decoding=\"async\" class=\"size-medium wp-image-593 alignright\" src=\"https:\/\/pim-blog.de\/wp-content\/uploads\/2023\/09\/crossbase-300x91.png\" alt=\"\" width=\"300\" height=\"91\" srcset=\"https:\/\/pim-blog.de\/wp-content\/uploads\/2023\/09\/crossbase-300x91.png 300w, https:\/\/pim-blog.de\/wp-content\/uploads\/2023\/09\/crossbase.png 530w\" sizes=\"(max-width: 300px) 100vw, 300px\" \/><\/strong><\/p><p>Crossbase ist ein angesehener Anbieter von hochentwickelten L\u00f6sungen f\u00fcr Produktinformationsmanagement (PIM) und Marketing-Automatisierung. Seit Jahren unterst\u00fctzen wir Unternehmen dabei, ihre Produktinformationen zu optimieren und effizient \u00fcber verschiedene Vertriebskan\u00e4le zu verteilen.<\/p><p><strong>Kernkompetenzen:<\/strong><\/p><ol><li><p><strong>PIM- und Marketing-Automatisierungssoftware:<\/strong> Crossbase bietet f\u00fchrende PIM- und Marketing-Automatisierungsl\u00f6sungen, die Unternehmen dabei unterst\u00fctzen, ihre Produktdaten zentral zu organisieren und effektive Marketingkampagnen zu planen und umzusetzen.<\/p><\/li><li><p><strong>Multikanalvertrieb:<\/strong> Mit Crossbase PIM k\u00f6nnen Unternehmen Produktinformationen nahtlos \u00fcber verschiedene Vertriebskan\u00e4le wie E-Commerce-Websites, mobile Anwendungen, Printmedien und mehr verteilen. Dies sorgt f\u00fcr eine konsistente Markenkommunikation und steigert den Umsatz.<\/p><\/li><li><p><strong>Kundenbetreuung und Schulungen:<\/strong> Wir bieten erstklassigen Kundensupport und Schulungen an, um sicherzustellen, dass Kunden das volle Potenzial unserer Software aussch\u00f6pfen k\u00f6nnen. Unser engagiertes Team steht Ihnen bei Fragen und Anliegen zur Seite.<\/p><\/li><\/ol><p><strong>Warum Crossbase w\u00e4hlen:<\/strong><\/p><ul><li><p><strong>Branchenf\u00fchrung:<\/strong> Crossbase ist anerkannter Marktf\u00fchrer im Bereich PIM und Marketing-Automatisierung und hat zahlreiche Kunden in verschiedenen Branchen und Regionen.<\/p><\/li><li><p><strong>Innovation:<\/strong> Wir investieren kontinuierlich in die Entwicklung innovativer Technologien und L\u00f6sungen, um sicherzustellen, dass Kunden wettbewerbsf\u00e4hig bleiben und ihr Gesch\u00e4ft ausbauen k\u00f6nnen.<\/p><\/li><li><p><strong>Kundenorientierung:<\/strong> Bei Crossbase steht die Kundenzufriedenheit an erster Stelle. Wir arbeiten eng mit Kunden zusammen, um ma\u00dfgeschneiderte PIM- und Marketingl\u00f6sungen zu entwickeln, die den individuellen Anforderungen gerecht werden.<\/p><\/li><\/ul><p>Wenn Sie auf der Suche nach einer zuverl\u00e4ssigen L\u00f6sung f\u00fcr Ihr Produktinformationsmanagement und Ihre Marketing-Automatisierung sind, empfehlen wir einen Besuch der Webseite <a href=\"https:\/\/www.crossbase.de\/DE\/DE\/unternehmen\/ueber-uns\" target=\"_new\">https:\/\/www.crossbase.de\/DE\/DE\/unternehmen\/ueber-uns<\/a> f\u00fcr weitere Informationen \u00fcber unser Unternehmen und unsere umfassenden L\u00f6sungen.<\/p>\t\t\t\t\t\t\t\t<\/div>\n\t\t\t\t<\/div>\n\t\t\t\t\t<\/div>\n\t\t<\/div>\n\t\t\t\t\t<\/div>\n\t\t<\/section>\n\t\t\t\t<\/div>\n\t\t","protected":false},"excerpt":{"rendered":"<p>Crossbase Crossbase ist ein angesehener Anbieter von hochentwickelten L\u00f6sungen f\u00fcr Produktinformationsmanagement (PIM) und Marketing-Automatisierung. Seit Jahren unterst\u00fctzen wir Unternehmen dabei, ihre Produktinformationen zu optimieren und effizient \u00fcber verschiedene Vertriebskan\u00e4le zu verteilen. Kernkompetenzen: PIM- und Marketing-Automatisierungssoftware: Crossbase bietet f\u00fchrende PIM- und Marketing-Automatisierungsl\u00f6sungen, die Unternehmen dabei unterst\u00fctzen, ihre Produktdaten zentral zu organisieren und effektive Marketingkampagnen zu planen und umzusetzen. Multikanalvertrieb: Mit Crossbase PIM k\u00f6nnen Unternehmen Produktinformationen nahtlos \u00fcber verschiedene Vertriebskan\u00e4le wie E-Commerce-Websites, mobile Anwendungen, Printmedien und mehr verteilen. Dies sorgt f\u00fcr eine konsistente Markenkommunikation und steigert den Umsatz. Kundenbetreuung und Schulungen: Wir bieten erstklassigen Kundensupport und Schulungen an, um sicherzustellen, dass Kunden das volle Potenzial unserer Software aussch\u00f6pfen k\u00f6nnen. Unser engagiertes Team steht Ihnen bei Fragen und Anliegen zur Seite. Warum Crossbase w\u00e4hlen: Branchenf\u00fchrung: Crossbase ist anerkannter Marktf\u00fchrer im Bereich PIM und Marketing-Automatisierung und hat zahlreiche Kunden in verschiedenen Branchen und Regionen. Innovation: Wir investieren kontinuierlich in die Entwicklung innovativer Technologien und L\u00f6sungen, um sicherzustellen, dass Kunden wettbewerbsf\u00e4hig bleiben und ihr Gesch\u00e4ft ausbauen k\u00f6nnen. Kundenorientierung: Bei Crossbase steht die Kundenzufriedenheit an erster Stelle. Wir arbeiten eng mit Kunden zusammen, um ma\u00dfgeschneiderte PIM- und Marketingl\u00f6sungen zu entwickeln, die den individuellen Anforderungen gerecht werden. Wenn Sie auf der Suche nach einer zuverl\u00e4ssigen L\u00f6sung f\u00fcr Ihr Produktinformationsmanagement und Ihre Marketing-Automatisierung sind, empfehlen wir einen Besuch der Webseite https:\/\/www.crossbase.de\/DE\/DE\/unternehmen\/ueber-uns f\u00fcr weitere Informationen \u00fcber unser Unternehmen und unsere umfassenden L\u00f6sungen.<\/p>\n","protected":false},"author":1,"featured_media":0,"parent":15,"menu_order":0,"comment_status":"closed","ping_status":"closed","template":"","meta":{"footnotes":""},"class_list":["post-620","page","type-page","status-publish","hentry"],"aioseo_notices":[],"_links":{"self":[{"href":"https:\/\/pim-blog.de\/home\/wp-json\/wp\/v2\/pages\/620","targetHints":{"allow":["GET"]}}],"collection":[{"href":"https:\/\/pim-blog.de\/home\/wp-json\/wp\/v2\/pages"}],"about":[{"href":"https:\/\/pim-blog.de\/home\/wp-json\/wp\/v2\/types\/page"}],"author":[{"embeddable":true,"href":"https:\/\/pim-blog.de\/home\/wp-json\/wp\/v2\/users\/1"}],"replies":[{"embeddable":true,"href":"https:\/\/pim-blog.de\/home\/wp-json\/wp\/v2\/comments?post=620"}],"version-history":[{"count":4,"href":"https:\/\/pim-blog.de\/home\/wp-json\/wp\/v2\/pages\/620\/revisions"}],"predecessor-version":[{"id":680,"href":"https:\/\/pim-blog.de\/home\/wp-json\/wp\/v2\/pages\/620\/revisions\/680"}],"up":[{"embeddable":true,"href":"https:\/\/pim-blog.de\/home\/wp-json\/wp\/v2\/pages\/15"}],"wp:attachment":[{"href":"https:\/\/pim-blog.de\/home\/wp-json\/wp\/v2\/media?parent=620"}],"curies":[{"name":"wp","href":"https:\/\/api.w.org\/{rel}","templated":true}]}}