{"id":622,"date":"2023-09-11T09:40:55","date_gmt":"2023-09-11T09:40:55","guid":{"rendered":"https:\/\/pim-blog.de\/home\/?page_id=622"},"modified":"2023-09-11T11:47:53","modified_gmt":"2023-09-11T11:47:53","slug":"lobster-pim","status":"publish","type":"page","link":"https:\/\/pim-blog.de\/home\/inhalt\/welt-der-pim-systeme\/anbieter-von-pim-systemen\/lobster-pim\/","title":{"rendered":"Lobster PIM"},"content":{"rendered":"\t\t<div data-elementor-type=\"wp-page\" data-elementor-id=\"622\" class=\"elementor elementor-622\">\n\t\t\t\t\t\t<section class=\"elementor-section elementor-top-section elementor-element elementor-element-7730251 elementor-section-boxed elementor-section-height-default elementor-section-height-default wpr-particle-no wpr-jarallax-no wpr-parallax-no wpr-sticky-section-no wpr-equal-height-no\" data-id=\"7730251\" data-element_type=\"section\" data-e-type=\"section\">\n\t\t\t\t\t\t<div class=\"elementor-container elementor-column-gap-default\">\n\t\t\t\t\t<div class=\"elementor-column elementor-col-100 elementor-top-column elementor-element elementor-element-9c5bc77\" data-id=\"9c5bc77\" data-element_type=\"column\" data-e-type=\"column\">\n\t\t\t<div class=\"elementor-widget-wrap elementor-element-populated\">\n\t\t\t\t\t\t<div class=\"elementor-element elementor-element-733adae elementor-widget elementor-widget-text-editor\" data-id=\"733adae\" data-element_type=\"widget\" data-e-type=\"widget\" data-widget_type=\"text-editor.default\">\n\t\t\t\t<div class=\"elementor-widget-container\">\n\t\t\t\t\t\t\t\t\t<p><span style=\"text-decoration: underline;\"><strong>Lobster &#8211; Der Experte f\u00fcr ganzheitliche PIM-L\u00f6sungen<img decoding=\"async\" class=\"size-medium wp-image-592 alignright\" src=\"https:\/\/pim-blog.de\/wp-content\/uploads\/2023\/09\/Lobster-300x153.jpeg\" alt=\"\" width=\"300\" height=\"153\" srcset=\"https:\/\/pim-blog.de\/wp-content\/uploads\/2023\/09\/Lobster-300x153.jpeg 300w, https:\/\/pim-blog.de\/wp-content\/uploads\/2023\/09\/Lobster-768x393.jpeg 768w, https:\/\/pim-blog.de\/wp-content\/uploads\/2023\/09\/Lobster.jpeg 788w\" sizes=\"(max-width: 300px) 100vw, 300px\" \/><\/strong><\/span><\/p>\n<p>Willkommen bei Lobster, Ihrem verl\u00e4sslichen Partner im Bereich Product Information Management (PIM). Mit unserer langj\u00e4hrigen Erfahrung und Innovationskraft bieten wir umfangreiche, integrative L\u00f6sungen rund um Datenpflege, Schnittstellen und Usability.<\/p>\n<p>Unsere Mission ist es, Unternehmen dabei zu unterst\u00fctzen, ihre Produktinformationen effizient zu verwalten und zu optimieren. Mit Lobster PIM stellen wir Ihnen eine leistungsstarke Software zur Verf\u00fcgung, die Ihnen die Verwaltung und Aktualisierung Ihrer Produktinformationen in Echtzeit erm\u00f6glicht. Unsere L\u00f6sung integriert nahtlos in Ihre bestehenden Systeme und erm\u00f6glicht eine reibungslose Zusammenarbeit zwischen verschiedenen Abteilungen und Stakeholdern.<\/p>\n<p>Warum Lobster?<\/p>\n<ul>\n<li>\n<p><strong>Effiziente Datenpflege:<\/strong> Mit Lobster PIM k\u00f6nnen Sie Produktinformationen m\u00fchelos erfassen, aktualisieren und optimieren. Unsere benutzerfreundliche Oberfl\u00e4che macht die Datenpflege zum Kinderspiel.<\/p>\n<\/li>\n<li>\n<p><strong>Nahtlose Integration:<\/strong> Unsere L\u00f6sung passt sich problemlos in Ihre vorhandene IT-Infrastruktur ein und bietet reibungslose Schnittstellen zu anderen Systemen.<\/p>\n<\/li>\n<li>\n<p><strong>Echtzeit-Aktualisierung:<\/strong> Mit Lobster PIM bleiben Ihre Produktinformationen immer auf dem neuesten Stand. So k\u00f6nnen Sie Kunden stets korrekte und aktuelle Informationen bieten.<\/p>\n<\/li>\n<li>\n<p><strong>Usability:<\/strong> Wir legen gro\u00dfen Wert auf eine intuitive Benutzererfahrung. Unsere Software ist einfach zu erlernen und anzuwenden, was die Effizienz in Ihrem Unternehmen steigert.<\/p>\n<\/li>\n<\/ul>\n<p>Besuchen Sie die-Homepage unter <a href=\"https:\/\/www.lobster-world.com\/de\/produkte\/lobster-pim\/\" target=\"_new\">https:\/\/www.lobster-world.com\/de\/produkte\/lobster-pim\/<\/a> und erfahren Sie mehr dar\u00fcber, wie Lobster PIM Ihr Unternehmen dabei unterst\u00fctzen kann, Produktinformationen effektiv zu verwalten und Ihre Wettbewerbsf\u00e4higkeit zu steigern.<\/p>\n<p>Lobster &#8211; Ihr Partner f\u00fcr PIM-Exzellenz!<\/p>\n<p><\/p>\t\t\t\t\t\t\t\t<\/div>\n\t\t\t\t<\/div>\n\t\t\t\t\t<\/div>\n\t\t<\/div>\n\t\t\t\t\t<\/div>\n\t\t<\/section>\n\t\t\t\t<\/div>\n\t\t","protected":false},"excerpt":{"rendered":"<p>Lobster &#8211; Der Experte f\u00fcr ganzheitliche PIM-L\u00f6sungen Willkommen bei Lobster, Ihrem verl\u00e4sslichen Partner im Bereich Product Information Management (PIM). Mit unserer langj\u00e4hrigen Erfahrung und Innovationskraft bieten wir umfangreiche, integrative L\u00f6sungen rund um Datenpflege, Schnittstellen und Usability. Unsere Mission ist es, Unternehmen dabei zu unterst\u00fctzen, ihre Produktinformationen effizient zu verwalten und zu optimieren. Mit Lobster PIM stellen wir Ihnen eine leistungsstarke Software zur Verf\u00fcgung, die Ihnen die Verwaltung und Aktualisierung Ihrer Produktinformationen in Echtzeit erm\u00f6glicht. Unsere L\u00f6sung integriert nahtlos in Ihre bestehenden Systeme und erm\u00f6glicht eine reibungslose Zusammenarbeit zwischen verschiedenen Abteilungen und Stakeholdern. Warum Lobster? Effiziente Datenpflege: Mit Lobster PIM k\u00f6nnen Sie Produktinformationen m\u00fchelos erfassen, aktualisieren und optimieren. Unsere benutzerfreundliche Oberfl\u00e4che macht die Datenpflege zum Kinderspiel. Nahtlose Integration: Unsere L\u00f6sung passt sich problemlos in Ihre vorhandene IT-Infrastruktur ein und bietet reibungslose Schnittstellen zu anderen Systemen. Echtzeit-Aktualisierung: Mit Lobster PIM bleiben Ihre Produktinformationen immer auf dem neuesten Stand. So k\u00f6nnen Sie Kunden stets korrekte und aktuelle Informationen bieten. Usability: Wir legen gro\u00dfen Wert auf eine intuitive Benutzererfahrung. Unsere Software ist einfach zu erlernen und anzuwenden, was die Effizienz in Ihrem Unternehmen steigert. Besuchen Sie die-Homepage unter https:\/\/www.lobster-world.com\/de\/produkte\/lobster-pim\/ und erfahren Sie mehr dar\u00fcber, wie Lobster PIM Ihr Unternehmen dabei unterst\u00fctzen kann, Produktinformationen effektiv zu verwalten und Ihre Wettbewerbsf\u00e4higkeit zu steigern. Lobster &#8211; Ihr Partner f\u00fcr PIM-Exzellenz!<\/p>\n","protected":false},"author":1,"featured_media":0,"parent":15,"menu_order":0,"comment_status":"closed","ping_status":"closed","template":"","meta":{"footnotes":""},"class_list":["post-622","page","type-page","status-publish","hentry"],"aioseo_notices":[],"_links":{"self":[{"href":"https:\/\/pim-blog.de\/home\/wp-json\/wp\/v2\/pages\/622","targetHints":{"allow":["GET"]}}],"collection":[{"href":"https:\/\/pim-blog.de\/home\/wp-json\/wp\/v2\/pages"}],"about":[{"href":"https:\/\/pim-blog.de\/home\/wp-json\/wp\/v2\/types\/page"}],"author":[{"embeddable":true,"href":"https:\/\/pim-blog.de\/home\/wp-json\/wp\/v2\/users\/1"}],"replies":[{"embeddable":true,"href":"https:\/\/pim-blog.de\/home\/wp-json\/wp\/v2\/comments?post=622"}],"version-history":[{"count":4,"href":"https:\/\/pim-blog.de\/home\/wp-json\/wp\/v2\/pages\/622\/revisions"}],"predecessor-version":[{"id":686,"href":"https:\/\/pim-blog.de\/home\/wp-json\/wp\/v2\/pages\/622\/revisions\/686"}],"up":[{"embeddable":true,"href":"https:\/\/pim-blog.de\/home\/wp-json\/wp\/v2\/pages\/15"}],"wp:attachment":[{"href":"https:\/\/pim-blog.de\/home\/wp-json\/wp\/v2\/media?parent=622"}],"curies":[{"name":"wp","href":"https:\/\/api.w.org\/{rel}","templated":true}]}}