{"id":624,"date":"2023-09-11T09:41:39","date_gmt":"2023-09-11T09:41:39","guid":{"rendered":"https:\/\/pim-blog.de\/home\/?page_id=624"},"modified":"2023-09-11T12:05:46","modified_gmt":"2023-09-11T12:05:46","slug":"inriver-pim","status":"publish","type":"page","link":"https:\/\/pim-blog.de\/home\/inhalt\/welt-der-pim-systeme\/anbieter-von-pim-systemen\/inriver-pim\/","title":{"rendered":"Inriver PIM"},"content":{"rendered":"\t\t<div data-elementor-type=\"wp-page\" data-elementor-id=\"624\" class=\"elementor elementor-624\">\n\t\t\t\t\t\t<section class=\"elementor-section elementor-top-section elementor-element elementor-element-2929132 elementor-section-boxed elementor-section-height-default elementor-section-height-default wpr-particle-no wpr-jarallax-no wpr-parallax-no wpr-sticky-section-no wpr-equal-height-no\" data-id=\"2929132\" data-element_type=\"section\" data-e-type=\"section\">\n\t\t\t\t\t\t<div class=\"elementor-container elementor-column-gap-default\">\n\t\t\t\t\t<div class=\"elementor-column elementor-col-100 elementor-top-column elementor-element elementor-element-24b84f6\" data-id=\"24b84f6\" data-element_type=\"column\" data-e-type=\"column\">\n\t\t\t<div class=\"elementor-widget-wrap elementor-element-populated\">\n\t\t\t\t\t\t<div class=\"elementor-element elementor-element-6b02f17 elementor-widget elementor-widget-text-editor\" data-id=\"6b02f17\" data-element_type=\"widget\" data-e-type=\"widget\" data-widget_type=\"text-editor.default\">\n\t\t\t\t<div class=\"elementor-widget-container\">\n\t\t\t\t\t\t\t\t\t<div class=\"flex flex-grow flex-col gap-3 max-w-full\"><div class=\"min-h-[20px] flex flex-col items-start gap-3 overflow-x-auto whitespace-pre-wrap break-words\"><div class=\"markdown prose w-full break-words dark:prose-invert light\"><p><span style=\"text-decoration: underline;\"><strong>Inriver PIM<img decoding=\"async\" class=\"size-medium wp-image-591 alignright\" src=\"https:\/\/pim-blog.de\/wp-content\/uploads\/2023\/09\/InRiver-Logo-Final-1-300x109.png\" alt=\"\" width=\"300\" height=\"109\" srcset=\"https:\/\/pim-blog.de\/wp-content\/uploads\/2023\/09\/InRiver-Logo-Final-1-300x109.png 300w, https:\/\/pim-blog.de\/wp-content\/uploads\/2023\/09\/InRiver-Logo-Final-1-1024x372.png 1024w, https:\/\/pim-blog.de\/wp-content\/uploads\/2023\/09\/InRiver-Logo-Final-1-768x279.png 768w, https:\/\/pim-blog.de\/wp-content\/uploads\/2023\/09\/InRiver-Logo-Final-1-1536x558.png 1536w, https:\/\/pim-blog.de\/wp-content\/uploads\/2023\/09\/InRiver-Logo-Final-1.png 1690w\" sizes=\"(max-width: 300px) 100vw, 300px\" \/><\/strong><\/span><\/p><p>Willkommen bei Inriver, Ihrem vertrauensw\u00fcrdigen Partner im Bereich Product Information Management (PIM). Als f\u00fchrender Anbieter werden erstklassige L\u00f6sungen, um Ihre Produktinformationen effizient zu verwalten und zu optimieren, angeboten.<\/p><p>Die Mission des Anbiters ist es, Unternehmen dabei zu unterst\u00fctzen, ihre Produktdaten zu beherrschen und sie in wertvolle Ressourcen zu verwandeln. Mit Inriver PIM erhalten Sie eine leistungsstarke Software, die Ihnen die Kontrolle \u00fcber Ihre Produktinformationen gibt. Die L\u00f6sungen sind benutzerfreundlich und bieten nahtlose Integration in Ihre bestehenden Systeme.<\/p><p>Warum Inriver?<\/p><ul><li><p><strong>Effiziente Datenpflege:<\/strong> Mit Inriver PIM k\u00f6nnen Sie Produktinformationen m\u00fchelos erfassen, aktualisieren und verbessern. Wir erleichtern Ihnen die Arbeit.<\/p><\/li><li><p><strong>Nahtlose Integration:<\/strong> Unsere L\u00f6sungen passen sich nahtlos in Ihre IT-Infrastruktur ein und erm\u00f6glichen einen reibungslosen Datenaustausch zwischen verschiedenen Systemen.<\/p><\/li><li><p><strong>Aktualit\u00e4t in Echtzeit:<\/strong> Ihre Produktinformationen bleiben immer auf dem neuesten Stand. Sie k\u00f6nnen Ihren Kunden jederzeit aktuelle und pr\u00e4zise Informationen bieten.<\/p><\/li><\/ul><p>Besuchen Sie die Homepage unter <a href=\"https:\/\/www.inriver.com\/de\/produkt\/\">https:\/\/www.inriver.com\/de\/produkt\/<\/a> um mehr \u00fcber die PIM-L\u00f6sungen zu erfahren und wie sie Ihrem Unternehmen helfen k\u00f6nnen, erfolgreich zu sein.<\/p><p>Inriver &#8211; Ihr Partner f\u00fcr erstklassige PIM-L\u00f6sungen!<\/p><\/div><\/div><\/div>\t\t\t\t\t\t\t\t<\/div>\n\t\t\t\t<\/div>\n\t\t\t\t\t<\/div>\n\t\t<\/div>\n\t\t\t\t\t<\/div>\n\t\t<\/section>\n\t\t\t\t<\/div>\n\t\t","protected":false},"excerpt":{"rendered":"<p>Inriver PIM Willkommen bei Inriver, Ihrem vertrauensw\u00fcrdigen Partner im Bereich Product Information Management (PIM). Als f\u00fchrender Anbieter werden erstklassige L\u00f6sungen, um Ihre Produktinformationen effizient zu verwalten und zu optimieren, angeboten. Die Mission des Anbiters ist es, Unternehmen dabei zu unterst\u00fctzen, ihre Produktdaten zu beherrschen und sie in wertvolle Ressourcen zu verwandeln. Mit Inriver PIM erhalten Sie eine leistungsstarke Software, die Ihnen die Kontrolle \u00fcber Ihre Produktinformationen gibt. Die L\u00f6sungen sind benutzerfreundlich und bieten nahtlose Integration in Ihre bestehenden Systeme. Warum Inriver? Effiziente Datenpflege: Mit Inriver PIM k\u00f6nnen Sie Produktinformationen m\u00fchelos erfassen, aktualisieren und verbessern. Wir erleichtern Ihnen die Arbeit. Nahtlose Integration: Unsere L\u00f6sungen passen sich nahtlos in Ihre IT-Infrastruktur ein und erm\u00f6glichen einen reibungslosen Datenaustausch zwischen verschiedenen Systemen. Aktualit\u00e4t in Echtzeit: Ihre Produktinformationen bleiben immer auf dem neuesten Stand. Sie k\u00f6nnen Ihren Kunden jederzeit aktuelle und pr\u00e4zise Informationen bieten. Besuchen Sie die Homepage unter https:\/\/www.inriver.com\/de\/produkt\/ um mehr \u00fcber die PIM-L\u00f6sungen zu erfahren und wie sie Ihrem Unternehmen helfen k\u00f6nnen, erfolgreich zu sein. Inriver &#8211; Ihr Partner f\u00fcr erstklassige PIM-L\u00f6sungen!<\/p>\n","protected":false},"author":1,"featured_media":0,"parent":15,"menu_order":0,"comment_status":"closed","ping_status":"closed","template":"","meta":{"footnotes":""},"class_list":["post-624","page","type-page","status-publish","hentry"],"aioseo_notices":[],"_links":{"self":[{"href":"https:\/\/pim-blog.de\/home\/wp-json\/wp\/v2\/pages\/624","targetHints":{"allow":["GET"]}}],"collection":[{"href":"https:\/\/pim-blog.de\/home\/wp-json\/wp\/v2\/pages"}],"about":[{"href":"https:\/\/pim-blog.de\/home\/wp-json\/wp\/v2\/types\/page"}],"author":[{"embeddable":true,"href":"https:\/\/pim-blog.de\/home\/wp-json\/wp\/v2\/users\/1"}],"replies":[{"embeddable":true,"href":"https:\/\/pim-blog.de\/home\/wp-json\/wp\/v2\/comments?post=624"}],"version-history":[{"count":4,"href":"https:\/\/pim-blog.de\/home\/wp-json\/wp\/v2\/pages\/624\/revisions"}],"predecessor-version":[{"id":693,"href":"https:\/\/pim-blog.de\/home\/wp-json\/wp\/v2\/pages\/624\/revisions\/693"}],"up":[{"embeddable":true,"href":"https:\/\/pim-blog.de\/home\/wp-json\/wp\/v2\/pages\/15"}],"wp:attachment":[{"href":"https:\/\/pim-blog.de\/home\/wp-json\/wp\/v2\/media?parent=624"}],"curies":[{"name":"wp","href":"https:\/\/api.w.org\/{rel}","templated":true}]}}