{"id":904,"date":"2023-09-21T13:58:17","date_gmt":"2023-09-21T13:58:17","guid":{"rendered":"https:\/\/pim-blog.de\/home\/?page_id=904"},"modified":"2024-09-06T15:00:45","modified_gmt":"2024-09-06T15:00:45","slug":"projekt-grundlagen","status":"publish","type":"page","link":"https:\/\/pim-blog.de\/home\/inhalt\/3-2-1-ein-pim-projekt\/projekt-grundlagen\/","title":{"rendered":"Projekt-Grundlagen"},"content":{"rendered":"\t\t<div data-elementor-type=\"wp-page\" data-elementor-id=\"904\" class=\"elementor elementor-904\">\n\t\t\t\t\t\t<section class=\"elementor-section elementor-top-section elementor-element elementor-element-a1c9bbb elementor-section-boxed elementor-section-height-default elementor-section-height-default wpr-particle-no wpr-jarallax-no wpr-parallax-no wpr-sticky-section-no wpr-column-slider-no wpr-equal-height-no\" data-id=\"a1c9bbb\" data-element_type=\"section\" data-e-type=\"section\">\n\t\t\t\t\t\t<div class=\"elementor-container elementor-column-gap-default\">\n\t\t\t\t\t<div class=\"elementor-column elementor-col-100 elementor-top-column elementor-element elementor-element-3aa44c3\" data-id=\"3aa44c3\" data-element_type=\"column\" data-e-type=\"column\">\n\t\t\t<div class=\"elementor-widget-wrap elementor-element-populated\">\n\t\t\t\t\t\t<div class=\"elementor-element elementor-element-b448110 elementor-widget elementor-widget-image\" data-id=\"b448110\" data-element_type=\"widget\" data-e-type=\"widget\" data-widget_type=\"image.default\">\n\t\t\t\t<div class=\"elementor-widget-container\">\n\t\t\t\t\t\t\t\t\t\t\t\t\t\t\t<img fetchpriority=\"high\" decoding=\"async\" width=\"768\" height=\"341\" src=\"https:\/\/pim-blog.de\/wp-content\/uploads\/2023\/09\/project-management-7446587_1280-1-768x341.jpg\" class=\"attachment-medium_large size-medium_large wp-image-920\" alt=\"\" srcset=\"https:\/\/pim-blog.de\/wp-content\/uploads\/2023\/09\/project-management-7446587_1280-1-768x341.jpg 768w, https:\/\/pim-blog.de\/wp-content\/uploads\/2023\/09\/project-management-7446587_1280-1-300x133.jpg 300w, https:\/\/pim-blog.de\/wp-content\/uploads\/2023\/09\/project-management-7446587_1280-1-1024x455.jpg 1024w, https:\/\/pim-blog.de\/wp-content\/uploads\/2023\/09\/project-management-7446587_1280-1.jpg 1280w\" sizes=\"(max-width: 768px) 100vw, 768px\" \/>\t\t\t\t\t\t\t\t\t\t\t\t\t\t\t<\/div>\n\t\t\t\t<\/div>\n\t\t\t\t\t<\/div>\n\t\t<\/div>\n\t\t\t\t\t<\/div>\n\t\t<\/section>\n\t\t\t\t<section class=\"elementor-section elementor-top-section elementor-element elementor-element-4211ad9 elementor-section-boxed elementor-section-height-default elementor-section-height-default wpr-particle-no wpr-jarallax-no wpr-parallax-no wpr-sticky-section-no wpr-column-slider-no wpr-equal-height-no\" data-id=\"4211ad9\" data-element_type=\"section\" data-e-type=\"section\">\n\t\t\t\t\t\t<div class=\"elementor-container elementor-column-gap-default\">\n\t\t\t\t\t<div class=\"elementor-column elementor-col-100 elementor-top-column elementor-element elementor-element-0a93cb2\" data-id=\"0a93cb2\" data-element_type=\"column\" data-e-type=\"column\">\n\t\t\t<div class=\"elementor-widget-wrap elementor-element-populated\">\n\t\t\t\t\t\t<div class=\"elementor-element elementor-element-312f2b9 elementor-widget elementor-widget-text-editor\" data-id=\"312f2b9\" data-element_type=\"widget\" data-e-type=\"widget\" data-widget_type=\"text-editor.default\">\n\t\t\t\t<div class=\"elementor-widget-container\">\n\t\t\t\t\t\t\t\t\t<p>Bevor man ein Projekt starten kann, muss man sich organisieren.<\/p><p>Je komplexer ein Projekt ist, das kann sich in einer Projektlaufzeit \u00fcber mehrere Jahre ausdr\u00fccken oder durch unz\u00e4hlig viele Teilprojekte und Aufgabenpakete oder durch die Anzahl der involvierten Personengruppen, desto genauer muss ein Projekt geplant und vor allem dokumentiert werden.<\/p><p><strong>Und nein, das geht nicht in Excel!<\/strong><\/p><p>Ich empfehle klar den Einsatz von richtigen Projektmanagement-Tools wie Factro, Trello, Mondy.com oder Atlassian Jira.<\/p><p>Das Wichtigste in einem komplexen Projekt ist: <b>T R A N S P A R E N Z ! <\/b><\/p><p>Jede(r) Projektbeteiligte muss das Projektziel kennen, die Zust\u00e4ndigkeiten, Flaschenh\u00e4lse sprich Aufgaben, die eine Projekt-Timeline bedrohen k\u00f6nnen, fr\u00fchzeitig erkennen und berichten k\u00f6nnen und auch jederzeit wissen, an wen man sich zu wenden hat, wenn etwas vom Plan abweicht.<strong>\u00a0<\/strong><\/p>\t\t\t\t\t\t\t\t<\/div>\n\t\t\t\t<\/div>\n\t\t\t\t\t<\/div>\n\t\t<\/div>\n\t\t\t\t\t<\/div>\n\t\t<\/section>\n\t\t\t\t<section class=\"elementor-section elementor-top-section elementor-element elementor-element-f995c25 elementor-section-boxed elementor-section-height-default elementor-section-height-default wpr-particle-no wpr-jarallax-no wpr-parallax-no wpr-sticky-section-no wpr-column-slider-no wpr-equal-height-no\" data-id=\"f995c25\" data-element_type=\"section\" data-e-type=\"section\">\n\t\t\t\t\t\t<div class=\"elementor-container elementor-column-gap-default\">\n\t\t\t\t\t<div class=\"elementor-column elementor-col-100 elementor-top-column elementor-element elementor-element-fb0bbc9\" data-id=\"fb0bbc9\" data-element_type=\"column\" data-e-type=\"column\">\n\t\t\t<div class=\"elementor-widget-wrap elementor-element-populated\">\n\t\t\t\t\t\t<div class=\"elementor-element elementor-element-82f5a0f elementor-widget elementor-widget-text-editor\" data-id=\"82f5a0f\" data-element_type=\"widget\" data-e-type=\"widget\" data-widget_type=\"text-editor.default\">\n\t\t\t\t<div class=\"elementor-widget-container\">\n\t\t\t\t\t\t\t\t\t<p>In manchen Unternehmen stellt sich die Frage erst gar nicht, nach welcher Methode gearbeitet, gepr\u00fcft, dokumentiert und ausgerollt wird.<\/p><p>Aber wenn wir mal ehrlich zu uns selbst sind, einen Plan k\u00f6nnen wir erstellen, Anforderungen definieren geht auch, Budget planen bekommen die meisten hin mit einer hinzunehmenden Fehlerquote. Warum sollen wir uns f\u00fcr eine bestimmte Projektmanagement-Methode entscheiden?<\/p><p>\u00a0<\/p><p>Auf den n\u00e4chsten Seiten werden wir die beiden Ans\u00e4tze agil und klassisch n\u00e4her beleuchten, um am Ende die Erkenntnis zu gewinnen, ob und wenn wann, wir eine bestimmt Methode w\u00e4hlen sollten und versuchen die Frage zu beantworten: <strong>Kann ich mich einfach so f\u00fcr eine Methode entscheiden?<\/strong><\/p><p>Oder ist es doch gar nicht so einfach, vollst\u00e4ndig agil zu arbeiten, wenn der Rest des Unternehmens so ein Mischmasch von allem und nichts aufweist?<\/p>\t\t\t\t\t\t\t\t<\/div>\n\t\t\t\t<\/div>\n\t\t\t\t<div class=\"elementor-element elementor-element-713f62c elementor-align-center elementor-widget elementor-widget-button\" data-id=\"713f62c\" data-element_type=\"widget\" data-e-type=\"widget\" data-widget_type=\"button.default\">\n\t\t\t\t<div class=\"elementor-widget-container\">\n\t\t\t\t\t\t\t\t\t<div class=\"elementor-button-wrapper\">\n\t\t\t\t\t<a class=\"elementor-button elementor-button-link elementor-size-sm\" href=\"https:\/\/pim-blog.de\/home\/?page_id=3649\">\n\t\t\t\t\t\t<span class=\"elementor-button-content-wrapper\">\n\t\t\t\t\t\t\t\t\t<span class=\"elementor-button-text\">\u00dcberblick Projektmanagement-Methoden<\/span>\n\t\t\t\t\t<\/span>\n\t\t\t\t\t<\/a>\n\t\t\t\t<\/div>\n\t\t\t\t\t\t\t\t<\/div>\n\t\t\t\t<\/div>\n\t\t\t\t\t<\/div>\n\t\t<\/div>\n\t\t\t\t\t<\/div>\n\t\t<\/section>\n\t\t\t\t<section class=\"elementor-section elementor-top-section elementor-element elementor-element-f4db796 elementor-section-boxed elementor-section-height-default elementor-section-height-default wpr-particle-no wpr-jarallax-no wpr-parallax-no wpr-sticky-section-no wpr-column-slider-no wpr-equal-height-no\" data-id=\"f4db796\" data-element_type=\"section\" data-e-type=\"section\">\n\t\t\t\t\t\t<div class=\"elementor-container elementor-column-gap-default\">\n\t\t\t\t\t<div class=\"elementor-column elementor-col-100 elementor-top-column elementor-element elementor-element-4c5875c\" data-id=\"4c5875c\" data-element_type=\"column\" data-e-type=\"column\">\n\t\t\t<div class=\"elementor-widget-wrap elementor-element-populated\">\n\t\t\t\t\t\t<div class=\"elementor-element elementor-element-7bca327 elementor-widget elementor-widget-spacer\" data-id=\"7bca327\" data-element_type=\"widget\" data-e-type=\"widget\" data-widget_type=\"spacer.default\">\n\t\t\t\t<div class=\"elementor-widget-container\">\n\t\t\t\t\t\t\t<div class=\"elementor-spacer\">\n\t\t\t<div class=\"elementor-spacer-inner\"><\/div>\n\t\t<\/div>\n\t\t\t\t\t\t<\/div>\n\t\t\t\t<\/div>\n\t\t\t\t<div class=\"elementor-element elementor-element-a93e88e elementor-widget elementor-widget-text-editor\" data-id=\"a93e88e\" data-element_type=\"widget\" data-e-type=\"widget\" data-widget_type=\"text-editor.default\">\n\t\t\t\t<div class=\"elementor-widget-container\">\n\t\t\t\t\t\t\t\t\t<p>Wer sich erstmal weiter einen \u00dcberblick \u00fcber die PIM-Grundlagen verschaffen m\u00f6chte, f\u00fcr den geht es hier weiter:<\/p>\t\t\t\t\t\t\t\t<\/div>\n\t\t\t\t<\/div>\n\t\t\t\t\t<\/div>\n\t\t<\/div>\n\t\t\t\t\t<\/div>\n\t\t<\/section>\n\t\t\t\t<section class=\"elementor-section elementor-top-section elementor-element elementor-element-ffd6057 elementor-section-boxed elementor-section-height-default elementor-section-height-default wpr-particle-no wpr-jarallax-no wpr-parallax-no wpr-sticky-section-no wpr-column-slider-no wpr-equal-height-no\" data-id=\"ffd6057\" data-element_type=\"section\" data-e-type=\"section\">\n\t\t\t\t\t\t<div class=\"elementor-container elementor-column-gap-default\">\n\t\t\t\t\t<div class=\"elementor-column elementor-col-100 elementor-top-column elementor-element elementor-element-300c218\" data-id=\"300c218\" data-element_type=\"column\" data-e-type=\"column\">\n\t\t\t<div class=\"elementor-widget-wrap elementor-element-populated\">\n\t\t\t\t\t\t<div class=\"elementor-element elementor-element-f39f247 elementor-align-center elementor-widget elementor-widget-button\" data-id=\"f39f247\" data-element_type=\"widget\" data-e-type=\"widget\" data-widget_type=\"button.default\">\n\t\t\t\t<div class=\"elementor-widget-container\">\n\t\t\t\t\t\t\t\t\t<div class=\"elementor-button-wrapper\">\n\t\t\t\t\t<a class=\"elementor-button elementor-button-link elementor-size-sm\" href=\"https:\/\/pim-blog.de\/home\/inhalt\/3-2-1-ein-pim-projekt\/problemstellung-pim-kann-es-die-loesung-sein\/\">\n\t\t\t\t\t\t<span class=\"elementor-button-content-wrapper\">\n\t\t\t\t\t\t\t\t\t<span class=\"elementor-button-text\">Weiter zur Problemstellung<\/span>\n\t\t\t\t\t<\/span>\n\t\t\t\t\t<\/a>\n\t\t\t\t<\/div>\n\t\t\t\t\t\t\t\t<\/div>\n\t\t\t\t<\/div>\n\t\t\t\t\t<\/div>\n\t\t<\/div>\n\t\t\t\t\t<\/div>\n\t\t<\/section>\n\t\t\t\t<section class=\"elementor-section elementor-top-section elementor-element elementor-element-4627b8e elementor-section-boxed elementor-section-height-default elementor-section-height-default wpr-particle-no wpr-jarallax-no wpr-parallax-no wpr-sticky-section-no wpr-column-slider-no wpr-equal-height-no\" data-id=\"4627b8e\" data-element_type=\"section\" data-e-type=\"section\">\n\t\t\t\t\t\t<div class=\"elementor-container elementor-column-gap-default\">\n\t\t\t\t\t<div class=\"elementor-column elementor-col-50 elementor-top-column elementor-element elementor-element-1961064\" data-id=\"1961064\" data-element_type=\"column\" data-e-type=\"column\">\n\t\t\t<div class=\"elementor-widget-wrap elementor-element-populated\">\n\t\t\t\t\t\t<div class=\"elementor-element elementor-element-a708d8d elementor-widget elementor-widget-spacer\" data-id=\"a708d8d\" data-element_type=\"widget\" data-e-type=\"widget\" data-widget_type=\"spacer.default\">\n\t\t\t\t<div class=\"elementor-widget-container\">\n\t\t\t\t\t\t\t<div class=\"elementor-spacer\">\n\t\t\t<div class=\"elementor-spacer-inner\"><\/div>\n\t\t<\/div>\n\t\t\t\t\t\t<\/div>\n\t\t\t\t<\/div>\n\t\t\t\t\t<\/div>\n\t\t<\/div>\n\t\t\t\t<div class=\"elementor-column elementor-col-50 elementor-top-column elementor-element elementor-element-068fa92\" data-id=\"068fa92\" data-element_type=\"column\" data-e-type=\"column\">\n\t\t\t<div class=\"elementor-widget-wrap elementor-element-populated\">\n\t\t\t\t\t\t<div class=\"elementor-element elementor-element-1db2034 elementor-align-right elementor-widget elementor-widget-button\" data-id=\"1db2034\" data-element_type=\"widget\" data-e-type=\"widget\" data-widget_type=\"button.default\">\n\t\t\t\t<div class=\"elementor-widget-container\">\n\t\t\t\t\t\t\t\t\t<div class=\"elementor-button-wrapper\">\n\t\t\t\t\t<a class=\"elementor-button elementor-button-link elementor-size-sm\" href=\"https:\/\/pim-blog.de\/home\/inhalt\/3-2-1-ein-pim-projekt\/\">\n\t\t\t\t\t\t<span class=\"elementor-button-content-wrapper\">\n\t\t\t\t\t\t<span class=\"elementor-button-icon\">\n\t\t\t\t<i aria-hidden=\"true\" class=\"fas fa-angle-double-left\"><\/i>\t\t\t<\/span>\n\t\t\t\t\t\t\t\t\t<span class=\"elementor-button-text\">Zur\u00fcck zur \u00dcbersicht<\/span>\n\t\t\t\t\t<\/span>\n\t\t\t\t\t<\/a>\n\t\t\t\t<\/div>\n\t\t\t\t\t\t\t\t<\/div>\n\t\t\t\t<\/div>\n\t\t\t\t\t<\/div>\n\t\t<\/div>\n\t\t\t\t\t<\/div>\n\t\t<\/section>\n\t\t\t\t<section class=\"elementor-section elementor-top-section elementor-element elementor-element-5ec9dad elementor-section-boxed elementor-section-height-default elementor-section-height-default wpr-particle-no wpr-jarallax-no wpr-parallax-no wpr-sticky-section-no wpr-column-slider-no wpr-equal-height-no\" data-id=\"5ec9dad\" data-element_type=\"section\" data-e-type=\"section\">\n\t\t\t\t\t\t<div class=\"elementor-container elementor-column-gap-default\">\n\t\t\t\t\t<div class=\"elementor-column elementor-col-100 elementor-top-column elementor-element elementor-element-d03dc35\" data-id=\"d03dc35\" data-element_type=\"column\" data-e-type=\"column\">\n\t\t\t<div class=\"elementor-widget-wrap elementor-element-populated\">\n\t\t\t\t\t\t<div class=\"elementor-element elementor-element-79d7477 elementor-widget elementor-widget-spacer\" data-id=\"79d7477\" data-element_type=\"widget\" data-e-type=\"widget\" data-widget_type=\"spacer.default\">\n\t\t\t\t<div class=\"elementor-widget-container\">\n\t\t\t\t\t\t\t<div class=\"elementor-spacer\">\n\t\t\t<div class=\"elementor-spacer-inner\"><\/div>\n\t\t<\/div>\n\t\t\t\t\t\t<\/div>\n\t\t\t\t<\/div>\n\t\t\t\t<div class=\"elementor-element elementor-element-2205528 wpr-promo-box-style-classic wpr-promo-box-image-position-left elementor-widget elementor-widget-wpr-promo-box\" data-id=\"2205528\" data-element_type=\"widget\" data-e-type=\"widget\" data-widget_type=\"wpr-promo-box.default\">\n\t\t\t\t<div class=\"elementor-widget-container\">\n\t\t\t\t\t\n\t\t<div class=\"wpr-promo-box wpr-animation-wrap\">\n\n\t\t\t\t\t\t\t\n\t\t\t\t\t\t\t<div class=\"wpr-promo-box-image\">\n\t\t\t\t\t<div class=\"wpr-promo-box-bg-image wpr-bg-anim-zoom-in wpr-anim-timing-ease-default\" style=\"background-image:url(https:\/\/pim-blog.de\/wp-content\/uploads\/2023\/09\/Create-a-design-with-a-slogan-Get-insights-on-Factro-Project-Management-Tool.-Sun-Yellow-back-169x300.png);\"><\/div>\n\t\t\t\t\t<div class=\"wpr-promo-box-bg-overlay wpr-border-anim-layla\"><\/div>\n\t\t\t\t<\/div>\n\t\t\t\t\t\t\n\t\t\t<div class=\"wpr-promo-box-content\">\n\n\t\t\t\t\t\t\t\t<div class=\"wpr-promo-box-icon\">\n\t\t\t\t\t\t\t\t\t<\/div>\n\t\t\t\t\n\t\t\t\t<h3 class=\"wpr-promo-box-title\"><span>Factro Projektmanagement-Software<\/span><\/h3>\n\t\t\t\t\t\t\t\t\t<div class=\"wpr-promo-box-description\">\n\t\t\t\t\t\t<p><p>M\u00f6chtest du einen Einblick in Factro gewinnen?<\/p><\/p>\t\n\t\t\t\t\t<\/div>\t\t\t\t\t\t\n\t\t\t\t\n\t\t\t\t\t\t\t\t\t<div class=\"wpr-promo-box-btn-wrap\">\n\t\t\t\t\t\t<a class=\"wpr-promo-box-btn\" href=\"https:\/\/pim-blog.de\/home\/inhalt\/produkt-demos\/factro-produktdemo\/\" target=\"_blank\">\n\n\t\t\t\t\t\t\t\t\t\t\t\t\t\t<span class=\"wpr-promo-box-btn-text\">Hier geht\u00b4s weiter<\/span>\t\t\n\t\t\t\t\t\t\t\n\t\t\t\t\t\t\t\t\t\t\t\t\t<\/a>\n\t\t\t\t\t<\/div>\t\n\t\t\t\t\t\t\t<\/div>\n\n\t\t\t\r\n\t\t\t<div class=\"wpr-promo-box-badge wpr-promo-box-badge-corner wpr-promo-box-badge-right\">\r\n\t\t\t\t<div class=\"wpr-promo-box-badge-inner\">Exklusiver Einblick<\/div>\r\n\t\t\t<\/div>\r\n\t\t\t\t<\/div>\n\n\t\t\t\t\t\t<\/div>\n\t\t\t\t<\/div>\n\t\t\t\t\t<\/div>\n\t\t<\/div>\n\t\t\t\t\t<\/div>\n\t\t<\/section>\n\t\t\t\t<\/div>\n\t\t","protected":false},"excerpt":{"rendered":"<p>Bevor man ein Projekt starten kann, muss man sich organisieren. Je komplexer ein Projekt ist, das kann sich in einer Projektlaufzeit \u00fcber mehrere Jahre ausdr\u00fccken oder durch unz\u00e4hlig viele Teilprojekte und Aufgabenpakete oder durch die Anzahl der involvierten Personengruppen, desto genauer muss ein Projekt geplant und vor allem dokumentiert werden. Und nein, das geht nicht in Excel! Ich empfehle klar den Einsatz von richtigen Projektmanagement-Tools wie Factro, Trello, Mondy.com oder Atlassian Jira. Das Wichtigste in einem komplexen Projekt ist: T R A N S P A R E N Z ! Jede(r) Projektbeteiligte muss das Projektziel kennen, die Zust\u00e4ndigkeiten, Flaschenh\u00e4lse sprich Aufgaben, die eine Projekt-Timeline bedrohen k\u00f6nnen, fr\u00fchzeitig erkennen und berichten k\u00f6nnen und auch jederzeit wissen, an wen man sich zu wenden hat, wenn etwas vom Plan abweicht.\u00a0 In manchen Unternehmen stellt sich die Frage erst gar nicht, nach welcher Methode gearbeitet, gepr\u00fcft, dokumentiert und ausgerollt wird. Aber wenn wir mal ehrlich zu uns selbst sind, einen Plan k\u00f6nnen wir erstellen, Anforderungen definieren geht auch, Budget planen bekommen die meisten hin mit einer hinzunehmenden Fehlerquote. Warum sollen wir uns f\u00fcr eine bestimmte Projektmanagement-Methode entscheiden? \u00a0 Auf den n\u00e4chsten Seiten werden wir die beiden Ans\u00e4tze agil und klassisch n\u00e4her beleuchten, um am Ende die Erkenntnis zu gewinnen, ob und wenn wann, wir eine bestimmt Methode w\u00e4hlen sollten und versuchen die Frage zu beantworten: Kann ich mich einfach so f\u00fcr eine Methode entscheiden? Oder ist es doch gar nicht so einfach, vollst\u00e4ndig agil zu arbeiten, wenn der Rest des Unternehmens so ein Mischmasch von allem und nichts aufweist? \u00dcberblick Projektmanagement-Methoden Wer sich erstmal weiter einen \u00dcberblick \u00fcber die PIM-Grundlagen verschaffen m\u00f6chte, f\u00fcr den geht es hier weiter: Weiter zur Problemstellung Zur\u00fcck zur \u00dcbersicht Factro Projektmanagement-Software M\u00f6chtest du einen Einblick in Factro gewinnen? Hier geht\u00b4s weiter Exklusiver Einblick<\/p>\n","protected":false},"author":1,"featured_media":0,"parent":192,"menu_order":1,"comment_status":"closed","ping_status":"closed","template":"","meta":{"footnotes":""},"class_list":["post-904","page","type-page","status-publish","hentry"],"aioseo_notices":[],"_links":{"self":[{"href":"https:\/\/pim-blog.de\/home\/wp-json\/wp\/v2\/pages\/904","targetHints":{"allow":["GET"]}}],"collection":[{"href":"https:\/\/pim-blog.de\/home\/wp-json\/wp\/v2\/pages"}],"about":[{"href":"https:\/\/pim-blog.de\/home\/wp-json\/wp\/v2\/types\/page"}],"author":[{"embeddable":true,"href":"https:\/\/pim-blog.de\/home\/wp-json\/wp\/v2\/users\/1"}],"replies":[{"embeddable":true,"href":"https:\/\/pim-blog.de\/home\/wp-json\/wp\/v2\/comments?post=904"}],"version-history":[{"count":77,"href":"https:\/\/pim-blog.de\/home\/wp-json\/wp\/v2\/pages\/904\/revisions"}],"predecessor-version":[{"id":3743,"href":"https:\/\/pim-blog.de\/home\/wp-json\/wp\/v2\/pages\/904\/revisions\/3743"}],"up":[{"embeddable":true,"href":"https:\/\/pim-blog.de\/home\/wp-json\/wp\/v2\/pages\/192"}],"wp:attachment":[{"href":"https:\/\/pim-blog.de\/home\/wp-json\/wp\/v2\/media?parent=904"}],"curies":[{"name":"wp","href":"https:\/\/api.w.org\/{rel}","templated":true}]}}