{"id":995,"date":"2023-09-29T14:10:54","date_gmt":"2023-09-29T14:10:54","guid":{"rendered":"https:\/\/pim-blog.de\/home\/?page_id=995"},"modified":"2024-04-18T13:35:22","modified_gmt":"2024-04-18T13:35:22","slug":"factro-produktdemo","status":"publish","type":"page","link":"https:\/\/pim-blog.de\/home\/inhalt\/produkt-demos\/projektmanagement-software-der-kompass-durch-dein-projekt\/factro-produktdemo\/","title":{"rendered":"Factro-Produktdemo"},"content":{"rendered":"\t\t<div data-elementor-type=\"wp-page\" data-elementor-id=\"995\" class=\"elementor elementor-995\">\n\t\t\t\t\t\t<section class=\"elementor-section elementor-top-section elementor-element elementor-element-43743be elementor-section-boxed elementor-section-height-default elementor-section-height-default wpr-particle-no wpr-jarallax-no wpr-parallax-no wpr-sticky-section-no wpr-equal-height-no\" data-id=\"43743be\" data-element_type=\"section\" data-e-type=\"section\">\n\t\t\t\t\t\t<div class=\"elementor-container elementor-column-gap-default\">\n\t\t\t\t\t<div class=\"elementor-column elementor-col-100 elementor-top-column elementor-element elementor-element-59d52cc\" data-id=\"59d52cc\" data-element_type=\"column\" data-e-type=\"column\">\n\t\t\t<div class=\"elementor-widget-wrap elementor-element-populated\">\n\t\t\t\t\t\t<div class=\"elementor-element elementor-element-a2f47f9 elementor-widget__width-initial elementor-widget elementor-widget-text-editor\" data-id=\"a2f47f9\" data-element_type=\"widget\" data-e-type=\"widget\" data-widget_type=\"text-editor.default\">\n\t\t\t\t<div class=\"elementor-widget-container\">\n\t\t\t\t\t\t\t\t\t<p><span style=\"text-decoration: underline;\"><strong>\u00dcber Factro<\/strong><\/span><\/p><p>Hinter der Web-Applikation &#8222;Factro&#8220; steht die Firma<strong> Schuchert Managementberatung GmbH &amp; Co. KG<\/strong><\/p><p><strong>\u00dcberblick:<\/strong> Die Schuchert Managementberatung GmbH &amp; Co. KG ist ein in Bochum ans\u00e4ssiges Unternehmen, das sich auf umfassende Managementberatungsdienstleistungen spezialisiert hat. Das Unternehmen zeichnet sich durch seine langj\u00e4hrige Erfahrung und Fachkompetenz in der Unternehmensberatung aus.<\/p><p><strong>Dienstleistungen:<\/strong> Die Kernkompetenzen von Schuchert Managementberatung umfassen strategische Beratung, Organisationsentwicklung, Prozessoptimierung und Change Management. Das Unternehmen bietet ma\u00dfgeschneiderte L\u00f6sungen, um Kunden bei der Bew\u00e4ltigung komplexer Herausforderungen und der Optimierung ihrer Gesch\u00e4ftsprozesse zu unterst\u00fctzen.<\/p><p><strong>Factro &#8211; Die Projektmanagement-Software:<\/strong> Factro ist die herausragende Projektmanagement-Software, die von Schuchert Managementberatung entwickelt wurde. Diese Software bietet eine umfassende L\u00f6sung f\u00fcr effizientes Projektmanagement, von der Planung bis zur Umsetzung. Factro zeichnet sich durch intuitive Benutzeroberfl\u00e4chen, kollaborative Funktionen und fortschrittliche Tools aus, die dazu beitragen, Projekte erfolgreich abzuschlie\u00dfen und die Teamproduktivit\u00e4t zu steigern.<\/p><p><strong>Key Features von Factro:<\/strong><\/p><ul><li><strong>Projektplanung:<\/strong> Erstellung detaillierter Projektpl\u00e4ne mit zeitlichen Abl\u00e4ufen und Ressourcenmanagement.<\/li><li><strong>Aufgabenverwaltung:<\/strong> Transparente Zuweisung, Verfolgung und Priorisierung von Aufgaben.<\/li><li><strong>Kollaboration:<\/strong> Erm\u00f6glicht die nahtlose Zusammenarbeit innerhalb von Teams, unabh\u00e4ngig von Standorten.<\/li><li><strong>Berichterstattung:<\/strong> Umfassende Analyse- und Berichterstattungsfunktionen f\u00fcr eine fundierte Entscheidungsfindung.<\/li><\/ul><p><\/p><\/div><\/div><\/div><\/div><\/div><\/section><\/div> <a href=\"https:\/\/pim-blog.de\/home\/inhalt\/produkt-demos\/projektmanagement-software-der-kompass-durch-dein-projekt\/factro-produktdemo\/#more-995\" class=\"more-link elementor-more-link\"><span aria-label=\"Factro-Produktdemo weiterlesen\">(mehr &hellip;)<\/span><\/a>","protected":false},"excerpt":{"rendered":"<p>\u00dcber Factro Hinter der Web-Applikation &#8222;Factro&#8220; steht die Firma Schuchert Managementberatung GmbH &amp; Co. KG \u00dcberblick: Die Schuchert Managementberatung GmbH &amp; Co. KG ist ein in Bochum ans\u00e4ssiges Unternehmen, das sich auf umfassende Managementberatungsdienstleistungen spezialisiert hat. Das Unternehmen zeichnet sich durch seine langj\u00e4hrige Erfahrung und Fachkompetenz in der Unternehmensberatung aus. Dienstleistungen: Die Kernkompetenzen von Schuchert Managementberatung umfassen strategische Beratung, Organisationsentwicklung, Prozessoptimierung und Change Management. Das Unternehmen bietet ma\u00dfgeschneiderte L\u00f6sungen, um Kunden bei der Bew\u00e4ltigung komplexer Herausforderungen und der Optimierung ihrer Gesch\u00e4ftsprozesse zu unterst\u00fctzen. Factro &#8211; Die Projektmanagement-Software: Factro ist die herausragende Projektmanagement-Software, die von Schuchert Managementberatung entwickelt wurde. Diese Software bietet eine umfassende L\u00f6sung f\u00fcr effizientes Projektmanagement, von der Planung bis zur Umsetzung. Factro zeichnet sich durch intuitive Benutzeroberfl\u00e4chen, kollaborative Funktionen und fortschrittliche Tools aus, die dazu beitragen, Projekte erfolgreich abzuschlie\u00dfen und die Teamproduktivit\u00e4t zu steigern. Key Features von Factro: Projektplanung: Erstellung detaillierter Projektpl\u00e4ne mit zeitlichen Abl\u00e4ufen und Ressourcenmanagement. Aufgabenverwaltung: Transparente Zuweisung, Verfolgung und Priorisierung von Aufgaben. Kollaboration: Erm\u00f6glicht die nahtlose Zusammenarbeit innerhalb von Teams, unabh\u00e4ngig von Standorten. Berichterstattung: Umfassende Analyse- und Berichterstattungsfunktionen f\u00fcr eine fundierte Entscheidungsfindung.<\/p>\n","protected":false},"author":1,"featured_media":3002,"parent":2985,"menu_order":1,"comment_status":"closed","ping_status":"closed","template":"","meta":{"footnotes":""},"class_list":["post-995","page","type-page","status-publish","has-post-thumbnail","hentry"],"aioseo_notices":[],"_links":{"self":[{"href":"https:\/\/pim-blog.de\/home\/wp-json\/wp\/v2\/pages\/995","targetHints":{"allow":["GET"]}}],"collection":[{"href":"https:\/\/pim-blog.de\/home\/wp-json\/wp\/v2\/pages"}],"about":[{"href":"https:\/\/pim-blog.de\/home\/wp-json\/wp\/v2\/types\/page"}],"author":[{"embeddable":true,"href":"https:\/\/pim-blog.de\/home\/wp-json\/wp\/v2\/users\/1"}],"replies":[{"embeddable":true,"href":"https:\/\/pim-blog.de\/home\/wp-json\/wp\/v2\/comments?post=995"}],"version-history":[{"count":22,"href":"https:\/\/pim-blog.de\/home\/wp-json\/wp\/v2\/pages\/995\/revisions"}],"predecessor-version":[{"id":2425,"href":"https:\/\/pim-blog.de\/home\/wp-json\/wp\/v2\/pages\/995\/revisions\/2425"}],"up":[{"embeddable":true,"href":"https:\/\/pim-blog.de\/home\/wp-json\/wp\/v2\/pages\/2985"}],"wp:featuredmedia":[{"embeddable":true,"href":"https:\/\/pim-blog.de\/home\/wp-json\/wp\/v2\/media\/3002"}],"wp:attachment":[{"href":"https:\/\/pim-blog.de\/home\/wp-json\/wp\/v2\/media?parent=995"}],"curies":[{"name":"wp","href":"https:\/\/api.w.org\/{rel}","templated":true}]}}